{"id":1599,"date":"2024-01-22T10:19:19","date_gmt":"2024-01-22T10:19:19","guid":{"rendered":"https:\/\/amakira.mx\/?page_id=1599"},"modified":"2025-02-05T08:48:01","modified_gmt":"2025-02-05T08:48:01","slug":"willkommen-in-der-welt-aetherischer-oele-von-doterra","status":"publish","type":"page","link":"https:\/\/amakira.de\/sv\/","title":{"rendered":"V\u00e4lkommen till en v\u00e4rld av eteriska oljor fr\u00e5n d\u014dTerra"},"content":{"rendered":"<div id=\"ez-toc-container\" class=\"ez-toc-v2_0_82_2 counter-hierarchy ez-toc-counter ez-toc-grey ez-toc-container-direction\">\n<div class=\"ez-toc-title-container\">\n<p class=\"ez-toc-title\" style=\"cursor:inherit\">Inhaltsverzeichnis<\/p>\n<span class=\"ez-toc-title-toggle\"><\/span><\/div>\n<nav><ul class='ez-toc-list ez-toc-list-level-1' ><li class='ez-toc-page-1 ez-toc-heading-level-2'><a class=\"ez-toc-link ez-toc-heading-1\" href=\"https:\/\/amakira.de\/sv\/#Fur_den_Eigenbedarf_%E2%80%A6\" >F\u00f6r personligt bruk ...<\/a><\/li><li class='ez-toc-page-1 ez-toc-heading-level-2'><a class=\"ez-toc-link ez-toc-heading-2\" href=\"https:\/\/amakira.de\/sv\/#%E2%80%A6_mit_Kunden-Vorteil_%E2%80%A6\" >... med kundf\u00f6rdelar ...<\/a><\/li><li class='ez-toc-page-1 ez-toc-heading-level-2'><a class=\"ez-toc-link ez-toc-heading-3\" href=\"https:\/\/amakira.de\/sv\/#%E2%80%A6_oder_als_Wellness-Botschafter\" >... eller som wellness-ambassad\u00f6r!<\/a><\/li><li class='ez-toc-page-1 ez-toc-heading-level-2'><a class=\"ez-toc-link ez-toc-heading-4\" href=\"https:\/\/amakira.de\/sv\/#Schnupperkurs_gefallig\" >Vill du ha en prova-p\u00e5-kurs?<\/a><\/li><li class='ez-toc-page-1 ez-toc-heading-level-2'><a class=\"ez-toc-link ez-toc-heading-5\" href=\"https:\/\/amakira.de\/sv\/#Blog-Beitrage_%E2%80%93_Atherische_Ole_im_Alltag_in_Theorie_und_Praxis\" >Blogginl\u00e4gg - Eteriska oljor i vardagen i teori och praktik<\/a><\/li><\/ul><\/nav><\/div>\n<span class=\"span-reading-time rt-reading-time\" style=\"display: block;\"><span class=\"rt-label rt-prefix\">L\u00e4stid<\/span> <span class=\"rt-time\"> 2<\/span> <span class=\"rt-label rt-postfix\">Protokoll<\/span><\/span>\n<p>De eteriska oljornas magiska v\u00e4rld upph\u00f6r aldrig att fascinera. Till exempel inneh\u00e5ller en enda droppe pepparmyntsolja de aktiva ingredienserna i 28 koppar pepparmyntste!<br>Vissa oljor m\u00e5ste destilleras omedelbart p\u00e5 plats, i f\u00e4lt, eftersom kapslarna som inneh\u00e5ller oljan skulle spricka under transporten och oljan skulle g\u00e5 f\u00f6rlorad. Varje eterisk olja \u00e4r absolut ren. Detta garanteras av \u00f6ver 50 tester, allt fr\u00e5n jordprover till batchorienterade analyser med hj\u00e4lp av gaskromatografisk masspektrometri. Dessa analyser finns tillg\u00e4ngliga online f\u00f6r alla k\u00f6pare: varje flaska har en sifferkod som kan anv\u00e4ndas f\u00f6r att f\u00e5 tillg\u00e5ng till motsvarande analys. <a href=\"https:\/\/sourcetoyou.com\/de\/\" data-type=\"link\" data-id=\"https:\/\/sourcetoyou.com\/de\/\" target=\"_blank\" rel=\"noreferrer noopener\">\u00e5tervinningsbar<\/a> \u00e4r.<br>Oljeblandningar formuleras enligt effektspecifika kriterier baserade p\u00e5 vetenskapliga, publicerade studier f\u00f6r att s\u00e4kerst\u00e4lla maximal effektivitet.<br>Om de oljekvaliteter som kr\u00e4vs inte l\u00e4ngre finns tillg\u00e4ngliga p\u00e5 grund av otillr\u00e4ckliga sk\u00f6rdar, finns de inte tillg\u00e4ngliga f\u00f6rr\u00e4n vid n\u00e4sta sk\u00f6rd. d\u014dTerra k\u00f6per inte olja p\u00e5 oljeb\u00f6rser eftersom ursprunget inte l\u00e4ngre kan sp\u00e5ras genom att blanda oljor fr\u00e5n olika producenter.<br>d\u014dTerra k\u00f6per eteriska oljor uteslutande fr\u00e5n sina egna producenter f\u00f6r att s\u00e4kerst\u00e4lla fullst\u00e4ndig sp\u00e5rbarhet av oljorna.<\/p>\n\n\n\n<p><p style=\"font-family:'Brush Script MT', cursive; font-size: 3em;\">Njut av ditt bes\u00f6k p\u00e5 min webbplats!<\/p><\/p>\n\n\n\n<p>Jag har f\u00f6rdjupat min allm\u00e4nna kunskap om aromaterapi genom distansutbildning och anv\u00e4nder den ocks\u00e5 som massage- och h\u00e4lsoterapeut, liksom i Aroma Touch<sup>\u00ae<\/sup> teknik. F\u00f6rutom olika kurser erbjuder jag ocks\u00e5 personliga onlinekonsultationer p\u00e5 45 minuter vardera.<\/p>\n\n\n\n<p>Vid v\u00e5r f\u00f6rsta kostnadsfria konsultation vill jag skapa en familj\u00e4r st\u00e4mning, presentera mig och l\u00e4ra k\u00e4nna dig och dina problem. N\u00e4r vi har etablerat en relation och en f\u00f6rtroendefull grund visar jag dig m\u00f6jliga l\u00f6sningar och vi utarbetar tillsammans en l\u00e4mplig strategi.<\/p>\n\n\n\n<p>Dessutom f\u00e5r du tillg\u00e5ng till alla dokument och allt inneh\u00e5ll som uppst\u00e5r under samarbetets g\u00e5ng s\u00e5 att du n\u00e4r som helst kan g\u00e5 tillbaka till dem och se vad som var till hj\u00e4lp f\u00f6r dig i respektive situation. Det inneb\u00e4r att du drar nytta av v\u00e5rt samarbete flera g\u00e5nger om! Sj\u00e4lvklart kan du n\u00e4r som helst boka ett nytt m\u00f6te om du beh\u00f6ver r\u00e5d och st\u00f6d.<\/p>\n\n\n\n<div class=\"wp-block-buttons alignfull is-content-justification-center is-layout-flex wp-container-core-buttons-is-layout-16018d1d wp-block-buttons-is-layout-flex\">\n<div class=\"wp-block-button has-custom-width wp-block-button__width-75 is-style-primary\"><a class=\"wp-block-button__link has-background wp-element-button\" href=\"https:\/\/amakira.de\/sv\/online-termin-buchung\/\" style=\"border-style:none;border-width:0px;border-radius:0px;background-color:#598749;padding-top:var(--wp--preset--spacing--30);padding-right:0;padding-bottom:var(--wp--preset--spacing--30);padding-left:0\" target=\"_blank\" rel=\"noreferrer noopener\">Boka tid online<\/a><\/div>\n<\/div>\n\n\n\n<div style=\"height:100px\" aria-hidden=\"true\" class=\"wp-block-spacer\"><\/div>\n\n\n\n<figure class=\"wp-block-image wp-duotone-unset-1\"><img loading=\"lazy\" decoding=\"async\" width=\"1280\" height=\"305\" src=\"https:\/\/amakira.de\/wp-content\/uploads\/2024\/01\/Banner.webp\" alt=\"\" class=\"wp-image-1617\" srcset=\"https:\/\/amakira.de\/wp-content\/uploads\/2024\/01\/Banner.webp 1280w, https:\/\/amakira.de\/wp-content\/uploads\/2024\/01\/Banner-300x71.webp 300w, https:\/\/amakira.de\/wp-content\/uploads\/2024\/01\/Banner-1024x244.webp 1024w, https:\/\/amakira.de\/wp-content\/uploads\/2024\/01\/Banner-768x183.webp 768w\" sizes=\"auto, (max-width: 1280px) 100vw, 1280px\" \/><\/figure>\n\n\n\n<div style=\"height:100px\" aria-hidden=\"true\" class=\"wp-block-spacer\"><\/div>\n\n\n\n<div class=\"wp-block-columns is-layout-flex wp-container-core-columns-is-layout-9d6595d7 wp-block-columns-is-layout-flex\">\n<div class=\"wp-block-column is-layout-flow wp-block-column-is-layout-flow\">\n<h2 class=\"wp-block-heading\"><span class=\"ez-toc-section\" id=\"Fur_den_Eigenbedarf_%E2%80%A6\"><\/span>F\u00f6r <a href=\"https:\/\/amakira.de\/sv\/fuer-den-eigenbedarf\/\" target=\"_blank\" rel=\"noreferrer noopener\">Egen anv\u00e4ndning<\/a> &#8230;<span class=\"ez-toc-section-end\"><\/span><\/h2>\n\n\n\n<figure class=\"wp-block-image size-full\"><a href=\"https:\/\/amakira.de\/sv\/fuer-den-eigenbedarf\/\" target=\"_blank\" rel=\"noreferrer noopener\"><img loading=\"lazy\" decoding=\"async\" width=\"1024\" height=\"463\" src=\"https:\/\/amakira.de\/wp-content\/uploads\/2024\/01\/Passion_1.webp\" alt=\"\" class=\"wp-image-1615\" srcset=\"https:\/\/amakira.de\/wp-content\/uploads\/2024\/01\/Passion_1.webp 1024w, https:\/\/amakira.de\/wp-content\/uploads\/2024\/01\/Passion_1-300x136.webp 300w, https:\/\/amakira.de\/wp-content\/uploads\/2024\/01\/Passion_1-768x347.webp 768w\" sizes=\"auto, (max-width: 1024px) 100vw, 1024px\" \/><\/a><\/figure>\n<\/div>\n\n\n\n<div class=\"wp-block-column is-layout-flow wp-block-column-is-layout-flow\">\n<h2 class=\"wp-block-heading\"><span class=\"ez-toc-section\" id=\"%E2%80%A6_mit_Kunden-Vorteil_%E2%80%A6\"><\/span>... med <a href=\"https:\/\/amakira.de\/sv\/mit-kunden-vorteil\/\" target=\"_blank\" rel=\"noreferrer noopener\">Kundf\u00f6rdelar<\/a> &#8230;<span class=\"ez-toc-section-end\"><\/span><\/h2>\n\n\n\n<figure class=\"wp-block-image size-full\"><a href=\"https:\/\/amakira.de\/sv\/mit-kunden-vorteil\/\" target=\"_blank\" rel=\"noreferrer noopener\"><img loading=\"lazy\" decoding=\"async\" width=\"1024\" height=\"463\" src=\"https:\/\/amakira.de\/wp-content\/uploads\/2024\/01\/Essentials_1.webp\" alt=\"\" class=\"wp-image-1614\" srcset=\"https:\/\/amakira.de\/wp-content\/uploads\/2024\/01\/Essentials_1.webp 1024w, https:\/\/amakira.de\/wp-content\/uploads\/2024\/01\/Essentials_1-300x136.webp 300w, https:\/\/amakira.de\/wp-content\/uploads\/2024\/01\/Essentials_1-768x347.webp 768w\" sizes=\"auto, (max-width: 1024px) 100vw, 1024px\" \/><\/a><\/figure>\n<\/div>\n<\/div>\n\n\n\n<div style=\"height:100px\" aria-hidden=\"true\" class=\"wp-block-spacer\"><\/div>\n\n\n\n<h2 class=\"wp-block-heading has-text-align-center\"><span class=\"ez-toc-section\" id=\"%E2%80%A6_oder_als_Wellness-Botschafter\"><\/span>... eller som <a href=\"https:\/\/amakira.de\/sv\/wellness-botschafter\/\" target=\"_blank\" rel=\"noreferrer noopener\">Ambassad\u00f6r f\u00f6r v\u00e4lbefinnande<\/a>!<span class=\"ez-toc-section-end\"><\/span><\/h2>\n\n\n\n<figure class=\"wp-block-image aligncenter size-large\"><a href=\"https:\/\/amakira.de\/sv\/wellness-botschafter\/\" target=\"_blank\" rel=\"noreferrer noopener\"><img loading=\"lazy\" decoding=\"async\" width=\"1024\" height=\"574\" src=\"https:\/\/amakira.de\/wp-content\/uploads\/2024\/01\/image-1-1024x574.png\" alt=\"\" class=\"wp-image-1610\" srcset=\"https:\/\/amakira.de\/wp-content\/uploads\/2024\/01\/image-1-1024x574.png 1024w, https:\/\/amakira.de\/wp-content\/uploads\/2024\/01\/image-1-300x168.png 300w, https:\/\/amakira.de\/wp-content\/uploads\/2024\/01\/image-1-768x431.png 768w, https:\/\/amakira.de\/wp-content\/uploads\/2024\/01\/image-1.png 1280w\" sizes=\"auto, (max-width: 1024px) 100vw, 1024px\" \/><\/a><\/figure>\n\n\n\n<div style=\"height:100px\" aria-hidden=\"true\" class=\"wp-block-spacer\"><\/div>\n\n\n\n<h2 class=\"wp-block-heading\"><span class=\"ez-toc-section\" id=\"Schnupperkurs_gefallig\"><\/span>Vill du ha en prova-p\u00e5-kurs?<span class=\"ez-toc-section-end\"><\/span><\/h2>\n\n\n\n<p>P\u00e5 <em>Telegram<\/em> och <em>WhatsApp<\/em> Jag erbjuder prova-p\u00e5-kurser varje m\u00e5nad eller s\u00e5, vilket ger en introduktion till v\u00e4rlden av eteriska oljor och m\u00f6jlighet till direkt dialog. Om du vill anm\u00e4la dig till en prova p\u00e5-kurs, v\u00e4nligen kontakta mig p\u00e5 <a href=\"mailto:info@amakira.de\" data-type=\"mailto\" data-id=\"mailto:\/\/info@amakira.de\">Kontakta oss<\/a>.<\/p>\n\n\n\n<div style=\"height:100px\" aria-hidden=\"true\" class=\"wp-block-spacer\"><\/div>\n\n\n\n<h2 class=\"wp-block-heading\"><span class=\"ez-toc-section\" id=\"Blog-Beitrage_%E2%80%93_Atherische_Ole_im_Alltag_in_Theorie_und_Praxis\"><\/span>Blogginl\u00e4gg - Eteriska oljor i vardagen i teori och praktik<span class=\"ez-toc-section-end\"><\/span><\/h2>\n\n\n\n<p><a href=\"https:\/\/amakira.de\/sv\/blogginlaegg\/\" target=\"_blank\" rel=\"noreferrer noopener\">H\u00e4r<\/a> eteriska oljor presenteras d\u00e5 och d\u00e5, deras effekter beskrivs, vetenskapliga studier och kemiska samband f\u00f6rklaras.<\/p>","protected":false},"excerpt":{"rendered":"<p><span class=\"span-reading-time rt-reading-time\" style=\"display: block;\"><span class=\"rt-label rt-prefix\">L\u00e4stid<\/span> <span class=\"rt-time\"> 2<\/span> <span class=\"rt-label rt-postfix\">Protokoll<\/span><\/span>Die zauberhafte Welt \u00e4therischer \u00d6le fasziniert immer wieder neu. So beinhaltet beispielsweise ein einziger Tropfen Pfefferminz-\u00d6l die Wirkstoffe von 28 Tassen Pfefferminz-Tee!Manche \u00d6le m\u00fcssen sogleich vor Ort, auf dem Feld, destilliert werden, weil die das \u00d6l beinhaltenden Kapseln bereits beim Transport platzen und das \u00d6l verloren ginge. Jedes \u00e4therische \u00d6l ist absolut rein. Dies garantieren&hellip;&nbsp;<a href=\"https:\/\/amakira.de\/sv\/\" class=\"\" rel=\"bookmark\">L\u00e4s mer &raquo;<span class=\"screen-reader-text\">V\u00e4lkommen till en v\u00e4rld av eteriska oljor fr\u00e5n d\u014dTerra<\/span><\/a><\/p>","protected":false},"author":1,"featured_media":0,"parent":0,"menu_order":0,"comment_status":"closed","ping_status":"closed","template":"","meta":{"_lmt_disableupdate":"no","_lmt_disable":"","neve_meta_sidebar":"","neve_meta_container":"","neve_meta_enable_content_width":"","neve_meta_content_width":0,"neve_meta_title_alignment":"","neve_meta_author_avatar":"","neve_post_elements_order":"","neve_meta_disable_header":"","neve_meta_disable_footer":"","neve_meta_disable_title":"","_themeisle_gutenberg_block_has_review":false,"footnotes":""},"class_list":["post-1599","page","type-page","status-publish","hentry"],"_links":{"self":[{"href":"https:\/\/amakira.de\/sv\/wp-json\/wp\/v2\/pages\/1599","targetHints":{"allow":["GET"]}}],"collection":[{"href":"https:\/\/amakira.de\/sv\/wp-json\/wp\/v2\/pages"}],"about":[{"href":"https:\/\/amakira.de\/sv\/wp-json\/wp\/v2\/types\/page"}],"author":[{"embeddable":true,"href":"https:\/\/amakira.de\/sv\/wp-json\/wp\/v2\/users\/1"}],"replies":[{"embeddable":true,"href":"https:\/\/amakira.de\/sv\/wp-json\/wp\/v2\/comments?post=1599"}],"version-history":[{"count":26,"href":"https:\/\/amakira.de\/sv\/wp-json\/wp\/v2\/pages\/1599\/revisions"}],"predecessor-version":[{"id":2137,"href":"https:\/\/amakira.de\/sv\/wp-json\/wp\/v2\/pages\/1599\/revisions\/2137"}],"wp:attachment":[{"href":"https:\/\/amakira.de\/sv\/wp-json\/wp\/v2\/media?parent=1599"}],"curies":[{"name":"wp","href":"https:\/\/api.w.org\/{rel}","templated":true}]}}