{"id":1406,"date":"2023-06-01T10:44:45","date_gmt":"2023-06-01T10:44:45","guid":{"rendered":"https:\/\/amakira.mx\/?page_id=1406"},"modified":"2023-10-18T13:39:09","modified_gmt":"2023-10-18T13:39:09","slug":"wellness-reflexzonen-massage-aroma-touch","status":"publish","type":"page","link":"https:\/\/amakira.de\/sv\/wellness-reflexzonen-massage-aroma-touch\/","title":{"rendered":"Wellness, zonterapi &amp; AromaTouch-massage"},"content":{"rendered":"<div id=\"ez-toc-container\" class=\"ez-toc-v2_0_82_2 counter-hierarchy ez-toc-counter ez-toc-grey ez-toc-container-direction\">\n<div class=\"ez-toc-title-container\">\n<p class=\"ez-toc-title\" style=\"cursor:inherit\">Inhaltsverzeichnis<\/p>\n<span class=\"ez-toc-title-toggle\"><\/span><\/div>\n<nav><ul class='ez-toc-list ez-toc-list-level-1' ><li class='ez-toc-page-1 ez-toc-heading-level-2'><a class=\"ez-toc-link ez-toc-heading-1\" href=\"https:\/\/amakira.de\/sv\/wellness-reflexzonen-massage-aroma-touch\/#Mein_Wellness-Angebot\" >Mein Wellness-Angebot<\/a><\/li><li class='ez-toc-page-1 ez-toc-heading-level-2'><a class=\"ez-toc-link ez-toc-heading-2\" href=\"https:\/\/amakira.de\/sv\/wellness-reflexzonen-massage-aroma-touch\/#Wellness-Massage\" >Wellness-Massage<\/a><\/li><li class='ez-toc-page-1 ez-toc-heading-level-2'><a class=\"ez-toc-link ez-toc-heading-3\" href=\"https:\/\/amakira.de\/sv\/wellness-reflexzonen-massage-aroma-touch\/#Aroma-Massage\" >Aroma-massage<\/a><\/li><li class='ez-toc-page-1 ez-toc-heading-level-2'><a class=\"ez-toc-link ez-toc-heading-4\" href=\"https:\/\/amakira.de\/sv\/wellness-reflexzonen-massage-aroma-touch\/#Fus-Reflexzonen-Massage\" >Fu\u00df-Reflexzonen-Massage<\/a><\/li><li class='ez-toc-page-1 ez-toc-heading-level-2'><a class=\"ez-toc-link ez-toc-heading-5\" href=\"https:\/\/amakira.de\/sv\/wellness-reflexzonen-massage-aroma-touch\/#AromaTouch\" >AromaTouch<\/a><\/li><\/ul><\/nav><\/div>\n<span class=\"span-reading-time rt-reading-time\" style=\"display: block;\"><span class=\"rt-label rt-prefix\">L\u00e4stid<\/span> <span class=\"rt-time\"> 3<\/span> <span class=\"rt-label rt-postfix\">Protokoll<\/span><\/span>\n<p>Nachfolgend gebe ich einen \u00dcberblick \u00fcber die von mit angebotenen Massagen, wie Wellness-, Aroma-, Reflexzonen-Massage und AromaTouch. <\/p>\n\n\n\n<p>Wellnessmassagen sind f\u00fcr Jung &amp; Alt geeignet, jedoch bei Infekten, Entz\u00fcndungen, kurz nach operativen Eingriffen (ca. 1 Woche), bei schwerwiegenden Erkranken (zum Beispiel Thrombosen oder Krebs, w\u00e4hrend einer Bestrahlung oder Chemotherapie), Schwangerschaft sollten ohne R\u00fccksprache mit dem Arzt keine Massagen durchgef\u00fchrt werden. Auch chronisch Kranke k\u00f6nnen mit Wellnessmassagen eine deutliche Verbesserung ihres Wohlbefindens erlangen. Sprechen Sie mich an, wir finden mit Sicherheit eine M\u00f6glichkeit.<\/p>\n\n\n\n<p>Wichtig: Alle meine Massagen sind KEINE medizinischen oder therapeutischen Anwendungen! <\/p>\n\n\n\n<h2 class=\"wp-block-heading\"><span class=\"ez-toc-section\" id=\"Mein_Wellness-Angebot\"><\/span>Mein Wellness-Angebot<span class=\"ez-toc-section-end\"><\/span><\/h2>\n\n\n\n<figure class=\"wp-block-image size-full\"><img loading=\"lazy\" decoding=\"async\" width=\"905\" height=\"972\" src=\"https:\/\/amakira.de\/wp-content\/uploads\/2023\/06\/image.png\" alt=\"\" class=\"wp-image-1420\" srcset=\"https:\/\/amakira.de\/wp-content\/uploads\/2023\/06\/image.png 905w, https:\/\/amakira.de\/wp-content\/uploads\/2023\/06\/image-600x644.png 600w, https:\/\/amakira.de\/wp-content\/uploads\/2023\/06\/image-279x300.png 279w, https:\/\/amakira.de\/wp-content\/uploads\/2023\/06\/image-768x825.png 768w, https:\/\/amakira.de\/wp-content\/uploads\/2023\/06\/image-251x270.png 251w\" sizes=\"auto, (max-width: 905px) 100vw, 905px\" \/><\/figure>\n\n\n\n<p>In gewohnter h\u00e4uslicher Umgebung Wellness zu erfahren ist ein Highlight, das ich biete. <\/p>\n\n\n\n<p>Es sollte Platz f\u00fcr das Aufstellen einer Massageliege von etwa 2 x 3 m gegeben, sowie ein Bade-Handtuch verf\u00fcgbar sein.<\/p>\n\n\n\n<p>Wenn Sie eine Vorliebe f\u00fcr Entspannungsmusik haben, k\u00f6nnen Sie dieser gern w\u00e4hrend der Massage  lauschen. F\u00fcr eine gem\u00fctliche Atmosph\u00e4re sorgen ggf. auch ein paar Kerzen, &#8211; ganz nach Belieben.<br><\/p>\n\n\n\n<p class=\"has-text-align-center\"><em>G\u00f6nnen Sie sich eine entspannende Auszeit inmitten aller Alltagshektik und genie\u00dfen<\/em><br><em> Sie Momente der Ruhe und Ausgeglichenheit.<\/em><\/p>\n\n\n\n<p class=\"has-text-align-center\"><em>Vereinbaren Sie gern einen Termin unter <strong>+49 152 09021830<\/strong> oder via Telegram \/ Whatsapp!<\/em><br><\/p>\n\n\n\n<p>Fairness z\u00e4hlt: Sollten Sie an einem gebuchten Termin verhindert sein, k\u00f6nnen Sie diesen bis 48 Stunden vorher kostenfrei absagen und erhalten Ihre Zahlung umgehend vollst\u00e4ndig erstattet. Bitte haben Sie Verst\u00e4ndnis, dass sp\u00e4ter abgesagte Termine nur zu 50% erstattungsf\u00e4hig sind. Nicht eingehaltene Termine m\u00fcssen hingegen voll berechnet werden.<\/p>\n\n\n\n<h2 class=\"wp-block-heading\"><span class=\"ez-toc-section\" id=\"Wellness-Massage\"><\/span>Wellness-Massage<span class=\"ez-toc-section-end\"><\/span><\/h2>\n\n\n\n<p>In der Wellnessmassage verwende ich Streichungen, Knetungen, Zirkelungen und Klopfungen. Massagen k\u00f6nnen entspannen oder aktivieren, die Durchblutung des Gewebes verbessern, sie beeinflussen die Haut, das Binde- und Fettgewebe, den ven\u00f6sen Blutstrom, den Stoffwechsel und den Lymphfluss. Jede einzelne Massage ist individuell auf die Bed\u00fcrfnisse und die Gegebenheiten des Kundens abgestimmt. Als Massage\u00f6l verwende ich Mandel\u00f6l ohne Zusatzstoffe, auf Wunsch kann auch Sesam\u00f6l verwendet werden oder ein anderes passendes \u00d6l. Sprechen Sie mich an, wir finden mit Sicherheit das passende \u00d6l f\u00fcr Sie. <\/p>\n\n\n\n<h2 class=\"wp-block-heading\"><span class=\"ez-toc-section\" id=\"Aroma-Massage\"><\/span>Aroma-massage<span class=\"ez-toc-section-end\"><\/span><\/h2>\n\n\n\n<p>Intensiver und noch individueller kann eine Massage mit \u00e4therischen \u00d6len gestaltet werden. Angenehme D\u00fcfte entspannen und unterst\u00fctzen nicht nur den K\u00f6rper, sondern auch den Geist und die Seele. Innerhalb weniger Sekunden wirkt der Duft im Lymbischen System, nach wenigen Minuten sind die Molek\u00fchle in der Blutbahn und bereits nach 20 Minuten in jeder Zelle zu finden. <br>Um ihr Wohlbefinden zu steigern, verwenden wir nur 100% naturreine \u00e4therische \u00d6le. Bl\u00fcten, Bl\u00e4tter, Zweige, Fr\u00fcchte, Rinde oder Wurzeln liefern diese kostbaren Essenzen. <br>Mehr hierzu erfahren Sie <a href=\"https:\/\/amakira.de\/sv\/2023\/03\/03\/aroma-massage\/\" target=\"_blank\" rel=\"noreferrer noopener\">hier<\/a>.<\/p>\n\n\n\n<h2 class=\"wp-block-heading\"><span class=\"ez-toc-section\" id=\"Fus-Reflexzonen-Massage\"><\/span>Fu\u00df-Reflexzonen-Massage<span class=\"ez-toc-section-end\"><\/span><\/h2>\n\n\n\n<p>Die Massage wird &#8222;nur&#8220; lokal an den F\u00fc\u00dfen angewendet, hat jedoch einen ma\u00dfgeblichen Einfluss auf den gesamten K\u00f6rper! Die F\u00fc\u00dfe sind die am st\u00e4rksten belasteten Teile unsers K\u00f6rpers. F\u00fcr viele ist eine Wohltat Gelenke, Sehnen und B\u00e4nder massieren zu lassen. Gewusst? F\u00fc\u00dfe bestehen aus 26 Einzelknochen, fast 30 Gelenken, 32 Muskeln und aus einer Vielzahl von B\u00e4ndern.<\/p>\n\n\n\n<p>Eine Fu\u00dfmassage steigert das Wohlbefinden, die innere Ruhe und f\u00fchrt zur Entspannung. <br>Sie reduziert die Stress-Symtomatik, steigert die Durchblutung lokal im Bereich der F\u00fc\u00dfe und Beine, aber auch in den Organen.<\/p>\n\n\n\n<h2 class=\"wp-block-heading\"><span class=\"ez-toc-section\" id=\"AromaTouch\"><\/span>AromaTouch<span class=\"ez-toc-section-end\"><\/span><\/h2>\n\n\n\n<p>Die Aroma-Touch-Massage ist keine Massage im herk\u00f6mmlichen Sinne, sondern eine Streichung \u00fcber f\u00fcnf Meridiane am R\u00fccken und teilweise auf den Fu\u00dfsohlen. Meridiane sind vielen aus der traditionellen chinesischen Medizin (TCM) vertraut. <br>8 verschiedene \u00e4therische \u00d6le bzw. \u00d6lmischungen finden \u00fcber 60 Minuten lang Anwendung. Die AromaTouch Methode wirkt positiv auf das vizserale, endokrine und neurologische K\u00f6rpersystem.<br>Dr. David Hill, ein f\u00fchrender Experte in der Anwendung \u00e4therischer \u00d6le f\u00fcr die Gesundheit, hat die AromaTouch-Methode mit Hilfe seiner medizinischen Ausbildung, seiner Erfahrung mit der Anwendung \u00e4therischer \u00d6le an sich selbst sowie an Patienten und auch mit seinem Wissen \u00fcber \u00e4therische \u00d6le entwickelt. <\/p>","protected":false},"excerpt":{"rendered":"<p><span class=\"span-reading-time rt-reading-time\" style=\"display: block;\"><span class=\"rt-label rt-prefix\">L\u00e4stid<\/span> <span class=\"rt-time\"> 3<\/span> <span class=\"rt-label rt-postfix\">Protokoll<\/span><\/span>Nachfolgend gebe ich einen \u00dcberblick \u00fcber die von mit angebotenen Massagen, wie Wellness-, Aroma-, Reflexzonen-Massage und AromaTouch. Wellnessmassagen sind f\u00fcr Jung &amp; Alt geeignet, jedoch bei Infekten, Entz\u00fcndungen, kurz nach operativen Eingriffen (ca. 1 Woche), bei schwerwiegenden Erkranken (zum Beispiel Thrombosen oder Krebs, w\u00e4hrend einer Bestrahlung oder Chemotherapie), Schwangerschaft sollten ohne R\u00fccksprache mit dem Arzt&hellip;&nbsp;<a href=\"https:\/\/amakira.de\/sv\/wellness-reflexzonen-massage-aroma-touch\/\" class=\"\" rel=\"bookmark\">L\u00e4s mer &raquo;<span class=\"screen-reader-text\">Wellness, zonterapi &amp; AromaTouch-massage<\/span><\/a><\/p>","protected":false},"author":2,"featured_media":0,"parent":0,"menu_order":0,"comment_status":"closed","ping_status":"closed","template":"","meta":{"_lmt_disableupdate":"","_lmt_disable":"","neve_meta_sidebar":"","neve_meta_container":"","neve_meta_enable_content_width":"","neve_meta_content_width":0,"neve_meta_title_alignment":"","neve_meta_author_avatar":"","neve_post_elements_order":"","neve_meta_disable_header":"","neve_meta_disable_footer":"","neve_meta_disable_title":"","_themeisle_gutenberg_block_has_review":false,"footnotes":""},"class_list":["post-1406","page","type-page","status-publish","hentry"],"_links":{"self":[{"href":"https:\/\/amakira.de\/sv\/wp-json\/wp\/v2\/pages\/1406","targetHints":{"allow":["GET"]}}],"collection":[{"href":"https:\/\/amakira.de\/sv\/wp-json\/wp\/v2\/pages"}],"about":[{"href":"https:\/\/amakira.de\/sv\/wp-json\/wp\/v2\/types\/page"}],"author":[{"embeddable":true,"href":"https:\/\/amakira.de\/sv\/wp-json\/wp\/v2\/users\/2"}],"replies":[{"embeddable":true,"href":"https:\/\/amakira.de\/sv\/wp-json\/wp\/v2\/comments?post=1406"}],"version-history":[{"count":11,"href":"https:\/\/amakira.de\/sv\/wp-json\/wp\/v2\/pages\/1406\/revisions"}],"predecessor-version":[{"id":1431,"href":"https:\/\/amakira.de\/sv\/wp-json\/wp\/v2\/pages\/1406\/revisions\/1431"}],"wp:attachment":[{"href":"https:\/\/amakira.de\/sv\/wp-json\/wp\/v2\/media?parent=1406"}],"curies":[{"name":"wp","href":"https:\/\/api.w.org\/{rel}","templated":true}]}}