{"id":138,"date":"2023-02-01T13:14:33","date_gmt":"2023-02-01T13:14:33","guid":{"rendered":"https:\/\/amakira.mx\/?page_id=138"},"modified":"2024-04-25T14:04:53","modified_gmt":"2024-04-25T14:04:53","slug":"ueber-mich","status":"publish","type":"page","link":"https:\/\/amakira.de\/sv\/ueber-mich\/","title":{"rendered":"Om mig"},"content":{"rendered":"<span class=\"span-reading-time rt-reading-time\" style=\"display: block;\"><span class=\"rt-label rt-prefix\">L\u00e4stid<\/span> <span class=\"rt-time\"> 2<\/span> <span class=\"rt-label rt-postfix\">Protokoll<\/span><\/span>\n<p>Herzlich willkommen auf meiner Webseite!<\/p>\n\n\n\n<p>Mein Name ist Astrid G\u00f6rner.<\/p>\n\n\n\n<p>Die \u00e4therischen \u00d6le habe ich im Herbst 2021 f\u00fcr mich und meine Lieben entdeckt. Ich war beeindruckt, was diese kleinen Tropfen bei mir, meinem Partner und auch unseren Hunden bewirken k\u00f6nnen.&nbsp;<\/p>\n\n\n\n<p>Kr\u00e4uter, \u00d6le, Massage waren Themen, die mich in einer sehr schweren Zeit begleitet und mich gest\u00e4rkt haben. Begierig sammelte ich Wissen, startete \u00e4u\u00dferst motiviert im Sommer 2022 einen Fernlehrgang zur Aromatherapie, den ich im Januar 2023 erfolgreich abschloss.<\/p>\n\n\n\n<p>Parallel besuchte ich einen Kurs zur Wellness- &amp; Massage-Therapeutin, den ich zuvor im August ebenso erfolgreich beendete. Denn die Aroma-Massage stellt wiederum die erg\u00e4nzende Verbindung zur Aroma-Therapie her.<\/p>\n\n\n\n<p>Schnell sprang meine Begeisterung auf liebe Freunden und Bekannten \u00fcber. Ratsuchenden konnte ich mit den \u00e4therischen \u00d6len, auch in Verbindung mit Mazeraten und Hydrolaten, Hilfestellung, u.a. bei Stress, wie auch pr\u00e4ventive Unterst\u00fctzung bei k\u00f6rperlichen und\/oder chronischen Beschwerden bieten.&nbsp;<\/p>\n\n\n\n<p>Ich freue mich, wenn ich auch f\u00fcr Dich und Deine Lieben mehr Wohlbefinden in Dein Heim bringen darf.&nbsp;<\/p>\n\n\n\n<p>Liebe Gr\u00fc\u00dfe \ud83d\ude42<\/p>\n\n\n\n<figure class=\"wp-block-image size-full\"><img loading=\"lazy\" decoding=\"async\" width=\"91\" height=\"58\" src=\"https:\/\/amakira.de\/wp-content\/uploads\/2023\/02\/signature_first.jpg\" alt=\"\" class=\"wp-image-149\"\/><\/figure>\n\n\n\n<p><\/p>\n\n\n\n<p><\/p>\n\n\n\n<p><\/p>\n\n\n\n<p id=\"Kontaktformular\">Wer mich kontaktieren m\u00f6chte, kann dies gern per <a href=\"mailto:\/\/info@amakira.de\">Mail<\/a> oder \u00fcber das Kontaktformular:<\/p>\n\n\n\n<div class=\"wpcf7 no-js\" id=\"wpcf7-f2101-o1\" lang=\"de-DE\" dir=\"ltr\" data-wpcf7-id=\"2101\">\n<div class=\"screen-reader-response\"><p role=\"status\" aria-live=\"polite\" aria-atomic=\"true\"><\/p> <ul><\/ul><\/div>\n<form action=\"\/sv\/wp-json\/wp\/v2\/pages\/138#wpcf7-f2101-o1\" method=\"post\" class=\"wpcf7-form init\" aria-label=\"Kontaktformular\" novalidate=\"novalidate\" data-status=\"init\" data-trp-original-action=\"\/sv\/wp-json\/wp\/v2\/pages\/138#wpcf7-f2101-o1\">\n<div style=\"display: none;\">\n<input type=\"hidden\" name=\"_wpcf7\" value=\"2101\" \/>\n<input type=\"hidden\" name=\"_wpcf7_version\" value=\"6.0.6\" \/>\n<input type=\"hidden\" name=\"_wpcf7_locale\" value=\"de_DE\" \/>\n<input type=\"hidden\" name=\"_wpcf7_unit_tag\" value=\"wpcf7-f2101-o1\" \/>\n<input type=\"hidden\" name=\"_wpcf7_container_post\" value=\"0\" \/>\n<input type=\"hidden\" name=\"_wpcf7_posted_data_hash\" value=\"\" \/>\n<\/div>\n<p><label> Name, Vorname<br \/>\n<span class=\"wpcf7-form-control-wrap\" data-name=\"your-name\"><input size=\"40\" maxlength=\"400\" class=\"wpcf7-form-control wpcf7-text wpcf7-validates-as-required\" autocomplete=\"name\" aria-required=\"true\" aria-invalid=\"false\" value=\"\" type=\"text\" name=\"your-name\" \/><\/span> <\/label>\n<\/p>\n<p><label> E-Mail-Adresse<br \/>\n<span class=\"wpcf7-form-control-wrap\" data-name=\"your-email\"><input size=\"40\" maxlength=\"400\" class=\"wpcf7-form-control wpcf7-email wpcf7-validates-as-required wpcf7-text wpcf7-validates-as-email\" autocomplete=\"email\" aria-required=\"true\" aria-invalid=\"false\" value=\"\" type=\"email\" name=\"your-email\" \/><\/span> <\/label>\n<\/p>\n<p><label> Telefon \/ Mobil-Rufnummer<br \/>\n<span class=\"wpcf7-form-control-wrap\" data-name=\"your-tel\"><input size=\"40\" maxlength=\"400\" class=\"wpcf7-form-control wpcf7-tel wpcf7-text wpcf7-validates-as-tel\" aria-invalid=\"false\" value=\"\" type=\"tel\" name=\"your-tel\" \/><\/span> <\/label>\n<\/p>\n<p><label> Betreff<br \/>\n<span class=\"wpcf7-form-control-wrap\" data-name=\"your-subject\"><input size=\"40\" maxlength=\"400\" class=\"wpcf7-form-control wpcf7-text wpcf7-validates-as-required\" aria-required=\"true\" aria-invalid=\"false\" value=\"\" type=\"text\" name=\"your-subject\" \/><\/span> <\/label>\n<\/p>\n<p><label> Ihre Nachricht<br \/>\n<span class=\"wpcf7-form-control-wrap\" data-name=\"your-message\"><textarea cols=\"40\" rows=\"10\" maxlength=\"2000\" class=\"wpcf7-form-control wpcf7-textarea\" aria-invalid=\"false\" name=\"your-message\"><\/textarea><\/span> <\/label>\n<\/p>\n<p><span class=\"wpcf7-form-control-wrap\" data-name=\"your-consent\"><span class=\"wpcf7-form-control wpcf7-acceptance\"><span class=\"wpcf7-list-item\"><label><input type=\"checkbox\" name=\"your-consent\" value=\"1\" aria-invalid=\"false\" \/><span class=\"wpcf7-list-item-label\">Ich stimme der Speicherung und Verarbeitung meiner Daten im Rahmen der DSGVO in der g\u00fcltigen Fassung zu.<\/span><\/label><\/span><\/span><\/span>\n<\/p>\n<p><input class=\"wpcf7-form-control wpcf7-submit has-spinner\" type=\"submit\" value=\"Senden\" \/>\n<\/p><div class=\"wpcf7-response-output\" aria-hidden=\"true\"><\/div>\n<input type=\"hidden\" name=\"trp-form-language\" value=\"sv\"\/><\/form>\n<\/div>\n\n\n\n\n<p><\/p>","protected":false},"excerpt":{"rendered":"<p><span class=\"span-reading-time rt-reading-time\" style=\"display: block;\"><span class=\"rt-label rt-prefix\">L\u00e4stid<\/span> <span class=\"rt-time\"> 2<\/span> <span class=\"rt-label rt-postfix\">Protokoll<\/span><\/span>Herzlich willkommen auf meiner Webseite! Mein Name ist Astrid G\u00f6rner. Die \u00e4therischen \u00d6le habe ich im Herbst 2021 f\u00fcr mich und meine Lieben entdeckt. Ich war beeindruckt, was diese kleinen Tropfen bei mir, meinem Partner und auch unseren Hunden bewirken k\u00f6nnen.&nbsp; Kr\u00e4uter, \u00d6le, Massage waren Themen, die mich in einer sehr schweren Zeit begleitet und&hellip;&nbsp;<a href=\"https:\/\/amakira.de\/sv\/ueber-mich\/\" class=\"\" rel=\"bookmark\">L\u00e4s mer &raquo;<span class=\"screen-reader-text\">Om mig<\/span><\/a><\/p>","protected":false},"author":2,"featured_media":0,"parent":0,"menu_order":0,"comment_status":"closed","ping_status":"closed","template":"","meta":{"_lmt_disableupdate":"","_lmt_disable":"","neve_meta_sidebar":"","neve_meta_container":"","neve_meta_enable_content_width":"","neve_meta_content_width":0,"neve_meta_title_alignment":"","neve_meta_author_avatar":"","neve_post_elements_order":"","neve_meta_disable_header":"","neve_meta_disable_footer":"","neve_meta_disable_title":"","_themeisle_gutenberg_block_has_review":false,"footnotes":""},"class_list":["post-138","page","type-page","status-publish","hentry"],"_links":{"self":[{"href":"https:\/\/amakira.de\/sv\/wp-json\/wp\/v2\/pages\/138","targetHints":{"allow":["GET"]}}],"collection":[{"href":"https:\/\/amakira.de\/sv\/wp-json\/wp\/v2\/pages"}],"about":[{"href":"https:\/\/amakira.de\/sv\/wp-json\/wp\/v2\/types\/page"}],"author":[{"embeddable":true,"href":"https:\/\/amakira.de\/sv\/wp-json\/wp\/v2\/users\/2"}],"replies":[{"embeddable":true,"href":"https:\/\/amakira.de\/sv\/wp-json\/wp\/v2\/comments?post=138"}],"version-history":[{"count":19,"href":"https:\/\/amakira.de\/sv\/wp-json\/wp\/v2\/pages\/138\/revisions"}],"predecessor-version":[{"id":2107,"href":"https:\/\/amakira.de\/sv\/wp-json\/wp\/v2\/pages\/138\/revisions\/2107"}],"wp:attachment":[{"href":"https:\/\/amakira.de\/sv\/wp-json\/wp\/v2\/media?parent=138"}],"curies":[{"name":"wp","href":"https:\/\/api.w.org\/{rel}","templated":true}]}}