{"id":1635,"date":"2024-01-22T16:00:20","date_gmt":"2024-01-22T16:00:20","guid":{"rendered":"https:\/\/amakira.mx\/?page_id=1635"},"modified":"2024-01-22T19:22:38","modified_gmt":"2024-01-22T19:22:38","slug":"mit-kunden-vorteil","status":"publish","type":"page","link":"https:\/\/amakira.de\/pt\/mit-kunden-vorteil\/","title":{"rendered":"... com vantagem para o cliente"},"content":{"rendered":"<span class=\"span-reading-time rt-reading-time\" style=\"display: block;\"><span class=\"rt-label rt-prefix\">Tempo de leitura<\/span> <span class=\"rt-time\"> 2<\/span> <span class=\"rt-label rt-postfix\">minutos<\/span><\/span>\n<p>Mit Kunden-Vorteil zum Vorteils-Kunden!<\/p>\n\n\n\n<figure class=\"wp-block-image aligncenter size-full\"><img loading=\"lazy\" decoding=\"async\" width=\"1024\" height=\"463\" src=\"https:\/\/amakira.de\/wp-content\/uploads\/2024\/01\/Essentials_1.webp\" alt=\"\" class=\"wp-image-1614\" srcset=\"https:\/\/amakira.de\/wp-content\/uploads\/2024\/01\/Essentials_1.webp 1024w, https:\/\/amakira.de\/wp-content\/uploads\/2024\/01\/Essentials_1-300x136.webp 300w, https:\/\/amakira.de\/wp-content\/uploads\/2024\/01\/Essentials_1-768x347.webp 768w\" sizes=\"auto, (max-width: 1024px) 100vw, 1024px\" \/><\/figure>\n\n\n\n<div style=\"height:100px\" aria-hidden=\"true\" class=\"wp-block-spacer\"><\/div>\n\n\n\n<h2 class=\"wp-block-heading\">&#8230; von 25 % bestellen &#8211; als Vorteilskunde &#8230;<\/h2>\n\n\n\n<p>&#8230; ist es ratsam mit einem Set, wie der gro\u00dfen Hausapotheke zu starten. Warum? Weil damit ein beachtlicher Preisvorteil verbunden ist, denn das Set beinhaltet nicht, wie die Kleine Hausapotheke nur 5 ml Fl\u00e4schchen, sondern 15 ml, sowie einen Diffuser zum Vernebeln der \u00e4therischen \u00d6le.<\/p>\n\n\n\n<p>Fazit: Man erh\u00e4lt f\u00fcr etwa den doppelten Preis die dreifach Menge \u00d6le plus den Diffuser!<\/p>\n\n\n\n<div style=\"height:100px\" aria-hidden=\"true\" class=\"wp-block-spacer\"><\/div>\n\n\n\n<div class=\"wp-block-columns is-layout-flex wp-container-core-columns-is-layout-9d6595d7 wp-block-columns-is-layout-flex\">\n<div class=\"wp-block-column is-layout-flow wp-block-column-is-layout-flow\">\n<h2 class=\"wp-block-heading has-text-align-center\">&#8230; OHNE Kit<\/h2>\n\n\n\n<h4 class=\"wp-block-heading has-text-align-center\">Jahresgeb\u00fchr 23,75 Euro<\/h4>\n<\/div>\n\n\n\n<div class=\"wp-block-column is-layout-flow wp-block-column-is-layout-flow\">\n<h2 class=\"wp-block-heading has-text-align-center\">&#8230; MIT Kit<\/h2>\n\n\n\n<h4 class=\"wp-block-heading has-text-align-center\">Jahresgeb\u00fchr 0,00 Euro<\/h4>\n<\/div>\n<\/div>\n\n\n\n<h4 class=\"wp-block-heading has-text-align-center\"> 25 % Rabatt auf alle Produkte<\/h4>\n\n\n\n<h4 class=\"wp-block-heading has-text-align-center\">KEINE Mindestbestell-Pflicht<\/h4>\n\n\n\n<div class=\"wp-block-columns is-layout-flex wp-container-core-columns-is-layout-9d6595d7 wp-block-columns-is-layout-flex\">\n<div class=\"wp-block-column is-layout-flow wp-block-column-is-layout-flow\">\n<h4 class=\"wp-block-heading has-text-align-center\"><\/h4>\n<\/div>\n\n\n\n<div class=\"wp-block-column is-layout-flow wp-block-column-is-layout-flow\">\n<h4 class=\"wp-block-heading has-text-align-center\">Nachlass je \u00d6l im Kit 20 %<\/h4>\n<\/div>\n<\/div>\n\n\n\n<div style=\"height:100px\" aria-hidden=\"true\" class=\"wp-block-spacer\"><\/div>\n\n\n\n<p>Mit Klick auf nachfolgenden Button wird zum doTerra-Warenkorb weitergeleitet. Er beinhaltet bereits die Gro\u00dfe Hausapotheke, das sog. <em>Home Essential-Kit.<\/em><br>Der Warenkorb kann beliebig bearbeitet, Produkte gel\u00f6scht und hinzugef\u00fcgt werden.<\/p>\n\n\n\n<p>Wenn der Warenkorb die gew\u00fcnschten Produkte beinhaltet, werden mit Klick auf den Button <em>Weiter<\/em> die Adressdaten erfasst. Die Zahlungsart ist stets Vorkasse (z.B. via PayPal).<br>Der Versand erfolgt sofort nach Zahlungseingang. Eine Benachrichtigungs-Mail informiert \u00fcber den Paket-Versand, inklusive eines Links zur Sendungsverfolgung.<\/p>\n\n\n\n<p>Nach Anmeldung als Vorteilskunde stehen diese Service-Leistungen zur Verf\u00fcgung:<\/p>\n\n\n\n<ul class=\"wp-block-list\">\n<li><strong>Austauschgruppen auf Telegram<\/strong><\/li>\n\n\n\n<li><strong><em>Rezepte-Gruppe<\/em> mit Infos und Rezepten zu den \u00d6len<\/strong><\/li>\n\n\n\n<li><em><strong>Erfahrungsberichte-Gruppe<\/strong><\/em><\/li>\n\n\n\n<li><em><strong>Themen-Gruppen<\/strong><\/em> (Schwangere- und Stillende oder Babygruppe (Mami-Gruppe) Tiergruppe,\u2026)<\/li>\n\n\n\n<li><strong>kostenlose <em>Abnehm-Challenges<\/em><\/strong><\/li>\n\n\n\n<li><strong>kostenlose *Detox- &amp; Schilddr\u00fcsen-Kur<\/strong><\/li>\n\n\n\n<li><strong>gemeinsame <em>Putzwoche<\/em> mit tollen DIYs<\/strong><\/li>\n\n\n\n<li><strong>kostenlose <em>Schulungen und Vortr\u00e4ge<\/em> zu diversen Themen (gesunde Haut, volles Haar, Beauty, Lip\u00f6dem, Heuschnupfen, \u2026)<\/strong><\/li>\n\n\n\n<li><strong>pers\u00f6nliche Beratung &amp; Betreuung durch mich und das gesamte Team<\/strong><\/li>\n\n\n\n<li><strong><em>Businessm\u00f6glichkeit<\/em> in unserem Team mit einzigartigen Support und Einstiegshilfen.<\/strong><\/li>\n<\/ul>\n\n\n\n<div class=\"wp-block-buttons alignwide is-content-justification-center is-layout-flex wp-container-core-buttons-is-layout-16018d1d wp-block-buttons-is-layout-flex\">\n<div class=\"wp-block-button has-custom-width wp-block-button__width-75 has-custom-font-size has-large-font-size\"><a class=\"wp-block-button__link has-nv-dark-bg-color has-text-color has-background has-link-color wp-element-button\" href=\"https:\/\/doterra.me\/jMmpC3\" style=\"background-color:#26fe00;padding-top:0;padding-bottom:0\" target=\"_blank\" rel=\"noreferrer noopener\">JA &#8211; Ich will Vorteils-Kunde werden!<\/a><\/div>\n<\/div>\n\n\n\n<div style=\"height:100px\" aria-hidden=\"true\" class=\"wp-block-spacer\"><\/div>\n\n\n\n<h2 class=\"wp-block-heading\">&#8230; und Treuekunde werden &#8211; mit weiteren Vorteilen!<\/h2>\n\n\n\n<ul class=\"wp-block-list\">\n<li>Als Treuekunde werden <strong>10 .. 30 % R\u00fcckerstattung<\/strong> von Punkten (PV &#8211; ProduktVolumen) gew\u00e4hrt.<br>Damit k\u00f6nnen z.B. die eigenen Produkte kostenlos erworben werden.<\/li>\n\n\n\n<li><strong>R\u00fcckerstattung der Versandkosten<\/strong> in Punkten<\/li>\n\n\n\n<li>Manche <strong>Produkte oder Kits<\/strong> sind <strong>exklusiv<\/strong> <strong>Treuekunden<\/strong> vorbehalten.<\/li>\n<\/ul>","protected":false},"excerpt":{"rendered":"<p><span class=\"span-reading-time rt-reading-time\" style=\"display: block;\"><span class=\"rt-label rt-prefix\">Tempo de leitura<\/span> <span class=\"rt-time\"> 2<\/span> <span class=\"rt-label rt-postfix\">minutos<\/span><\/span>Mit Kunden-Vorteil zum Vorteils-Kunden! &#8230; von 25 % bestellen &#8211; als Vorteilskunde &#8230; &#8230; ist es ratsam mit einem Set, wie der gro\u00dfen Hausapotheke zu starten. Warum? Weil damit ein beachtlicher Preisvorteil verbunden ist, denn das Set beinhaltet nicht, wie die Kleine Hausapotheke nur 5 ml Fl\u00e4schchen, sondern 15 ml, sowie einen Diffuser zum Vernebeln&hellip;&nbsp;<a href=\"https:\/\/amakira.de\/pt\/mit-kunden-vorteil\/\" class=\"\" rel=\"bookmark\">Ler mais &raquo;<span class=\"screen-reader-text\">... com vantagem para o cliente<\/span><\/a><\/p>","protected":false},"author":1,"featured_media":0,"parent":0,"menu_order":0,"comment_status":"closed","ping_status":"closed","template":"","meta":{"_lmt_disableupdate":"no","_lmt_disable":"","neve_meta_sidebar":"","neve_meta_container":"","neve_meta_enable_content_width":"","neve_meta_content_width":0,"neve_meta_title_alignment":"","neve_meta_author_avatar":"","neve_post_elements_order":"","neve_meta_disable_header":"","neve_meta_disable_footer":"","neve_meta_disable_title":"","_themeisle_gutenberg_block_has_review":false,"footnotes":""},"class_list":["post-1635","page","type-page","status-publish","hentry"],"_links":{"self":[{"href":"https:\/\/amakira.de\/pt\/wp-json\/wp\/v2\/pages\/1635","targetHints":{"allow":["GET"]}}],"collection":[{"href":"https:\/\/amakira.de\/pt\/wp-json\/wp\/v2\/pages"}],"about":[{"href":"https:\/\/amakira.de\/pt\/wp-json\/wp\/v2\/types\/page"}],"author":[{"embeddable":true,"href":"https:\/\/amakira.de\/pt\/wp-json\/wp\/v2\/users\/1"}],"replies":[{"embeddable":true,"href":"https:\/\/amakira.de\/pt\/wp-json\/wp\/v2\/comments?post=1635"}],"version-history":[{"count":20,"href":"https:\/\/amakira.de\/pt\/wp-json\/wp\/v2\/pages\/1635\/revisions"}],"predecessor-version":[{"id":1689,"href":"https:\/\/amakira.de\/pt\/wp-json\/wp\/v2\/pages\/1635\/revisions\/1689"}],"wp:attachment":[{"href":"https:\/\/amakira.de\/pt\/wp-json\/wp\/v2\/media?parent=1635"}],"curies":[{"name":"wp","href":"https:\/\/api.w.org\/{rel}","templated":true}]}}