{"id":1599,"date":"2024-01-22T10:19:19","date_gmt":"2024-01-22T10:19:19","guid":{"rendered":"https:\/\/amakira.mx\/?page_id=1599"},"modified":"2025-02-05T08:48:01","modified_gmt":"2025-02-05T08:48:01","slug":"willkommen-in-der-welt-aetherischer-oele-von-doterra","status":"publish","type":"page","link":"https:\/\/amakira.de\/nl\/","title":{"rendered":"Welkom in de wereld van essenti\u00eble oli\u00ebn van d\u014dTerra"},"content":{"rendered":"<div id=\"ez-toc-container\" class=\"ez-toc-v2_0_82_2 counter-hierarchy ez-toc-counter ez-toc-grey ez-toc-container-direction\">\n<div class=\"ez-toc-title-container\">\n<p class=\"ez-toc-title\" style=\"cursor:inherit\">Inhaltsverzeichnis<\/p>\n<span class=\"ez-toc-title-toggle\"><\/span><\/div>\n<nav><ul class='ez-toc-list ez-toc-list-level-1' ><li class='ez-toc-page-1 ez-toc-heading-level-2'><a class=\"ez-toc-link ez-toc-heading-1\" href=\"https:\/\/amakira.de\/nl\/#Fur_den_Eigenbedarf_%E2%80%A6\" >Voor persoonlijk gebruik ...<\/a><\/li><li class='ez-toc-page-1 ez-toc-heading-level-2'><a class=\"ez-toc-link ez-toc-heading-2\" href=\"https:\/\/amakira.de\/nl\/#%E2%80%A6_mit_Kunden-Vorteil_%E2%80%A6\" >... met voordeel voor de klant ...<\/a><\/li><li class='ez-toc-page-1 ez-toc-heading-level-2'><a class=\"ez-toc-link ez-toc-heading-3\" href=\"https:\/\/amakira.de\/nl\/#%E2%80%A6_oder_als_Wellness-Botschafter\" >... of als wellness-ambassadeur!<\/a><\/li><li class='ez-toc-page-1 ez-toc-heading-level-2'><a class=\"ez-toc-link ez-toc-heading-4\" href=\"https:\/\/amakira.de\/nl\/#Schnupperkurs_gefallig\" >Zin in een proefcursus?<\/a><\/li><li class='ez-toc-page-1 ez-toc-heading-level-2'><a class=\"ez-toc-link ez-toc-heading-5\" href=\"https:\/\/amakira.de\/nl\/#Blog-Beitrage_%E2%80%93_Atherische_Ole_im_Alltag_in_Theorie_und_Praxis\" >Blog posts - Etherische oli\u00ebn in het dagelijks leven in theorie en praktijk<\/a><\/li><\/ul><\/nav><\/div>\n<span class=\"span-reading-time rt-reading-time\" style=\"display: block;\"><span class=\"rt-label rt-prefix\">Leestijd<\/span> <span class=\"rt-time\"> 2<\/span> <span class=\"rt-label rt-postfix\">minuten<\/span><\/span>\n<p>De magische wereld van essenti\u00eble oli\u00ebn blijft fascineren. E\u00e9n enkele druppel pepermuntolie bevat bijvoorbeeld de actieve ingredi\u00ebnten van 28 kopjes pepermuntthee!<br>Sommige oli\u00ebn moeten onmiddellijk ter plekke, in het veld, gedistilleerd worden, omdat de capsules die de olie bevatten tijdens het transport zouden barsten en de olie dan verloren zou gaan. Elke etherische olie is absoluut zuiver. Dit wordt gegarandeerd door meer dan 50 tests, vari\u00ebrend van bodemmonsters tot batchgeori\u00ebnteerde analyses met gaschromatografische massaspectrometrie. Deze analyses zijn voor elke koper online beschikbaar: elk flesje heeft een cijfercode waarmee de bijbehorende analyse kan worden opgevraagd. <a href=\"https:\/\/sourcetoyou.com\/de\/\" data-type=\"link\" data-id=\"https:\/\/sourcetoyou.com\/de\/\" target=\"_blank\" rel=\"noreferrer noopener\">opvraagbaar<\/a> is.<br>Oliemengsels worden samengesteld volgens effect-specifieke criteria die gebaseerd zijn op wetenschappelijke, gepubliceerde onderzoeken om maximale effectiviteit te garanderen.<br>Als de vereiste oliekwaliteiten niet meer beschikbaar zijn door een gebrek aan voldoende oogsten, zijn ze niet meer beschikbaar tot de volgende oogst. d\u014dTerra koopt geen olie op oliebeurzen omdat de herkomst niet meer getraceerd kan worden door het mengen van oli\u00ebn van verschillende producenten.<br>d\u014dTerra betrekt essenti\u00eble oli\u00ebn uitsluitend van eigen producenten om volledige traceerbaarheid van de oli\u00ebn te garanderen.<\/p>\n\n\n\n<p><p style=\"font-family:'Brush Script MT', cursive; font-size: 3em;\">Veel plezier op mijn website!<\/p><\/p>\n\n\n\n<p>Ik heb mijn algemene kennis van aromatherapie verdiept via afstandsonderwijs en gebruik het ook als massage- en wellness-therapeut en in de Aroma Touch.<sup>\u00ae<\/sup> technologie. Naast verschillende cursussen bied ik ook persoonlijke online consulten van elk 45 minuten.<\/p>\n\n\n\n<p>In ons eerste gratis consult wil ik graag een vertrouwde sfeer cre\u00ebren, mezelf voorstellen en jou en je zorgen leren kennen. Zodra we een goede verstandhouding en een basis van vertrouwen hebben opgebouwd, laat ik je mogelijke oplossingen zien en werken we samen een geschikte strategie uit.<\/p>\n\n\n\n<p>Bovendien krijg je toegang tot alle documenten en inhoud die in de loop van de samenwerking ontstaan, zodat je er op elk moment naar kunt teruggrijpen om te zien wat jou in de betreffende situatie heeft geholpen. Dit betekent dat je meerdere keren profiteert van onze samenwerking! Natuurlijk kun je op elk moment een nieuwe afspraak maken als je advies en ondersteuning nodig hebt.<\/p>\n\n\n\n<div class=\"wp-block-buttons alignfull is-content-justification-center is-layout-flex wp-container-core-buttons-is-layout-16018d1d wp-block-buttons-is-layout-flex\">\n<div class=\"wp-block-button has-custom-width wp-block-button__width-75 is-style-primary\"><a class=\"wp-block-button__link has-background wp-element-button\" href=\"https:\/\/amakira.de\/nl\/online-termin-buchung\/\" style=\"border-style:none;border-width:0px;border-radius:0px;background-color:#598749;padding-top:var(--wp--preset--spacing--30);padding-right:0;padding-bottom:var(--wp--preset--spacing--30);padding-left:0\" target=\"_blank\" rel=\"noreferrer noopener\">Boek online een afspraak<\/a><\/div>\n<\/div>\n\n\n\n<div style=\"height:100px\" aria-hidden=\"true\" class=\"wp-block-spacer\"><\/div>\n\n\n\n<figure class=\"wp-block-image wp-duotone-unset-1\"><img loading=\"lazy\" decoding=\"async\" width=\"1280\" height=\"305\" src=\"https:\/\/amakira.de\/wp-content\/uploads\/2024\/01\/Banner.webp\" alt=\"\" class=\"wp-image-1617\" srcset=\"https:\/\/amakira.de\/wp-content\/uploads\/2024\/01\/Banner.webp 1280w, https:\/\/amakira.de\/wp-content\/uploads\/2024\/01\/Banner-300x71.webp 300w, https:\/\/amakira.de\/wp-content\/uploads\/2024\/01\/Banner-1024x244.webp 1024w, https:\/\/amakira.de\/wp-content\/uploads\/2024\/01\/Banner-768x183.webp 768w\" sizes=\"auto, (max-width: 1280px) 100vw, 1280px\" \/><\/figure>\n\n\n\n<div style=\"height:100px\" aria-hidden=\"true\" class=\"wp-block-spacer\"><\/div>\n\n\n\n<div class=\"wp-block-columns is-layout-flex wp-container-core-columns-is-layout-9d6595d7 wp-block-columns-is-layout-flex\">\n<div class=\"wp-block-column is-layout-flow wp-block-column-is-layout-flow\">\n<h2 class=\"wp-block-heading\"><span class=\"ez-toc-section\" id=\"Fur_den_Eigenbedarf_%E2%80%A6\"><\/span>Voor de <a href=\"https:\/\/amakira.de\/nl\/fuer-den-eigenbedarf\/\" target=\"_blank\" rel=\"noreferrer noopener\">Eigen gebruik<\/a> &#8230;<span class=\"ez-toc-section-end\"><\/span><\/h2>\n\n\n\n<figure class=\"wp-block-image size-full\"><a href=\"https:\/\/amakira.de\/nl\/fuer-den-eigenbedarf\/\" target=\"_blank\" rel=\"noreferrer noopener\"><img loading=\"lazy\" decoding=\"async\" width=\"1024\" height=\"463\" src=\"https:\/\/amakira.de\/wp-content\/uploads\/2024\/01\/Passion_1.webp\" alt=\"\" class=\"wp-image-1615\" srcset=\"https:\/\/amakira.de\/wp-content\/uploads\/2024\/01\/Passion_1.webp 1024w, https:\/\/amakira.de\/wp-content\/uploads\/2024\/01\/Passion_1-300x136.webp 300w, https:\/\/amakira.de\/wp-content\/uploads\/2024\/01\/Passion_1-768x347.webp 768w\" sizes=\"auto, (max-width: 1024px) 100vw, 1024px\" \/><\/a><\/figure>\n<\/div>\n\n\n\n<div class=\"wp-block-column is-layout-flow wp-block-column-is-layout-flow\">\n<h2 class=\"wp-block-heading\"><span class=\"ez-toc-section\" id=\"%E2%80%A6_mit_Kunden-Vorteil_%E2%80%A6\"><\/span>... met <a href=\"https:\/\/amakira.de\/nl\/mit-kunden-vorteil\/\" target=\"_blank\" rel=\"noreferrer noopener\">Voordeel voor de klant<\/a> &#8230;<span class=\"ez-toc-section-end\"><\/span><\/h2>\n\n\n\n<figure class=\"wp-block-image size-full\"><a href=\"https:\/\/amakira.de\/nl\/mit-kunden-vorteil\/\" target=\"_blank\" rel=\"noreferrer noopener\"><img loading=\"lazy\" decoding=\"async\" width=\"1024\" height=\"463\" src=\"https:\/\/amakira.de\/wp-content\/uploads\/2024\/01\/Essentials_1.webp\" alt=\"\" class=\"wp-image-1614\" srcset=\"https:\/\/amakira.de\/wp-content\/uploads\/2024\/01\/Essentials_1.webp 1024w, https:\/\/amakira.de\/wp-content\/uploads\/2024\/01\/Essentials_1-300x136.webp 300w, https:\/\/amakira.de\/wp-content\/uploads\/2024\/01\/Essentials_1-768x347.webp 768w\" sizes=\"auto, (max-width: 1024px) 100vw, 1024px\" \/><\/a><\/figure>\n<\/div>\n<\/div>\n\n\n\n<div style=\"height:100px\" aria-hidden=\"true\" class=\"wp-block-spacer\"><\/div>\n\n\n\n<h2 class=\"wp-block-heading has-text-align-center\"><span class=\"ez-toc-section\" id=\"%E2%80%A6_oder_als_Wellness-Botschafter\"><\/span>... of als <a href=\"https:\/\/amakira.de\/nl\/wellness-botschafter\/\" target=\"_blank\" rel=\"noreferrer noopener\">Wellness ambassadeur<\/a>!<span class=\"ez-toc-section-end\"><\/span><\/h2>\n\n\n\n<figure class=\"wp-block-image aligncenter size-large\"><a href=\"https:\/\/amakira.de\/nl\/wellness-botschafter\/\" target=\"_blank\" rel=\"noreferrer noopener\"><img loading=\"lazy\" decoding=\"async\" width=\"1024\" height=\"574\" src=\"https:\/\/amakira.de\/wp-content\/uploads\/2024\/01\/image-1-1024x574.png\" alt=\"\" class=\"wp-image-1610\" srcset=\"https:\/\/amakira.de\/wp-content\/uploads\/2024\/01\/image-1-1024x574.png 1024w, https:\/\/amakira.de\/wp-content\/uploads\/2024\/01\/image-1-300x168.png 300w, https:\/\/amakira.de\/wp-content\/uploads\/2024\/01\/image-1-768x431.png 768w, https:\/\/amakira.de\/wp-content\/uploads\/2024\/01\/image-1.png 1280w\" sizes=\"auto, (max-width: 1024px) 100vw, 1024px\" \/><\/a><\/figure>\n\n\n\n<div style=\"height:100px\" aria-hidden=\"true\" class=\"wp-block-spacer\"><\/div>\n\n\n\n<h2 class=\"wp-block-heading\"><span class=\"ez-toc-section\" id=\"Schnupperkurs_gefallig\"><\/span>Zin in een proefcursus?<span class=\"ez-toc-section-end\"><\/span><\/h2>\n\n\n\n<p>Op <em>Telegram<\/em> en <em>WhatsApp<\/em> Ik bied ongeveer elke maand proefcursussen aan, die een introductie geven in de wereld van essenti\u00eble oli\u00ebn en de mogelijkheid bieden voor een directe dialoog. Als je je wilt inschrijven voor een proefcursus, neem dan contact met me op via <a href=\"mailto:info@amakira.de\" data-type=\"mailto\" data-id=\"mailto:\/\/info@amakira.de\">Neem contact met ons op<\/a>.<\/p>\n\n\n\n<div style=\"height:100px\" aria-hidden=\"true\" class=\"wp-block-spacer\"><\/div>\n\n\n\n<h2 class=\"wp-block-heading\"><span class=\"ez-toc-section\" id=\"Blog-Beitrage_%E2%80%93_Atherische_Ole_im_Alltag_in_Theorie_und_Praxis\"><\/span>Blog posts - Etherische oli\u00ebn in het dagelijks leven in theorie en praktijk<span class=\"ez-toc-section-end\"><\/span><\/h2>\n\n\n\n<p><a href=\"https:\/\/amakira.de\/nl\/blog-beitraege\/\" target=\"_blank\" rel=\"noreferrer noopener\">Hier<\/a> essenti\u00eble oli\u00ebn worden van tijd tot tijd gepresenteerd, hun effecten beschreven, wetenschappelijke studies en chemische relaties uitgelegd.<\/p>","protected":false},"excerpt":{"rendered":"<p><span class=\"span-reading-time rt-reading-time\" style=\"display: block;\"><span class=\"rt-label rt-prefix\">Leestijd<\/span> <span class=\"rt-time\"> 2<\/span> <span class=\"rt-label rt-postfix\">minuten<\/span><\/span>Die zauberhafte Welt \u00e4therischer \u00d6le fasziniert immer wieder neu. So beinhaltet beispielsweise ein einziger Tropfen Pfefferminz-\u00d6l die Wirkstoffe von 28 Tassen Pfefferminz-Tee!Manche \u00d6le m\u00fcssen sogleich vor Ort, auf dem Feld, destilliert werden, weil die das \u00d6l beinhaltenden Kapseln bereits beim Transport platzen und das \u00d6l verloren ginge. Jedes \u00e4therische \u00d6l ist absolut rein. Dies garantieren&hellip;&nbsp;<a href=\"https:\/\/amakira.de\/nl\/\" class=\"\" rel=\"bookmark\">Lees verder &raquo;<span class=\"screen-reader-text\">Welkom in de wereld van essenti\u00eble oli\u00ebn van d\u014dTerra<\/span><\/a><\/p>","protected":false},"author":1,"featured_media":0,"parent":0,"menu_order":0,"comment_status":"closed","ping_status":"closed","template":"","meta":{"_lmt_disableupdate":"no","_lmt_disable":"","neve_meta_sidebar":"","neve_meta_container":"","neve_meta_enable_content_width":"","neve_meta_content_width":0,"neve_meta_title_alignment":"","neve_meta_author_avatar":"","neve_post_elements_order":"","neve_meta_disable_header":"","neve_meta_disable_footer":"","neve_meta_disable_title":"","_themeisle_gutenberg_block_has_review":false,"footnotes":""},"class_list":["post-1599","page","type-page","status-publish","hentry"],"_links":{"self":[{"href":"https:\/\/amakira.de\/nl\/wp-json\/wp\/v2\/pages\/1599","targetHints":{"allow":["GET"]}}],"collection":[{"href":"https:\/\/amakira.de\/nl\/wp-json\/wp\/v2\/pages"}],"about":[{"href":"https:\/\/amakira.de\/nl\/wp-json\/wp\/v2\/types\/page"}],"author":[{"embeddable":true,"href":"https:\/\/amakira.de\/nl\/wp-json\/wp\/v2\/users\/1"}],"replies":[{"embeddable":true,"href":"https:\/\/amakira.de\/nl\/wp-json\/wp\/v2\/comments?post=1599"}],"version-history":[{"count":26,"href":"https:\/\/amakira.de\/nl\/wp-json\/wp\/v2\/pages\/1599\/revisions"}],"predecessor-version":[{"id":2137,"href":"https:\/\/amakira.de\/nl\/wp-json\/wp\/v2\/pages\/1599\/revisions\/2137"}],"wp:attachment":[{"href":"https:\/\/amakira.de\/nl\/wp-json\/wp\/v2\/media?parent=1599"}],"curies":[{"name":"wp","href":"https:\/\/api.w.org\/{rel}","templated":true}]}}