{"id":187,"date":"2023-02-01T18:42:12","date_gmt":"2023-02-01T18:42:12","guid":{"rendered":"https:\/\/amakira.mx\/?page_id=187"},"modified":"2023-10-18T13:37:36","modified_gmt":"2023-10-18T13:37:36","slug":"kraeuter-fuer-hunde","status":"publish","type":"page","link":"https:\/\/amakira.de\/nb\/kraeuter-fuer-hunde\/","title":{"rendered":"Urter for hunder"},"content":{"rendered":"<span class=\"span-reading-time rt-reading-time\" style=\"display: block;\"><span class=\"rt-label rt-prefix\">Lesetid<\/span> <span class=\"rt-time\"> &lt; 1<\/span> <span class=\"rt-label rt-postfix\">Minute<\/span><\/span>\n<p>Nachdem ich schon lange Zeit die Kr\u00e4uter f\u00fcr uns entdeckt habe, verwende ich die Geschenke Gottes auch f\u00fcr unsere Tiere. &#8222;F\u00fcr jede Krankheit ist ein Kraut gewachsen&#8220; &#8211; egal ob f\u00fcr Mensch oder Tier.<\/p>\n\n\n\n<p>Eine unserer H\u00fcndinnen hat letzten Winter eine Nacht in der Ligusterhecke verbracht. sie sprang wohl von der H\u00fctte in die gut verzweigte Hecke und sa\u00df darin die ganze Nacht. Als ich am n\u00e4chsten Morgen aus dem Fenster gucke lag sie immer noch dort und guckte etwas betr\u00f6pelt. Mit Hilfe der Gartenschere entfernte ich einige \u00c4ste und musste doch etwas Schmunzeln. Die Ligusterhecke wurde erst vor einem Jahr gepflanzt und ist eigentlich tabu f\u00fcr die Hunde, die die Zeige zum Fressen gerne haben. Das war wohl auch der Grund, warum Amaruq sich nicht bemerkbar gemacht hat, denn eigentlich ist sie sehr mitteilsam. <\/p>\n\n\n\n<p>Die Hecke hat den n\u00e4chtlichen Besuch mit einer L\u00fccke \u00fcberstanden, Amaruq hatte danach Husten. Der Tierarzt hat sie abgehorcht und dann Tabletten verschrieben. Tabletten nach 3 Tagen zu Ende, der Husten immer noch vorhanden. Kurzerhand habe ich auf mein Wissen zur\u00fcck gegriffen und einen Aufguss aus Salbei, Thymian und ein wenig Minze zubereitet. Ich hab ihr morgens und abends davon und 2 Tage sp\u00e4ter war sie wieder die alte. <\/p>\n\n\n\n<p>Seither bekommen unsere Fellnasen \u00f6fter Kr\u00e4uter:<br>Salbei, Thymian bei Husten<br>Petersilie bei der L\u00e4ufigkeit &#8211; so riechen sie f\u00fcr die R\u00fcden kaum noch<br>Oregano, Minze, Rosmarin bei Verdauungsproblemen<br>&#8230;<\/p>\n\n\n\n<p>Kr\u00e4uter ersetzten bei Krankheiten nicht den Tierarzt! &#8211; sie k\u00f6nnen aber sinnvoll erg\u00e4nzen.<\/p>","protected":false},"excerpt":{"rendered":"<p><span class=\"span-reading-time rt-reading-time\" style=\"display: block;\"><span class=\"rt-label rt-prefix\">Lesetid<\/span> <span class=\"rt-time\"> &lt; 1<\/span> <span class=\"rt-label rt-postfix\">Minute<\/span><\/span>Nachdem ich schon lange Zeit die Kr\u00e4uter f\u00fcr uns entdeckt habe, verwende ich die Geschenke Gottes auch f\u00fcr unsere Tiere. &#8222;F\u00fcr jede Krankheit ist ein Kraut gewachsen&#8220; &#8211; egal ob f\u00fcr Mensch oder Tier. Eine unserer H\u00fcndinnen hat letzten Winter eine Nacht in der Ligusterhecke verbracht. sie sprang wohl von der H\u00fctte in die gut&hellip;&nbsp;<a href=\"https:\/\/amakira.de\/nb\/kraeuter-fuer-hunde\/\" class=\"\" rel=\"bookmark\">Les mer &raquo;<span class=\"screen-reader-text\">Urter for hunder<\/span><\/a><\/p>","protected":false},"author":2,"featured_media":0,"parent":0,"menu_order":0,"comment_status":"closed","ping_status":"closed","template":"","meta":{"_lmt_disableupdate":"","_lmt_disable":"","neve_meta_sidebar":"","neve_meta_container":"","neve_meta_enable_content_width":"","neve_meta_content_width":0,"neve_meta_title_alignment":"","neve_meta_author_avatar":"","neve_post_elements_order":"","neve_meta_disable_header":"","neve_meta_disable_footer":"","neve_meta_disable_title":"","_themeisle_gutenberg_block_has_review":false,"footnotes":""},"class_list":["post-187","page","type-page","status-publish","hentry"],"_links":{"self":[{"href":"https:\/\/amakira.de\/nb\/wp-json\/wp\/v2\/pages\/187","targetHints":{"allow":["GET"]}}],"collection":[{"href":"https:\/\/amakira.de\/nb\/wp-json\/wp\/v2\/pages"}],"about":[{"href":"https:\/\/amakira.de\/nb\/wp-json\/wp\/v2\/types\/page"}],"author":[{"embeddable":true,"href":"https:\/\/amakira.de\/nb\/wp-json\/wp\/v2\/users\/2"}],"replies":[{"embeddable":true,"href":"https:\/\/amakira.de\/nb\/wp-json\/wp\/v2\/comments?post=187"}],"version-history":[{"count":1,"href":"https:\/\/amakira.de\/nb\/wp-json\/wp\/v2\/pages\/187\/revisions"}],"predecessor-version":[{"id":189,"href":"https:\/\/amakira.de\/nb\/wp-json\/wp\/v2\/pages\/187\/revisions\/189"}],"wp:attachment":[{"href":"https:\/\/amakira.de\/nb\/wp-json\/wp\/v2\/media?parent=187"}],"curies":[{"name":"wp","href":"https:\/\/api.w.org\/{rel}","templated":true}]}}