{"id":184,"date":"2023-02-01T18:39:46","date_gmt":"2023-02-01T18:39:46","guid":{"rendered":"https:\/\/amakira.mx\/?page_id=184"},"modified":"2023-10-18T13:37:03","modified_gmt":"2023-10-18T13:37:03","slug":"aetherische-oele","status":"publish","type":"page","link":"https:\/\/amakira.de\/nb\/aetherische-oele\/","title":{"rendered":"Eteriske oljer"},"content":{"rendered":"<span class=\"span-reading-time rt-reading-time\" style=\"display: block;\"><span class=\"rt-label rt-prefix\">Lesetid<\/span> <span class=\"rt-time\"> &lt; 1<\/span> <span class=\"rt-label rt-postfix\">Minute<\/span><\/span>\n<p>Wie ich zu den \u00c4therischen \u00d6len kam &#8230;. oder kamen die \u00d6le zu mir?<\/p>\n\n\n\n<p>&#8222;Gegen jede Krankheit ist ein Kraut gewachsen.&#8220; sagt der Volksmund. Lavendel zur Beruhigung, Thymian und Spitzwegerich bei Husten, Zwiebels\u00e4ckchen bei Ohrenschmerzen, etc.. Das kennen sicher Viele. <\/p>\n\n\n\n<p>\u00c4therische \u00d6le kannte ich bis Oktober 2021 nur in Verneblern zum Raum beduften. <\/p>\n\n\n\n<p>In meiner kleinen, aber feinen Strickrunde sind zwei ganz tolle Frauen, die sich mit \u00c4therischen \u00d6len hervorragend auskennen und sie schon seit vielen Jahren im Alltag nutzen. Zitronen\u00f6l verfeinert Wasser, mit Orangen\u00f6l wird ein toller Nachtisch gezaubert, Lavendel beruhigt &#8230; <br><br>Im Rahmen der Runde erz\u00e4hlte ich, dass mich schon seit vielen Jahren <em>Akne inversa &#8211; eine chronische Hauterkrankung &#8211;  <\/em>plagt und ich gerade wieder so einen &#8222;bl\u00f6den Pickel&#8220; und Schmerzen beim Sitzen hatte.<br>Mir wurde zu Zitronen\u00f6l geraten &#8230; und was soll ich sagen? T\u00e4glich 1 Tropfen vor dem Schlafengehen aufgetragen und nach bereits 4(!) Tagen war es abgeheilt! Zuvor brauchten die betroffenen Hautpartien oft viele Wochen und selbst nach Monaten war immer noch eine Hautverf\u00e4rbung zu erkennen. <\/p>\n\n\n\n<p>Schnell bemerkte ich, dass \u00e4therische \u00d6le in durchaus sehr unterschiedlichen Qualit\u00e4ten im Handel zu erwerben sind. So stand ich vor dem Problem, \u00e4therische \u00d6le zu finden, die frei von irgendwelchen Beimischungen, ja, sogar f\u00fcr die innerliche Einnahme, also als &#8222;Lebensmittel&#8220; zugelassen sind. Letztlich blieben drei Firmen \u00fcbrig, die \u00e4therische \u00d6le dieser Reinheit im Programm haben.<\/p>\n\n\n\n<p>Wer hier Rat m\u00f6chte, darf sich gerne <a href=\"https:\/\/amakira.de\/nb\/ueber-mich\/\" data-type=\"page\" data-id=\"138\">an mich wenden<\/a>.<\/p>\n\n\n\n<p><a href=\"https:\/\/amakira.de\/nb\/2023\/02\/01\/grundlagen-der-aetherischen-oele\/\" data-type=\"post\" data-id=\"192\">Mehr lesen &#8230;<\/a><\/p>","protected":false},"excerpt":{"rendered":"<p><span class=\"span-reading-time rt-reading-time\" style=\"display: block;\"><span class=\"rt-label rt-prefix\">Lesetid<\/span> <span class=\"rt-time\"> &lt; 1<\/span> <span class=\"rt-label rt-postfix\">Minute<\/span><\/span>Wie ich zu den \u00c4therischen \u00d6len kam &#8230;. oder kamen die \u00d6le zu mir? &#8222;Gegen jede Krankheit ist ein Kraut gewachsen.&#8220; sagt der Volksmund. Lavendel zur Beruhigung, Thymian und Spitzwegerich bei Husten, Zwiebels\u00e4ckchen bei Ohrenschmerzen, etc.. Das kennen sicher Viele. \u00c4therische \u00d6le kannte ich bis Oktober 2021 nur in Verneblern zum Raum beduften. In meiner&hellip;&nbsp;<a href=\"https:\/\/amakira.de\/nb\/aetherische-oele\/\" class=\"\" rel=\"bookmark\">Les mer &raquo;<span class=\"screen-reader-text\">Eteriske oljer<\/span><\/a><\/p>","protected":false},"author":2,"featured_media":0,"parent":0,"menu_order":0,"comment_status":"closed","ping_status":"closed","template":"","meta":{"_lmt_disableupdate":"","_lmt_disable":"","neve_meta_sidebar":"","neve_meta_container":"","neve_meta_enable_content_width":"","neve_meta_content_width":0,"neve_meta_title_alignment":"","neve_meta_author_avatar":"","neve_post_elements_order":"","neve_meta_disable_header":"","neve_meta_disable_footer":"","neve_meta_disable_title":"","_themeisle_gutenberg_block_has_review":false,"footnotes":""},"class_list":["post-184","page","type-page","status-publish","hentry"],"_links":{"self":[{"href":"https:\/\/amakira.de\/nb\/wp-json\/wp\/v2\/pages\/184","targetHints":{"allow":["GET"]}}],"collection":[{"href":"https:\/\/amakira.de\/nb\/wp-json\/wp\/v2\/pages"}],"about":[{"href":"https:\/\/amakira.de\/nb\/wp-json\/wp\/v2\/types\/page"}],"author":[{"embeddable":true,"href":"https:\/\/amakira.de\/nb\/wp-json\/wp\/v2\/users\/2"}],"replies":[{"embeddable":true,"href":"https:\/\/amakira.de\/nb\/wp-json\/wp\/v2\/comments?post=184"}],"version-history":[{"count":5,"href":"https:\/\/amakira.de\/nb\/wp-json\/wp\/v2\/pages\/184\/revisions"}],"predecessor-version":[{"id":1387,"href":"https:\/\/amakira.de\/nb\/wp-json\/wp\/v2\/pages\/184\/revisions\/1387"}],"wp:attachment":[{"href":"https:\/\/amakira.de\/nb\/wp-json\/wp\/v2\/media?parent=184"}],"curies":[{"name":"wp","href":"https:\/\/api.w.org\/{rel}","templated":true}]}}