{"id":1599,"date":"2024-01-22T10:19:19","date_gmt":"2024-01-22T10:19:19","guid":{"rendered":"https:\/\/amakira.mx\/?page_id=1599"},"modified":"2025-02-05T08:48:01","modified_gmt":"2025-02-05T08:48:01","slug":"willkommen-in-der-welt-aetherischer-oele-von-doterra","status":"publish","type":"page","link":"https:\/\/amakira.de\/nb\/","title":{"rendered":"Velkommen til en verden av eteriske oljer fra d\u014dTerra"},"content":{"rendered":"<div id=\"ez-toc-container\" class=\"ez-toc-v2_0_82_2 counter-hierarchy ez-toc-counter ez-toc-grey ez-toc-container-direction\">\n<div class=\"ez-toc-title-container\">\n<p class=\"ez-toc-title\" style=\"cursor:inherit\">Inhaltsverzeichnis<\/p>\n<span class=\"ez-toc-title-toggle\"><\/span><\/div>\n<nav><ul class='ez-toc-list ez-toc-list-level-1' ><li class='ez-toc-page-1 ez-toc-heading-level-2'><a class=\"ez-toc-link ez-toc-heading-1\" href=\"https:\/\/amakira.de\/nb\/#Fur_den_Eigenbedarf_%E2%80%A6\" >For personlig bruk ...<\/a><\/li><li class='ez-toc-page-1 ez-toc-heading-level-2'><a class=\"ez-toc-link ez-toc-heading-2\" href=\"https:\/\/amakira.de\/nb\/#%E2%80%A6_mit_Kunden-Vorteil_%E2%80%A6\" >... med kundefordel ...<\/a><\/li><li class='ez-toc-page-1 ez-toc-heading-level-2'><a class=\"ez-toc-link ez-toc-heading-3\" href=\"https:\/\/amakira.de\/nb\/#%E2%80%A6_oder_als_Wellness-Botschafter\" >... eller som velv\u00e6reambassad\u00f8r!<\/a><\/li><li class='ez-toc-page-1 ez-toc-heading-level-2'><a class=\"ez-toc-link ez-toc-heading-4\" href=\"https:\/\/amakira.de\/nb\/#Schnupperkurs_gefallig\" >Har du lyst p\u00e5 et pr\u00f8vekurs?<\/a><\/li><li class='ez-toc-page-1 ez-toc-heading-level-2'><a class=\"ez-toc-link ez-toc-heading-5\" href=\"https:\/\/amakira.de\/nb\/#Blog-Beitrage_%E2%80%93_Atherische_Ole_im_Alltag_in_Theorie_und_Praxis\" >Blogginnlegg - Eteriske oljer i hverdagen i teori og praksis<\/a><\/li><\/ul><\/nav><\/div>\n<span class=\"span-reading-time rt-reading-time\" style=\"display: block;\"><span class=\"rt-label rt-prefix\">Lesetid<\/span> <span class=\"rt-time\"> 2<\/span> <span class=\"rt-label rt-postfix\">minutter<\/span><\/span>\n<p>De eteriske oljenes magiske verden slutter aldri \u00e5 fascinere. For eksempel inneholder \u00e9n dr\u00e5pe peppermynteolje de aktive ingrediensene i 28 kopper peppermynte-te!<br>Noen oljer m\u00e5 destilleres umiddelbart p\u00e5 stedet, i felten, fordi kapslene som inneholder oljen, ville sprekke under transport, og oljen ville g\u00e5 tapt. Alle eteriske oljer er helt rene. Dette garanteres av over 50 tester, som spenner fra jordpr\u00f8ver til batchorienterte analyser ved hjelp av gasskromatografisk massespektrometri. Disse analysene er tilgjengelige p\u00e5 nettet for alle kj\u00f8pere: Hver flaske har en tallkode som kan brukes til \u00e5 f\u00e5 tilgang til den tilsvarende analysen. <a href=\"https:\/\/sourcetoyou.com\/de\/\" data-type=\"link\" data-id=\"https:\/\/sourcetoyou.com\/de\/\" target=\"_blank\" rel=\"noreferrer noopener\">gjenfinnbar<\/a> er.<br>Oljeblandingene er formulert i henhold til effektspesifikke kriterier basert p\u00e5 vitenskapelige, publiserte studier for \u00e5 sikre maksimal effektivitet.<br>Hvis de \u00f8nskede oljekvalitetene ikke lenger er tilgjengelige p\u00e5 grunn av utilstrekkelig innh\u00f8sting, er de ikke lenger tilgjengelige f\u00f8r neste innh\u00f8sting. d\u014dTerra kj\u00f8per ikke olje p\u00e5 oljeb\u00f8rser fordi opprinnelsen ikke lenger kan spores p\u00e5 grunn av sammenblanding av oljer fra ulike produsenter.<br>d\u014dTerra kj\u00f8per eteriske oljer utelukkende fra sine egne produsenter for \u00e5 sikre fullstendig sporbarhet av oljene.<\/p>\n\n\n\n<p><p style=\"font-family:'Brush Script MT', cursive; font-size: 3em;\">Kos deg med bes\u00f8ket p\u00e5 nettstedet mitt!<\/p><\/p>\n\n\n\n<p>Jeg har utdypet min generelle kunnskap om aromaterapi gjennom fjernundervisning og bruker den ogs\u00e5 som massasje- og velv\u00e6reterapeut, s\u00e5 vel som i Aroma Touch<sup>\u00ae<\/sup> teknologi. I tillegg til ulike kurs tilbyr jeg ogs\u00e5 personlige nettkonsultasjoner p\u00e5 45 minutter hver.<\/p>\n\n\n\n<p>I v\u00e5r f\u00f8rste gratis konsultasjon vil jeg gjerne skape en famili\u00e6r atmosf\u00e6re, presentere meg selv og bli kjent med deg og dine bekymringer. N\u00e5r vi har etablert en god relasjon og et tillitsforhold, vil jeg vise deg mulige l\u00f8sninger, og vi vil sammen utarbeide en passende strategi.<\/p>\n\n\n\n<p>I tillegg f\u00e5r du tilgang til alle dokumenter og alt innhold som oppst\u00e5r i l\u00f8pet av samarbeidet, slik at du n\u00e5r som helst kan g\u00e5 tilbake til dem for \u00e5 se hva som var nyttig for deg i den aktuelle situasjonen. Det betyr at du f\u00e5r nytte av samarbeidet v\u00e5rt flere ganger! Du kan selvf\u00f8lgelig n\u00e5r som helst bestille en ny time hvis du har behov for r\u00e5d og st\u00f8tte.<\/p>\n\n\n\n<div class=\"wp-block-buttons alignfull is-content-justification-center is-layout-flex wp-container-core-buttons-is-layout-16018d1d wp-block-buttons-is-layout-flex\">\n<div class=\"wp-block-button has-custom-width wp-block-button__width-75 is-style-primary\"><a class=\"wp-block-button__link has-background wp-element-button\" href=\"https:\/\/amakira.de\/nb\/online-termin-buchung\/\" style=\"border-style:none;border-width:0px;border-radius:0px;background-color:#598749;padding-top:var(--wp--preset--spacing--30);padding-right:0;padding-bottom:var(--wp--preset--spacing--30);padding-left:0\" target=\"_blank\" rel=\"noreferrer noopener\">Bestill time p\u00e5 nett<\/a><\/div>\n<\/div>\n\n\n\n<div style=\"height:100px\" aria-hidden=\"true\" class=\"wp-block-spacer\"><\/div>\n\n\n\n<figure class=\"wp-block-image wp-duotone-unset-1\"><img loading=\"lazy\" decoding=\"async\" width=\"1280\" height=\"305\" src=\"https:\/\/amakira.de\/wp-content\/uploads\/2024\/01\/Banner.webp\" alt=\"\" class=\"wp-image-1617\" srcset=\"https:\/\/amakira.de\/wp-content\/uploads\/2024\/01\/Banner.webp 1280w, https:\/\/amakira.de\/wp-content\/uploads\/2024\/01\/Banner-300x71.webp 300w, https:\/\/amakira.de\/wp-content\/uploads\/2024\/01\/Banner-1024x244.webp 1024w, https:\/\/amakira.de\/wp-content\/uploads\/2024\/01\/Banner-768x183.webp 768w\" sizes=\"auto, (max-width: 1280px) 100vw, 1280px\" \/><\/figure>\n\n\n\n<div style=\"height:100px\" aria-hidden=\"true\" class=\"wp-block-spacer\"><\/div>\n\n\n\n<div class=\"wp-block-columns is-layout-flex wp-container-core-columns-is-layout-9d6595d7 wp-block-columns-is-layout-flex\">\n<div class=\"wp-block-column is-layout-flow wp-block-column-is-layout-flow\">\n<h2 class=\"wp-block-heading\"><span class=\"ez-toc-section\" id=\"Fur_den_Eigenbedarf_%E2%80%A6\"><\/span>For <a href=\"https:\/\/amakira.de\/nb\/fuer-den-eigenbedarf\/\" target=\"_blank\" rel=\"noreferrer noopener\">Eget bruk<\/a> &#8230;<span class=\"ez-toc-section-end\"><\/span><\/h2>\n\n\n\n<figure class=\"wp-block-image size-full\"><a href=\"https:\/\/amakira.de\/nb\/fuer-den-eigenbedarf\/\" target=\"_blank\" rel=\"noreferrer noopener\"><img loading=\"lazy\" decoding=\"async\" width=\"1024\" height=\"463\" src=\"https:\/\/amakira.de\/wp-content\/uploads\/2024\/01\/Passion_1.webp\" alt=\"\" class=\"wp-image-1615\" srcset=\"https:\/\/amakira.de\/wp-content\/uploads\/2024\/01\/Passion_1.webp 1024w, https:\/\/amakira.de\/wp-content\/uploads\/2024\/01\/Passion_1-300x136.webp 300w, https:\/\/amakira.de\/wp-content\/uploads\/2024\/01\/Passion_1-768x347.webp 768w\" sizes=\"auto, (max-width: 1024px) 100vw, 1024px\" \/><\/a><\/figure>\n<\/div>\n\n\n\n<div class=\"wp-block-column is-layout-flow wp-block-column-is-layout-flow\">\n<h2 class=\"wp-block-heading\"><span class=\"ez-toc-section\" id=\"%E2%80%A6_mit_Kunden-Vorteil_%E2%80%A6\"><\/span>... med <a href=\"https:\/\/amakira.de\/nb\/mit-kunden-vorteil\/\" target=\"_blank\" rel=\"noreferrer noopener\">Kundefordel<\/a> &#8230;<span class=\"ez-toc-section-end\"><\/span><\/h2>\n\n\n\n<figure class=\"wp-block-image size-full\"><a href=\"https:\/\/amakira.de\/nb\/mit-kunden-vorteil\/\" target=\"_blank\" rel=\"noreferrer noopener\"><img loading=\"lazy\" decoding=\"async\" width=\"1024\" height=\"463\" src=\"https:\/\/amakira.de\/wp-content\/uploads\/2024\/01\/Essentials_1.webp\" alt=\"\" class=\"wp-image-1614\" srcset=\"https:\/\/amakira.de\/wp-content\/uploads\/2024\/01\/Essentials_1.webp 1024w, https:\/\/amakira.de\/wp-content\/uploads\/2024\/01\/Essentials_1-300x136.webp 300w, https:\/\/amakira.de\/wp-content\/uploads\/2024\/01\/Essentials_1-768x347.webp 768w\" sizes=\"auto, (max-width: 1024px) 100vw, 1024px\" \/><\/a><\/figure>\n<\/div>\n<\/div>\n\n\n\n<div style=\"height:100px\" aria-hidden=\"true\" class=\"wp-block-spacer\"><\/div>\n\n\n\n<h2 class=\"wp-block-heading has-text-align-center\"><span class=\"ez-toc-section\" id=\"%E2%80%A6_oder_als_Wellness-Botschafter\"><\/span>... eller som <a href=\"https:\/\/amakira.de\/nb\/wellness-botschafter\/\" target=\"_blank\" rel=\"noreferrer noopener\">Ambassad\u00f8r for velv\u00e6re<\/a>!<span class=\"ez-toc-section-end\"><\/span><\/h2>\n\n\n\n<figure class=\"wp-block-image aligncenter size-large\"><a href=\"https:\/\/amakira.de\/nb\/wellness-botschafter\/\" target=\"_blank\" rel=\"noreferrer noopener\"><img loading=\"lazy\" decoding=\"async\" width=\"1024\" height=\"574\" src=\"https:\/\/amakira.de\/wp-content\/uploads\/2024\/01\/image-1-1024x574.png\" alt=\"\" class=\"wp-image-1610\" srcset=\"https:\/\/amakira.de\/wp-content\/uploads\/2024\/01\/image-1-1024x574.png 1024w, https:\/\/amakira.de\/wp-content\/uploads\/2024\/01\/image-1-300x168.png 300w, https:\/\/amakira.de\/wp-content\/uploads\/2024\/01\/image-1-768x431.png 768w, https:\/\/amakira.de\/wp-content\/uploads\/2024\/01\/image-1.png 1280w\" sizes=\"auto, (max-width: 1024px) 100vw, 1024px\" \/><\/a><\/figure>\n\n\n\n<div style=\"height:100px\" aria-hidden=\"true\" class=\"wp-block-spacer\"><\/div>\n\n\n\n<h2 class=\"wp-block-heading\"><span class=\"ez-toc-section\" id=\"Schnupperkurs_gefallig\"><\/span>Har du lyst p\u00e5 et pr\u00f8vekurs?<span class=\"ez-toc-section-end\"><\/span><\/h2>\n\n\n\n<p>P\u00e5 <em>Telegram<\/em> og <em>WhatsApp<\/em> Jeg tilbyr pr\u00f8vekurs omtrent en gang i m\u00e5neden, der du f\u00e5r en introduksjon til en verden av eteriske oljer og mulighet for direkte dialog. Hvis du \u00f8nsker \u00e5 melde deg p\u00e5 et pr\u00f8vekurs, kan du kontakte meg p\u00e5 <a href=\"mailto:info@amakira.de\" data-type=\"mailto\" data-id=\"mailto:\/\/info@amakira.de\">Kontakt oss<\/a>.<\/p>\n\n\n\n<div style=\"height:100px\" aria-hidden=\"true\" class=\"wp-block-spacer\"><\/div>\n\n\n\n<h2 class=\"wp-block-heading\"><span class=\"ez-toc-section\" id=\"Blog-Beitrage_%E2%80%93_Atherische_Ole_im_Alltag_in_Theorie_und_Praxis\"><\/span>Blogginnlegg - Eteriske oljer i hverdagen i teori og praksis<span class=\"ez-toc-section-end\"><\/span><\/h2>\n\n\n\n<p><a href=\"https:\/\/amakira.de\/nb\/blog-beitraege\/\" target=\"_blank\" rel=\"noreferrer noopener\">Her<\/a> eteriske oljer presenteres fra tid til annen, deres virkninger beskrives, vitenskapelige studier og kjemiske sammenhenger forklares.<\/p>","protected":false},"excerpt":{"rendered":"<p><span class=\"span-reading-time rt-reading-time\" style=\"display: block;\"><span class=\"rt-label rt-prefix\">Lesetid<\/span> <span class=\"rt-time\"> 2<\/span> <span class=\"rt-label rt-postfix\">minutter<\/span><\/span>Die zauberhafte Welt \u00e4therischer \u00d6le fasziniert immer wieder neu. So beinhaltet beispielsweise ein einziger Tropfen Pfefferminz-\u00d6l die Wirkstoffe von 28 Tassen Pfefferminz-Tee!Manche \u00d6le m\u00fcssen sogleich vor Ort, auf dem Feld, destilliert werden, weil die das \u00d6l beinhaltenden Kapseln bereits beim Transport platzen und das \u00d6l verloren ginge. Jedes \u00e4therische \u00d6l ist absolut rein. Dies garantieren&hellip;&nbsp;<a href=\"https:\/\/amakira.de\/nb\/\" class=\"\" rel=\"bookmark\">Les mer &raquo;<span class=\"screen-reader-text\">Velkommen til en verden av eteriske oljer fra d\u014dTerra<\/span><\/a><\/p>","protected":false},"author":1,"featured_media":0,"parent":0,"menu_order":0,"comment_status":"closed","ping_status":"closed","template":"","meta":{"_lmt_disableupdate":"no","_lmt_disable":"","neve_meta_sidebar":"","neve_meta_container":"","neve_meta_enable_content_width":"","neve_meta_content_width":0,"neve_meta_title_alignment":"","neve_meta_author_avatar":"","neve_post_elements_order":"","neve_meta_disable_header":"","neve_meta_disable_footer":"","neve_meta_disable_title":"","_themeisle_gutenberg_block_has_review":false,"footnotes":""},"class_list":["post-1599","page","type-page","status-publish","hentry"],"_links":{"self":[{"href":"https:\/\/amakira.de\/nb\/wp-json\/wp\/v2\/pages\/1599","targetHints":{"allow":["GET"]}}],"collection":[{"href":"https:\/\/amakira.de\/nb\/wp-json\/wp\/v2\/pages"}],"about":[{"href":"https:\/\/amakira.de\/nb\/wp-json\/wp\/v2\/types\/page"}],"author":[{"embeddable":true,"href":"https:\/\/amakira.de\/nb\/wp-json\/wp\/v2\/users\/1"}],"replies":[{"embeddable":true,"href":"https:\/\/amakira.de\/nb\/wp-json\/wp\/v2\/comments?post=1599"}],"version-history":[{"count":26,"href":"https:\/\/amakira.de\/nb\/wp-json\/wp\/v2\/pages\/1599\/revisions"}],"predecessor-version":[{"id":2137,"href":"https:\/\/amakira.de\/nb\/wp-json\/wp\/v2\/pages\/1599\/revisions\/2137"}],"wp:attachment":[{"href":"https:\/\/amakira.de\/nb\/wp-json\/wp\/v2\/media?parent=1599"}],"curies":[{"name":"wp","href":"https:\/\/api.w.org\/{rel}","templated":true}]}}