{"id":1599,"date":"2024-01-22T10:19:19","date_gmt":"2024-01-22T10:19:19","guid":{"rendered":"https:\/\/amakira.mx\/?page_id=1599"},"modified":"2025-02-05T08:48:01","modified_gmt":"2025-02-05T08:48:01","slug":"willkommen-in-der-welt-aetherischer-oele-von-doterra","status":"publish","type":"page","link":"https:\/\/amakira.de\/it\/","title":{"rendered":"Benvenuti nel mondo degli oli essenziali di d\u014dTerra"},"content":{"rendered":"<div id=\"ez-toc-container\" class=\"ez-toc-v2_0_82_2 counter-hierarchy ez-toc-counter ez-toc-grey ez-toc-container-direction\">\n<div class=\"ez-toc-title-container\">\n<p class=\"ez-toc-title\" style=\"cursor:inherit\">Inhaltsverzeichnis<\/p>\n<span class=\"ez-toc-title-toggle\"><\/span><\/div>\n<nav><ul class='ez-toc-list ez-toc-list-level-1' ><li class='ez-toc-page-1 ez-toc-heading-level-2'><a class=\"ez-toc-link ez-toc-heading-1\" href=\"https:\/\/amakira.de\/it\/#Fur_den_Eigenbedarf_%E2%80%A6\" >Per uso personale ...<\/a><\/li><li class='ez-toc-page-1 ez-toc-heading-level-2'><a class=\"ez-toc-link ez-toc-heading-2\" href=\"https:\/\/amakira.de\/it\/#%E2%80%A6_mit_Kunden-Vorteil_%E2%80%A6\" >... con il vantaggio del cliente ...<\/a><\/li><li class='ez-toc-page-1 ez-toc-heading-level-2'><a class=\"ez-toc-link ez-toc-heading-3\" href=\"https:\/\/amakira.de\/it\/#%E2%80%A6_oder_als_Wellness-Botschafter\" >... o come ambasciatore del benessere!<\/a><\/li><li class='ez-toc-page-1 ez-toc-heading-level-2'><a class=\"ez-toc-link ez-toc-heading-4\" href=\"https:\/\/amakira.de\/it\/#Schnupperkurs_gefallig\" >Avete voglia di un corso di prova?<\/a><\/li><li class='ez-toc-page-1 ez-toc-heading-level-2'><a class=\"ez-toc-link ez-toc-heading-5\" href=\"https:\/\/amakira.de\/it\/#Blog-Beitrage_%E2%80%93_Atherische_Ole_im_Alltag_in_Theorie_und_Praxis\" >Post sul blog - Gli oli essenziali nella vita quotidiana: teoria e pratica<\/a><\/li><\/ul><\/nav><\/div>\n<span class=\"span-reading-time rt-reading-time\" style=\"display: block;\"><span class=\"rt-label rt-prefix\">Tempo di lettura<\/span> <span class=\"rt-time\"> 2<\/span> <span class=\"rt-label rt-postfix\">minuti<\/span><\/span>\n<p>Il magico mondo degli oli essenziali non smette mai di affascinare. Ad esempio, una sola goccia di olio di menta contiene i principi attivi di 28 tazze di t\u00e8 alla menta!<br>Alcuni oli devono essere distillati immediatamente sul posto, sul campo, perch\u00e9 le capsule contenenti l'olio scoppierebbero durante il trasporto e l'olio andrebbe perso. Ogni olio essenziale \u00e8 assolutamente puro. Ci\u00f2 \u00e8 garantito da oltre 50 test, che vanno dai campioni di terreno alle analisi in batch con la spettrometria di massa gascromatografica. Queste analisi sono disponibili online per ogni acquirente: ogni bottiglia ha un codice numerico che pu\u00f2 essere utilizzato per accedere all'analisi corrispondente. <a href=\"https:\/\/sourcetoyou.com\/de\/\" data-type=\"link\" data-id=\"https:\/\/sourcetoyou.com\/de\/\" target=\"_blank\" rel=\"noreferrer noopener\">recuperabile<\/a> \u00e8.<br>Le miscele di oli sono formulate secondo criteri specifici basati su studi scientifici e pubblicati per garantire la massima efficacia.<br>Se le qualit\u00e0 di olio richieste non sono pi\u00f9 disponibili a causa della mancanza di raccolti sufficienti, non lo sono fino al raccolto successivo. d\u014dTerra non acquista olio nelle borse dell'olio perch\u00e9 non \u00e8 pi\u00f9 possibile risalire all'origine a causa della miscelazione di oli di diversi produttori.<br>d\u014dTerra si rifornisce di oli essenziali esclusivamente dai propri produttori per garantire la completa tracciabilit\u00e0 degli oli.<\/p>\n\n\n\n<p><p style=\"font-family:'Brush Script MT', cursive; font-size: 3em;\">Buona visita al mio sito!<\/p><\/p>\n\n\n\n<p>Ho approfondito la mia conoscenza generale dell'aromaterapia attraverso la formazione a distanza e la utilizzo anche come terapista del massaggio e del benessere, oltre che nell'Aroma Touch.<sup>\u00ae<\/sup> tecnologia. Oltre ai vari corsi, offro anche consulenze personali online della durata di 45 minuti ciascuna.<\/p>\n\n\n\n<p>Durante la nostra prima consulenza gratuita, vorrei creare un'atmosfera familiare, presentarmi e conoscere voi e le vostre preoccupazioni. Una volta stabilita una relazione e una base di fiducia, vi illustrer\u00f2 le possibili soluzioni ed elaboreremo insieme una strategia adeguata.<\/p>\n\n\n\n<p>Inoltre, riceverete l'accesso a tutti i documenti e ai contenuti emersi nel corso della collaborazione, in modo da potervi fare riferimento in qualsiasi momento per vedere cosa vi \u00e8 stato utile nella rispettiva situazione. Ci\u00f2 significa che potrete beneficiare della nostra collaborazione pi\u00f9 volte! Naturalmente, potete prenotare un altro appuntamento in qualsiasi momento se avete bisogno di consulenza e supporto.<\/p>\n\n\n\n<div class=\"wp-block-buttons alignfull is-content-justification-center is-layout-flex wp-container-core-buttons-is-layout-16018d1d wp-block-buttons-is-layout-flex\">\n<div class=\"wp-block-button has-custom-width wp-block-button__width-75 is-style-primary\"><a class=\"wp-block-button__link has-background wp-element-button\" href=\"https:\/\/amakira.de\/it\/online-termin-buchung\/\" style=\"border-style:none;border-width:0px;border-radius:0px;background-color:#598749;padding-top:var(--wp--preset--spacing--30);padding-right:0;padding-bottom:var(--wp--preset--spacing--30);padding-left:0\" target=\"_blank\" rel=\"noreferrer noopener\">Prenota un appuntamento online<\/a><\/div>\n<\/div>\n\n\n\n<div style=\"height:100px\" aria-hidden=\"true\" class=\"wp-block-spacer\"><\/div>\n\n\n\n<figure class=\"wp-block-image wp-duotone-unset-1\"><img loading=\"lazy\" decoding=\"async\" width=\"1280\" height=\"305\" src=\"https:\/\/amakira.de\/wp-content\/uploads\/2024\/01\/Banner.webp\" alt=\"\" class=\"wp-image-1617\" srcset=\"https:\/\/amakira.de\/wp-content\/uploads\/2024\/01\/Banner.webp 1280w, https:\/\/amakira.de\/wp-content\/uploads\/2024\/01\/Banner-300x71.webp 300w, https:\/\/amakira.de\/wp-content\/uploads\/2024\/01\/Banner-1024x244.webp 1024w, https:\/\/amakira.de\/wp-content\/uploads\/2024\/01\/Banner-768x183.webp 768w\" sizes=\"auto, (max-width: 1280px) 100vw, 1280px\" \/><\/figure>\n\n\n\n<div style=\"height:100px\" aria-hidden=\"true\" class=\"wp-block-spacer\"><\/div>\n\n\n\n<div class=\"wp-block-columns is-layout-flex wp-container-core-columns-is-layout-9d6595d7 wp-block-columns-is-layout-flex\">\n<div class=\"wp-block-column is-layout-flow wp-block-column-is-layout-flow\">\n<h2 class=\"wp-block-heading\"><span class=\"ez-toc-section\" id=\"Fur_den_Eigenbedarf_%E2%80%A6\"><\/span>Per il <a href=\"https:\/\/amakira.de\/it\/fuer-den-eigenbedarf\/\" target=\"_blank\" rel=\"noreferrer noopener\">Uso proprio<\/a> &#8230;<span class=\"ez-toc-section-end\"><\/span><\/h2>\n\n\n\n<figure class=\"wp-block-image size-full\"><a href=\"https:\/\/amakira.de\/it\/fuer-den-eigenbedarf\/\" target=\"_blank\" rel=\"noreferrer noopener\"><img loading=\"lazy\" decoding=\"async\" width=\"1024\" height=\"463\" src=\"https:\/\/amakira.de\/wp-content\/uploads\/2024\/01\/Passion_1.webp\" alt=\"\" class=\"wp-image-1615\" srcset=\"https:\/\/amakira.de\/wp-content\/uploads\/2024\/01\/Passion_1.webp 1024w, https:\/\/amakira.de\/wp-content\/uploads\/2024\/01\/Passion_1-300x136.webp 300w, https:\/\/amakira.de\/wp-content\/uploads\/2024\/01\/Passion_1-768x347.webp 768w\" sizes=\"auto, (max-width: 1024px) 100vw, 1024px\" \/><\/a><\/figure>\n<\/div>\n\n\n\n<div class=\"wp-block-column is-layout-flow wp-block-column-is-layout-flow\">\n<h2 class=\"wp-block-heading\"><span class=\"ez-toc-section\" id=\"%E2%80%A6_mit_Kunden-Vorteil_%E2%80%A6\"><\/span>... con <a href=\"https:\/\/amakira.de\/it\/mit-kunden-vorteil\/\" target=\"_blank\" rel=\"noreferrer noopener\">Vantaggio per il cliente<\/a> &#8230;<span class=\"ez-toc-section-end\"><\/span><\/h2>\n\n\n\n<figure class=\"wp-block-image size-full\"><a href=\"https:\/\/amakira.de\/it\/mit-kunden-vorteil\/\" target=\"_blank\" rel=\"noreferrer noopener\"><img loading=\"lazy\" decoding=\"async\" width=\"1024\" height=\"463\" src=\"https:\/\/amakira.de\/wp-content\/uploads\/2024\/01\/Essentials_1.webp\" alt=\"\" class=\"wp-image-1614\" srcset=\"https:\/\/amakira.de\/wp-content\/uploads\/2024\/01\/Essentials_1.webp 1024w, https:\/\/amakira.de\/wp-content\/uploads\/2024\/01\/Essentials_1-300x136.webp 300w, https:\/\/amakira.de\/wp-content\/uploads\/2024\/01\/Essentials_1-768x347.webp 768w\" sizes=\"auto, (max-width: 1024px) 100vw, 1024px\" \/><\/a><\/figure>\n<\/div>\n<\/div>\n\n\n\n<div style=\"height:100px\" aria-hidden=\"true\" class=\"wp-block-spacer\"><\/div>\n\n\n\n<h2 class=\"wp-block-heading has-text-align-center\"><span class=\"ez-toc-section\" id=\"%E2%80%A6_oder_als_Wellness-Botschafter\"><\/span>... o come <a href=\"https:\/\/amakira.de\/it\/wellness-botschafter\/\" target=\"_blank\" rel=\"noreferrer noopener\">Ambasciatore del benessere<\/a>!<span class=\"ez-toc-section-end\"><\/span><\/h2>\n\n\n\n<figure class=\"wp-block-image aligncenter size-large\"><a href=\"https:\/\/amakira.de\/it\/wellness-botschafter\/\" target=\"_blank\" rel=\"noreferrer noopener\"><img loading=\"lazy\" decoding=\"async\" width=\"1024\" height=\"574\" src=\"https:\/\/amakira.de\/wp-content\/uploads\/2024\/01\/image-1-1024x574.png\" alt=\"\" class=\"wp-image-1610\" srcset=\"https:\/\/amakira.de\/wp-content\/uploads\/2024\/01\/image-1-1024x574.png 1024w, https:\/\/amakira.de\/wp-content\/uploads\/2024\/01\/image-1-300x168.png 300w, https:\/\/amakira.de\/wp-content\/uploads\/2024\/01\/image-1-768x431.png 768w, https:\/\/amakira.de\/wp-content\/uploads\/2024\/01\/image-1.png 1280w\" sizes=\"auto, (max-width: 1024px) 100vw, 1024px\" \/><\/a><\/figure>\n\n\n\n<div style=\"height:100px\" aria-hidden=\"true\" class=\"wp-block-spacer\"><\/div>\n\n\n\n<h2 class=\"wp-block-heading\"><span class=\"ez-toc-section\" id=\"Schnupperkurs_gefallig\"><\/span>Avete voglia di un corso di prova?<span class=\"ez-toc-section-end\"><\/span><\/h2>\n\n\n\n<p>Su <em>Telegramma<\/em> e <em>WhatsApp<\/em> Ogni mese o poco pi\u00f9 offro corsi di assaggio, che forniscono un'introduzione al mondo degli oli essenziali e l'opportunit\u00e0 di un dialogo diretto. Se desiderate iscrivervi a un corso di degustazione, contattatemi all'indirizzo <a href=\"mailto:info@amakira.de\" data-type=\"mailto\" data-id=\"mailto:\/\/info@amakira.de\">Contattateci<\/a>.<\/p>\n\n\n\n<div style=\"height:100px\" aria-hidden=\"true\" class=\"wp-block-spacer\"><\/div>\n\n\n\n<h2 class=\"wp-block-heading\"><span class=\"ez-toc-section\" id=\"Blog-Beitrage_%E2%80%93_Atherische_Ole_im_Alltag_in_Theorie_und_Praxis\"><\/span>Post sul blog - Gli oli essenziali nella vita quotidiana: teoria e pratica<span class=\"ez-toc-section-end\"><\/span><\/h2>\n\n\n\n<p><a href=\"https:\/\/amakira.de\/it\/blog-beitraege\/\" target=\"_blank\" rel=\"noreferrer noopener\">Qui<\/a> Gli oli essenziali vengono di volta in volta presentati, i loro effetti descritti, gli studi scientifici e le relazioni chimiche spiegate.<\/p>","protected":false},"excerpt":{"rendered":"<p><span class=\"span-reading-time rt-reading-time\" style=\"display: block;\"><span class=\"rt-label rt-prefix\">Tempo di lettura<\/span> <span class=\"rt-time\"> 2<\/span> <span class=\"rt-label rt-postfix\">minuti<\/span><\/span>Die zauberhafte Welt \u00e4therischer \u00d6le fasziniert immer wieder neu. So beinhaltet beispielsweise ein einziger Tropfen Pfefferminz-\u00d6l die Wirkstoffe von 28 Tassen Pfefferminz-Tee!Manche \u00d6le m\u00fcssen sogleich vor Ort, auf dem Feld, destilliert werden, weil die das \u00d6l beinhaltenden Kapseln bereits beim Transport platzen und das \u00d6l verloren ginge. Jedes \u00e4therische \u00d6l ist absolut rein. Dies garantieren&hellip;&nbsp;<a href=\"https:\/\/amakira.de\/it\/\" class=\"\" rel=\"bookmark\">Leggi tutto &raquo;<span class=\"screen-reader-text\">Benvenuti nel mondo degli oli essenziali di d\u014dTerra<\/span><\/a><\/p>","protected":false},"author":1,"featured_media":0,"parent":0,"menu_order":0,"comment_status":"closed","ping_status":"closed","template":"","meta":{"_lmt_disableupdate":"no","_lmt_disable":"","neve_meta_sidebar":"","neve_meta_container":"","neve_meta_enable_content_width":"","neve_meta_content_width":0,"neve_meta_title_alignment":"","neve_meta_author_avatar":"","neve_post_elements_order":"","neve_meta_disable_header":"","neve_meta_disable_footer":"","neve_meta_disable_title":"","_themeisle_gutenberg_block_has_review":false,"footnotes":""},"class_list":["post-1599","page","type-page","status-publish","hentry"],"_links":{"self":[{"href":"https:\/\/amakira.de\/it\/wp-json\/wp\/v2\/pages\/1599","targetHints":{"allow":["GET"]}}],"collection":[{"href":"https:\/\/amakira.de\/it\/wp-json\/wp\/v2\/pages"}],"about":[{"href":"https:\/\/amakira.de\/it\/wp-json\/wp\/v2\/types\/page"}],"author":[{"embeddable":true,"href":"https:\/\/amakira.de\/it\/wp-json\/wp\/v2\/users\/1"}],"replies":[{"embeddable":true,"href":"https:\/\/amakira.de\/it\/wp-json\/wp\/v2\/comments?post=1599"}],"version-history":[{"count":26,"href":"https:\/\/amakira.de\/it\/wp-json\/wp\/v2\/pages\/1599\/revisions"}],"predecessor-version":[{"id":2137,"href":"https:\/\/amakira.de\/it\/wp-json\/wp\/v2\/pages\/1599\/revisions\/2137"}],"wp:attachment":[{"href":"https:\/\/amakira.de\/it\/wp-json\/wp\/v2\/media?parent=1599"}],"curies":[{"name":"wp","href":"https:\/\/api.w.org\/{rel}","templated":true}]}}