{"id":1599,"date":"2024-01-22T10:19:19","date_gmt":"2024-01-22T10:19:19","guid":{"rendered":"https:\/\/amakira.mx\/?page_id=1599"},"modified":"2025-02-05T08:48:01","modified_gmt":"2025-02-05T08:48:01","slug":"willkommen-in-der-welt-aetherischer-oele-von-doterra","status":"publish","type":"page","link":"https:\/\/amakira.de\/hu\/","title":{"rendered":"\u00dcdv\u00f6z\u00f6lj\u00fck a d\u014dTerra ill\u00f3olajok vil\u00e1g\u00e1ban"},"content":{"rendered":"<div id=\"ez-toc-container\" class=\"ez-toc-v2_0_82_2 counter-hierarchy ez-toc-counter ez-toc-grey ez-toc-container-direction\">\n<div class=\"ez-toc-title-container\">\n<p class=\"ez-toc-title\" style=\"cursor:inherit\">Inhaltsverzeichnis<\/p>\n<span class=\"ez-toc-title-toggle\"><\/span><\/div>\n<nav><ul class='ez-toc-list ez-toc-list-level-1' ><li class='ez-toc-page-1 ez-toc-heading-level-2'><a class=\"ez-toc-link ez-toc-heading-1\" href=\"https:\/\/amakira.de\/hu\/#Fur_den_Eigenbedarf_%E2%80%A6\" >Szem\u00e9lyes haszn\u00e1latra ...<\/a><\/li><li class='ez-toc-page-1 ez-toc-heading-level-2'><a class=\"ez-toc-link ez-toc-heading-2\" href=\"https:\/\/amakira.de\/hu\/#%E2%80%A6_mit_Kunden-Vorteil_%E2%80%A6\" >&#8230; mit Kunden-Vorteil &#8230;<\/a><\/li><li class='ez-toc-page-1 ez-toc-heading-level-2'><a class=\"ez-toc-link ez-toc-heading-3\" href=\"https:\/\/amakira.de\/hu\/#%E2%80%A6_oder_als_Wellness-Botschafter\" >&#8230; oder als Wellness-Botschafter!<\/a><\/li><li class='ez-toc-page-1 ez-toc-heading-level-2'><a class=\"ez-toc-link ez-toc-heading-4\" href=\"https:\/\/amakira.de\/hu\/#Schnupperkurs_gefallig\" >K\u00f3stol\u00f3 tanfolyamra v\u00e1gyik?<\/a><\/li><li class='ez-toc-page-1 ez-toc-heading-level-2'><a class=\"ez-toc-link ez-toc-heading-5\" href=\"https:\/\/amakira.de\/hu\/#Blog-Beitrage_%E2%80%93_Atherische_Ole_im_Alltag_in_Theorie_und_Praxis\" >Blogbejegyz\u00e9sek - Ill\u00f3olajok a mindennapi \u00e9letben elm\u00e9letben \u00e9s gyakorlatban<\/a><\/li><\/ul><\/nav><\/div>\n<span class=\"span-reading-time rt-reading-time\" style=\"display: block;\"><span class=\"rt-label rt-prefix\">Olvas\u00e1si id\u0151<\/span> <span class=\"rt-time\"> 2<\/span> <span class=\"rt-label rt-postfix\">percek<\/span><\/span>\n<p>Az ill\u00f3olajok var\u00e1zslatos vil\u00e1ga mindig leny\u0171g\u00f6z. Egyetlen csepp borsmentaolaj p\u00e9ld\u00e1ul 28 cs\u00e9sze borsmentatea hat\u00f3anyagait tartalmazza!<br>Egyes olajokat azonnal a helysz\u00ednen, a helysz\u00ednen kell lep\u00e1rolni, mert az olajat tartalmaz\u00f3 kapszul\u00e1k a sz\u00e1ll\u00edt\u00e1s sor\u00e1n felrepedn\u00e9nek, \u00e9s az olaj elveszne. Minden ill\u00f3olaj teljesen tiszta. Ezt t\u00f6bb mint 50 vizsg\u00e1lat garant\u00e1lja, a talajmint\u00e1kt\u00f3l kezdve a g\u00e1zkromatogr\u00e1fi\u00e1s t\u00f6megspektrometri\u00e1s t\u00e9teles elemz\u00e9sig. Ezek az elemz\u00e9sek minden v\u00e1s\u00e1rl\u00f3 sz\u00e1m\u00e1ra el\u00e9rhet\u0151ek az interneten: minden palackon egy sz\u00e1mk\u00f3d tal\u00e1lhat\u00f3, amellyel a megfelel\u0151 elemz\u00e9shez hozz\u00e1f\u00e9rhet. <a href=\"https:\/\/sourcetoyou.com\/de\/\" data-type=\"link\" data-id=\"https:\/\/sourcetoyou.com\/de\/\" target=\"_blank\" rel=\"noreferrer noopener\">visszakereshet\u0151<\/a> az.<br>Az olajkever\u00e9keket tudom\u00e1nyos, k\u00f6zz\u00e9tett tanulm\u00e1nyokon alapul\u00f3 hat\u00e1sspecifikus krit\u00e9riumok alapj\u00e1n \u00e1ll\u00edtj\u00e1k \u00f6ssze a maxim\u00e1lis hat\u00e9konys\u00e1g biztos\u00edt\u00e1sa \u00e9rdek\u00e9ben.<br>Ha a sz\u00fcks\u00e9ges olajmin\u0151s\u00e9gek elegend\u0151 term\u00e9s hi\u00e1ny\u00e1ban m\u00e1r nem \u00e1llnak rendelkez\u00e9sre, akkor a k\u00f6vetkez\u0151 betakar\u00edt\u00e1sig nem \u00e1llnak rendelkez\u00e9sre. d\u014dTerra nem v\u00e1s\u00e1rol olajat az olajb\u00f6rz\u00e9ken, mivel a k\u00fcl\u00f6nb\u00f6z\u0151 termel\u0151kt\u0151l sz\u00e1rmaz\u00f3 olajok kevered\u00e9se miatt a sz\u00e1rmaz\u00e1s m\u00e1r nem k\u00f6vethet\u0151 nyomon.<br>A d\u014dTerra kiz\u00e1r\u00f3lag saj\u00e1t termel\u0151it\u0151l szerzi be az ill\u00f3olajokat, hogy biztos\u00edtsa az olajok teljes nyomon k\u00f6vethet\u0151s\u00e9g\u00e9t.<\/p>\n\n\n\n<p><p style=\"font-family:'Brush Script MT', cursive; font-size: 3em;\">\u00c9lvezze a l\u00e1togat\u00e1st a honlapomon!<\/p><\/p>\n\n\n\n<p>Az aromater\u00e1pi\u00e1r\u00f3l szerzett \u00e1ltal\u00e1nos ismereteimet t\u00e1voktat\u00e1ssal m\u00e9ly\u00edtettem el, \u00e9s massz\u00e1zs- \u00e9s wellness-terapeutak\u00e9nt, valamint az Aroma Touch-ban is haszn\u00e1lom.<sup>\u00ae<\/sup> technol\u00f3gia. A k\u00fcl\u00f6nb\u00f6z\u0151 tanfolyamokon k\u00edv\u00fcl szem\u00e9lyes, egyenk\u00e9nt 45 perces online konzult\u00e1ci\u00f3kat is k\u00edn\u00e1lok.<\/p>\n\n\n\n<p>Az els\u0151 ingyenes konzult\u00e1ci\u00f3nk sor\u00e1n szeretn\u00e9k csal\u00e1dias l\u00e9gk\u00f6rt teremteni, bemutatkozni \u00e9s megismerni \u00d6nt \u00e9s az \u00d6n probl\u00e9m\u00e1it. Amint kialak\u00edtottuk a kapcsolatot \u00e9s a bizalmi alapot, megmutatom \u00d6nnek a lehets\u00e9ges megold\u00e1sokat, \u00e9s k\u00f6z\u00f6sen kidolgozunk egy megfelel\u0151 strat\u00e9gi\u00e1t.<\/p>\n\n\n\n<p>Ezenk\u00edv\u00fcl hozz\u00e1f\u00e9r\u00e9st kap az egy\u00fcttm\u0171k\u00f6d\u00e9s sor\u00e1n felmer\u00fcl\u0151 \u00f6sszes dokumentumhoz \u00e9s tartalomhoz, \u00edgy b\u00e1rmikor visszatekinthet r\u00e1juk, hogy l\u00e1ssa, mi volt hasznos az adott helyzetben. Ez azt jelenti, hogy \u00d6n t\u00f6bbsz\u00f6r\u00f6sen is profit\u00e1l az egy\u00fcttm\u0171k\u00f6d\u00e9s\u00fcnkb\u0151l! Term\u00e9szetesen b\u00e1rmikor foglalhat \u00fajabb id\u0151pontot, ha tan\u00e1csra \u00e9s t\u00e1mogat\u00e1sra van sz\u00fcks\u00e9ge.<\/p>\n\n\n\n<div class=\"wp-block-buttons alignfull is-content-justification-center is-layout-flex wp-container-core-buttons-is-layout-16018d1d wp-block-buttons-is-layout-flex\">\n<div class=\"wp-block-button has-custom-width wp-block-button__width-75 is-style-primary\"><a class=\"wp-block-button__link has-background wp-element-button\" href=\"https:\/\/amakira.de\/hu\/online-termin-buchung\/\" style=\"border-style:none;border-width:0px;border-radius:0px;background-color:#598749;padding-top:var(--wp--preset--spacing--30);padding-right:0;padding-bottom:var(--wp--preset--spacing--30);padding-left:0\" target=\"_blank\" rel=\"noreferrer noopener\">Foglaljon id\u0151pontot online<\/a><\/div>\n<\/div>\n\n\n\n<div style=\"height:100px\" aria-hidden=\"true\" class=\"wp-block-spacer\"><\/div>\n\n\n\n<figure class=\"wp-block-image wp-duotone-unset-1\"><img loading=\"lazy\" decoding=\"async\" width=\"1280\" height=\"305\" src=\"https:\/\/amakira.de\/wp-content\/uploads\/2024\/01\/Banner.webp\" alt=\"\" class=\"wp-image-1617\" srcset=\"https:\/\/amakira.de\/wp-content\/uploads\/2024\/01\/Banner.webp 1280w, https:\/\/amakira.de\/wp-content\/uploads\/2024\/01\/Banner-300x71.webp 300w, https:\/\/amakira.de\/wp-content\/uploads\/2024\/01\/Banner-1024x244.webp 1024w, https:\/\/amakira.de\/wp-content\/uploads\/2024\/01\/Banner-768x183.webp 768w\" sizes=\"auto, (max-width: 1280px) 100vw, 1280px\" \/><\/figure>\n\n\n\n<div style=\"height:100px\" aria-hidden=\"true\" class=\"wp-block-spacer\"><\/div>\n\n\n\n<div class=\"wp-block-columns is-layout-flex wp-container-core-columns-is-layout-9d6595d7 wp-block-columns-is-layout-flex\">\n<div class=\"wp-block-column is-layout-flow wp-block-column-is-layout-flow\">\n<h2 class=\"wp-block-heading\"><span class=\"ez-toc-section\" id=\"Fur_den_Eigenbedarf_%E2%80%A6\"><\/span>A <a href=\"https:\/\/amakira.de\/hu\/fuer-den-eigenbedarf\/\" target=\"_blank\" rel=\"noreferrer noopener\">Saj\u00e1t haszn\u00e1latra<\/a> &#8230;<span class=\"ez-toc-section-end\"><\/span><\/h2>\n\n\n\n<figure class=\"wp-block-image size-full\"><a href=\"https:\/\/amakira.de\/hu\/fuer-den-eigenbedarf\/\" target=\"_blank\" rel=\"noreferrer noopener\"><img loading=\"lazy\" decoding=\"async\" width=\"1024\" height=\"463\" src=\"https:\/\/amakira.de\/wp-content\/uploads\/2024\/01\/Passion_1.webp\" alt=\"\" class=\"wp-image-1615\" srcset=\"https:\/\/amakira.de\/wp-content\/uploads\/2024\/01\/Passion_1.webp 1024w, https:\/\/amakira.de\/wp-content\/uploads\/2024\/01\/Passion_1-300x136.webp 300w, https:\/\/amakira.de\/wp-content\/uploads\/2024\/01\/Passion_1-768x347.webp 768w\" sizes=\"auto, (max-width: 1024px) 100vw, 1024px\" \/><\/a><\/figure>\n<\/div>\n\n\n\n<div class=\"wp-block-column is-layout-flow wp-block-column-is-layout-flow\">\n<h2 class=\"wp-block-heading\"><span class=\"ez-toc-section\" id=\"%E2%80%A6_mit_Kunden-Vorteil_%E2%80%A6\"><\/span>... a <a href=\"https:\/\/amakira.de\/hu\/mit-kunden-vorteil\/\" target=\"_blank\" rel=\"noreferrer noopener\">\u00dcgyf\u00e9lel\u0151ny<\/a> &#8230;<span class=\"ez-toc-section-end\"><\/span><\/h2>\n\n\n\n<figure class=\"wp-block-image size-full\"><a href=\"https:\/\/amakira.de\/hu\/mit-kunden-vorteil\/\" target=\"_blank\" rel=\"noreferrer noopener\"><img loading=\"lazy\" decoding=\"async\" width=\"1024\" height=\"463\" src=\"https:\/\/amakira.de\/wp-content\/uploads\/2024\/01\/Essentials_1.webp\" alt=\"\" class=\"wp-image-1614\" srcset=\"https:\/\/amakira.de\/wp-content\/uploads\/2024\/01\/Essentials_1.webp 1024w, https:\/\/amakira.de\/wp-content\/uploads\/2024\/01\/Essentials_1-300x136.webp 300w, https:\/\/amakira.de\/wp-content\/uploads\/2024\/01\/Essentials_1-768x347.webp 768w\" sizes=\"auto, (max-width: 1024px) 100vw, 1024px\" \/><\/a><\/figure>\n<\/div>\n<\/div>\n\n\n\n<div style=\"height:100px\" aria-hidden=\"true\" class=\"wp-block-spacer\"><\/div>\n\n\n\n<h2 class=\"wp-block-heading has-text-align-center\"><span class=\"ez-toc-section\" id=\"%E2%80%A6_oder_als_Wellness-Botschafter\"><\/span>... vagy mint <a href=\"https:\/\/amakira.de\/hu\/wellness-botschafter\/\" target=\"_blank\" rel=\"noreferrer noopener\">Wellness nagyk\u00f6vet<\/a>!<span class=\"ez-toc-section-end\"><\/span><\/h2>\n\n\n\n<figure class=\"wp-block-image aligncenter size-large\"><a href=\"https:\/\/amakira.de\/hu\/wellness-botschafter\/\" target=\"_blank\" rel=\"noreferrer noopener\"><img loading=\"lazy\" decoding=\"async\" width=\"1024\" height=\"574\" src=\"https:\/\/amakira.de\/wp-content\/uploads\/2024\/01\/image-1-1024x574.png\" alt=\"\" class=\"wp-image-1610\" srcset=\"https:\/\/amakira.de\/wp-content\/uploads\/2024\/01\/image-1-1024x574.png 1024w, https:\/\/amakira.de\/wp-content\/uploads\/2024\/01\/image-1-300x168.png 300w, https:\/\/amakira.de\/wp-content\/uploads\/2024\/01\/image-1-768x431.png 768w, https:\/\/amakira.de\/wp-content\/uploads\/2024\/01\/image-1.png 1280w\" sizes=\"auto, (max-width: 1024px) 100vw, 1024px\" \/><\/a><\/figure>\n\n\n\n<div style=\"height:100px\" aria-hidden=\"true\" class=\"wp-block-spacer\"><\/div>\n\n\n\n<h2 class=\"wp-block-heading\"><span class=\"ez-toc-section\" id=\"Schnupperkurs_gefallig\"><\/span>K\u00f3stol\u00f3 tanfolyamra v\u00e1gyik?<span class=\"ez-toc-section-end\"><\/span><\/h2>\n\n\n\n<p>A  oldalon. <em>T\u00e1virat<\/em> \u00e9s <em>WhatsApp<\/em> K\u00f6r\u00fclbel\u00fcl havonta k\u00edn\u00e1lok k\u00f3stol\u00f3 tanfolyamokat, amelyek bevezet\u00e9st ny\u00fajtanak az ill\u00f3olajok vil\u00e1g\u00e1ba, \u00e9s lehet\u0151s\u00e9get adnak a k\u00f6zvetlen p\u00e1rbesz\u00e9dre. Ha szeretne jelentkezni egy k\u00f3stol\u00f3 tanfolyamra, k\u00e9rem, l\u00e9pjen kapcsolatba velem az al\u00e1bbi c\u00edmen <a href=\"mailto:info@amakira.de\" data-type=\"mailto\" data-id=\"mailto:\/\/info@amakira.de\">Kapcsolatfelv\u00e9tel<\/a>.<\/p>\n\n\n\n<div style=\"height:100px\" aria-hidden=\"true\" class=\"wp-block-spacer\"><\/div>\n\n\n\n<h2 class=\"wp-block-heading\"><span class=\"ez-toc-section\" id=\"Blog-Beitrage_%E2%80%93_Atherische_Ole_im_Alltag_in_Theorie_und_Praxis\"><\/span>Blogbejegyz\u00e9sek - Ill\u00f3olajok a mindennapi \u00e9letben elm\u00e9letben \u00e9s gyakorlatban<span class=\"ez-toc-section-end\"><\/span><\/h2>\n\n\n\n<p><a href=\"https:\/\/amakira.de\/hu\/blog-beitraege\/\" target=\"_blank\" rel=\"noreferrer noopener\">Itt<\/a> az ill\u00f3olajok id\u0151r\u0151l id\u0151re bemutat\u00e1sra ker\u00fclnek, hat\u00e1sukat le\u00edrj\u00e1k, tudom\u00e1nyos tanulm\u00e1nyokat \u00e9s k\u00e9miai \u00f6sszef\u00fcgg\u00e9seket ismertetnek.<\/p>","protected":false},"excerpt":{"rendered":"<p><span class=\"span-reading-time rt-reading-time\" style=\"display: block;\"><span class=\"rt-label rt-prefix\">Olvas\u00e1si id\u0151<\/span> <span class=\"rt-time\"> 2<\/span> <span class=\"rt-label rt-postfix\">percek<\/span><\/span>Die zauberhafte Welt \u00e4therischer \u00d6le fasziniert immer wieder neu. So beinhaltet beispielsweise ein einziger Tropfen Pfefferminz-\u00d6l die Wirkstoffe von 28 Tassen Pfefferminz-Tee!Manche \u00d6le m\u00fcssen sogleich vor Ort, auf dem Feld, destilliert werden, weil die das \u00d6l beinhaltenden Kapseln bereits beim Transport platzen und das \u00d6l verloren ginge. Jedes \u00e4therische \u00d6l ist absolut rein. Dies garantieren&hellip;&nbsp;<a href=\"https:\/\/amakira.de\/hu\/\" class=\"\" rel=\"bookmark\">Read More &raquo;<span class=\"screen-reader-text\">\u00dcdv\u00f6z\u00f6lj\u00fck a d\u014dTerra ill\u00f3olajok vil\u00e1g\u00e1ban<\/span><\/a><\/p>","protected":false},"author":1,"featured_media":0,"parent":0,"menu_order":0,"comment_status":"closed","ping_status":"closed","template":"","meta":{"_lmt_disableupdate":"no","_lmt_disable":"","neve_meta_sidebar":"","neve_meta_container":"","neve_meta_enable_content_width":"","neve_meta_content_width":0,"neve_meta_title_alignment":"","neve_meta_author_avatar":"","neve_post_elements_order":"","neve_meta_disable_header":"","neve_meta_disable_footer":"","neve_meta_disable_title":"","_themeisle_gutenberg_block_has_review":false,"footnotes":""},"class_list":["post-1599","page","type-page","status-publish","hentry"],"_links":{"self":[{"href":"https:\/\/amakira.de\/hu\/wp-json\/wp\/v2\/pages\/1599","targetHints":{"allow":["GET"]}}],"collection":[{"href":"https:\/\/amakira.de\/hu\/wp-json\/wp\/v2\/pages"}],"about":[{"href":"https:\/\/amakira.de\/hu\/wp-json\/wp\/v2\/types\/page"}],"author":[{"embeddable":true,"href":"https:\/\/amakira.de\/hu\/wp-json\/wp\/v2\/users\/1"}],"replies":[{"embeddable":true,"href":"https:\/\/amakira.de\/hu\/wp-json\/wp\/v2\/comments?post=1599"}],"version-history":[{"count":26,"href":"https:\/\/amakira.de\/hu\/wp-json\/wp\/v2\/pages\/1599\/revisions"}],"predecessor-version":[{"id":2137,"href":"https:\/\/amakira.de\/hu\/wp-json\/wp\/v2\/pages\/1599\/revisions\/2137"}],"wp:attachment":[{"href":"https:\/\/amakira.de\/hu\/wp-json\/wp\/v2\/media?parent=1599"}],"curies":[{"name":"wp","href":"https:\/\/api.w.org\/{rel}","templated":true}]}}