{"id":1599,"date":"2024-01-22T10:19:19","date_gmt":"2024-01-22T10:19:19","guid":{"rendered":"https:\/\/amakira.mx\/?page_id=1599"},"modified":"2025-02-05T08:48:01","modified_gmt":"2025-02-05T08:48:01","slug":"willkommen-in-der-welt-aetherischer-oele-von-doterra","status":"publish","type":"page","link":"https:\/\/amakira.de\/fr\/","title":{"rendered":"Bienvenue dans le monde des huiles essentielles de d\u014dTerra"},"content":{"rendered":"<div id=\"ez-toc-container\" class=\"ez-toc-v2_0_82_2 counter-hierarchy ez-toc-counter ez-toc-grey ez-toc-container-direction\">\n<div class=\"ez-toc-title-container\">\n<p class=\"ez-toc-title\" style=\"cursor:inherit\">Inhaltsverzeichnis<\/p>\n<span class=\"ez-toc-title-toggle\"><\/span><\/div>\n<nav><ul class='ez-toc-list ez-toc-list-level-1' ><li class='ez-toc-page-1 ez-toc-heading-level-2'><a class=\"ez-toc-link ez-toc-heading-1\" href=\"https:\/\/amakira.de\/fr\/#Fur_den_Eigenbedarf_%E2%80%A6\" >Pour l'usage personnel ...<\/a><\/li><li class='ez-toc-page-1 ez-toc-heading-level-2'><a class=\"ez-toc-link ez-toc-heading-2\" href=\"https:\/\/amakira.de\/fr\/#%E2%80%A6_mit_Kunden-Vorteil_%E2%80%A6\" >... avec avantage client ...<\/a><\/li><li class='ez-toc-page-1 ez-toc-heading-level-2'><a class=\"ez-toc-link ez-toc-heading-3\" href=\"https:\/\/amakira.de\/fr\/#%E2%80%A6_oder_als_Wellness-Botschafter\" >... ou comme ambassadeur du bien-\u00eatre !<\/a><\/li><li class='ez-toc-page-1 ez-toc-heading-level-2'><a class=\"ez-toc-link ez-toc-heading-4\" href=\"https:\/\/amakira.de\/fr\/#Schnupperkurs_gefallig\" >Un cours d'essai ?<\/a><\/li><li class='ez-toc-page-1 ez-toc-heading-level-2'><a class=\"ez-toc-link ez-toc-heading-5\" href=\"https:\/\/amakira.de\/fr\/#Blog-Beitrage_%E2%80%93_Atherische_Ole_im_Alltag_in_Theorie_und_Praxis\" >Articles de blog - Les huiles essentielles au quotidien en th\u00e9orie et en pratique<\/a><\/li><\/ul><\/nav><\/div>\n<span class=\"span-reading-time rt-reading-time\" style=\"display: block;\"><span class=\"rt-label rt-prefix\">Dur\u00e9e de lecture<\/span> <span class=\"rt-time\"> 2<\/span> <span class=\"rt-label rt-postfix\">minutes<\/span><\/span>\n<p>Le monde enchanteur des huiles essentielles ne cesse de fasciner. Par exemple, une seule goutte d'huile essentielle de menthe poivr\u00e9e contient les principes actifs de 28 tasses de th\u00e9 \u00e0 la menthe !<br>Certaines huiles doivent \u00eatre distill\u00e9es sur place, dans les champs, car les capsules contenant l'huile se briseraient pendant le transport et l'huile serait perdue. Chaque huile essentielle est absolument pure. Plus de 50 tests le garantissent, depuis les \u00e9chantillons de sol jusqu'aux analyses par lots au moyen de la spectrom\u00e9trie de masse par chromatographie en phase gazeuse. Ces analyses sont disponibles en ligne pour chaque acheteur : chaque bouteille porte un code num\u00e9rique qui permet d'acc\u00e9der \u00e0 l'analyse correspondante. <a href=\"https:\/\/sourcetoyou.com\/de\/\" data-type=\"link\" data-id=\"https:\/\/sourcetoyou.com\/de\/\" target=\"_blank\" rel=\"noreferrer noopener\">consultable sur<\/a> est<br>Les m\u00e9langes d'huiles sont compos\u00e9s selon des crit\u00e8res d'efficacit\u00e9 sp\u00e9cifiques, bas\u00e9s sur des \u00e9tudes scientifiques publi\u00e9es, afin de garantir une efficacit\u00e9 maximale.<br>Si les qualit\u00e9s d'huile requises ne sont plus disponibles faute de r\u00e9coltes suffisantes, elles ne seront plus livrables jusqu'\u00e0 la prochaine r\u00e9colte. d\u014dTerra n'ach\u00e8te pas d'huiles dans les bourses d'huile, car le m\u00e9lange d'huiles provenant de divers producteurs ne permet plus d'en retracer l'origine.<br>d\u014dTerra s'approvisionne en huiles essentielles exclusivement aupr\u00e8s de ses propres producteurs, afin de pouvoir garantir une tra\u00e7abilit\u00e9 sans faille des huiles.<\/p>\n\n\n\n<p><p style=\"font-family:'Brush Script MT', cursive; font-size: 3em;\">Je vous souhaite une bonne visite sur mon site !<\/p><\/p>\n\n\n\n<p>J'ai approfondi mes connaissances g\u00e9n\u00e9rales en aromath\u00e9rapie en suivant des cours par correspondance et je les utilise \u00e9galement en tant que massoth\u00e9rapeute et th\u00e9rapeute du bien-\u00eatre, ainsi que dans l'Aroma Touch.<sup>\u00ae<\/sup> de la technique. Outre divers cours, je propose \u00e9galement des consultations personnelles en ligne d'une dur\u00e9e de 45 minutes chacune.<\/p>\n\n\n\n<p>Lors de notre premier entretien gratuit, j'aimerais cr\u00e9er une atmosph\u00e8re de confiance, me pr\u00e9senter, faire connaissance avec toi et ta demande. Une fois la sympathie et la confiance \u00e9tablies, je te montrerai des solutions possibles et nous \u00e9laborerons ensemble une strat\u00e9gie appropri\u00e9e.<\/p>\n\n\n\n<p>De plus, tu auras acc\u00e8s \u00e0 tous les documents et contenus qui seront produits au cours de la collaboration, afin de pouvoir relire \u00e0 tout moment ce qui t'a \u00e9t\u00e9 utile dans une situation donn\u00e9e. Tu profites ainsi plusieurs fois de notre collaboration ! Bien entendu, tu peux \u00e0 tout moment demander un nouveau rendez-vous si tu as besoin de conseils et de soutien.<\/p>\n\n\n\n<div class=\"wp-block-buttons alignfull is-content-justification-center is-layout-flex wp-container-core-buttons-is-layout-16018d1d wp-block-buttons-is-layout-flex\">\n<div class=\"wp-block-button has-custom-width wp-block-button__width-75 is-style-primary\"><a class=\"wp-block-button__link has-background wp-element-button\" href=\"https:\/\/amakira.de\/fr\/online-termin-buchung\/\" style=\"border-style:none;border-width:0px;border-radius:0px;background-color:#598749;padding-top:var(--wp--preset--spacing--30);padding-right:0;padding-bottom:var(--wp--preset--spacing--30);padding-left:0\" target=\"_blank\" rel=\"noreferrer noopener\">R\u00e9server un rendez-vous en ligne<\/a><\/div>\n<\/div>\n\n\n\n<div style=\"height:100px\" aria-hidden=\"true\" class=\"wp-block-spacer\"><\/div>\n\n\n\n<figure class=\"wp-block-image wp-duotone-unset-1\"><img loading=\"lazy\" decoding=\"async\" width=\"1280\" height=\"305\" src=\"https:\/\/amakira.de\/wp-content\/uploads\/2024\/01\/Banner.webp\" alt=\"\" class=\"wp-image-1617\" srcset=\"https:\/\/amakira.de\/wp-content\/uploads\/2024\/01\/Banner.webp 1280w, https:\/\/amakira.de\/wp-content\/uploads\/2024\/01\/Banner-300x71.webp 300w, https:\/\/amakira.de\/wp-content\/uploads\/2024\/01\/Banner-1024x244.webp 1024w, https:\/\/amakira.de\/wp-content\/uploads\/2024\/01\/Banner-768x183.webp 768w\" sizes=\"auto, (max-width: 1280px) 100vw, 1280px\" \/><\/figure>\n\n\n\n<div style=\"height:100px\" aria-hidden=\"true\" class=\"wp-block-spacer\"><\/div>\n\n\n\n<div class=\"wp-block-columns is-layout-flex wp-container-core-columns-is-layout-9d6595d7 wp-block-columns-is-layout-flex\">\n<div class=\"wp-block-column is-layout-flow wp-block-column-is-layout-flow\">\n<h2 class=\"wp-block-heading\"><span class=\"ez-toc-section\" id=\"Fur_den_Eigenbedarf_%E2%80%A6\"><\/span>Pour le <a href=\"https:\/\/amakira.de\/fr\/fuer-den-eigenbedarf\/\" target=\"_blank\" rel=\"noreferrer noopener\">Besoin personnel<\/a> &#8230;<span class=\"ez-toc-section-end\"><\/span><\/h2>\n\n\n\n<figure class=\"wp-block-image size-full\"><a href=\"https:\/\/amakira.de\/fr\/fuer-den-eigenbedarf\/\" target=\"_blank\" rel=\"noreferrer noopener\"><img loading=\"lazy\" decoding=\"async\" width=\"1024\" height=\"463\" src=\"https:\/\/amakira.de\/wp-content\/uploads\/2024\/01\/Passion_1.webp\" alt=\"\" class=\"wp-image-1615\" srcset=\"https:\/\/amakira.de\/wp-content\/uploads\/2024\/01\/Passion_1.webp 1024w, https:\/\/amakira.de\/wp-content\/uploads\/2024\/01\/Passion_1-300x136.webp 300w, https:\/\/amakira.de\/wp-content\/uploads\/2024\/01\/Passion_1-768x347.webp 768w\" sizes=\"auto, (max-width: 1024px) 100vw, 1024px\" \/><\/a><\/figure>\n<\/div>\n\n\n\n<div class=\"wp-block-column is-layout-flow wp-block-column-is-layout-flow\">\n<h2 class=\"wp-block-heading\"><span class=\"ez-toc-section\" id=\"%E2%80%A6_mit_Kunden-Vorteil_%E2%80%A6\"><\/span>... avec <a href=\"https:\/\/amakira.de\/fr\/mit-kunden-vorteil\/\" target=\"_blank\" rel=\"noreferrer noopener\">Avantage client<\/a> &#8230;<span class=\"ez-toc-section-end\"><\/span><\/h2>\n\n\n\n<figure class=\"wp-block-image size-full\"><a href=\"https:\/\/amakira.de\/fr\/mit-kunden-vorteil\/\" target=\"_blank\" rel=\"noreferrer noopener\"><img loading=\"lazy\" decoding=\"async\" width=\"1024\" height=\"463\" src=\"https:\/\/amakira.de\/wp-content\/uploads\/2024\/01\/Essentials_1.webp\" alt=\"\" class=\"wp-image-1614\" srcset=\"https:\/\/amakira.de\/wp-content\/uploads\/2024\/01\/Essentials_1.webp 1024w, https:\/\/amakira.de\/wp-content\/uploads\/2024\/01\/Essentials_1-300x136.webp 300w, https:\/\/amakira.de\/wp-content\/uploads\/2024\/01\/Essentials_1-768x347.webp 768w\" sizes=\"auto, (max-width: 1024px) 100vw, 1024px\" \/><\/a><\/figure>\n<\/div>\n<\/div>\n\n\n\n<div style=\"height:100px\" aria-hidden=\"true\" class=\"wp-block-spacer\"><\/div>\n\n\n\n<h2 class=\"wp-block-heading has-text-align-center\"><span class=\"ez-toc-section\" id=\"%E2%80%A6_oder_als_Wellness-Botschafter\"><\/span>... ou comme <a href=\"https:\/\/amakira.de\/fr\/wellness-botschafter\/\" target=\"_blank\" rel=\"noreferrer noopener\">Ambassadeur du bien-\u00eatre<\/a>!<span class=\"ez-toc-section-end\"><\/span><\/h2>\n\n\n\n<figure class=\"wp-block-image aligncenter size-large\"><a href=\"https:\/\/amakira.de\/fr\/wellness-botschafter\/\" target=\"_blank\" rel=\"noreferrer noopener\"><img loading=\"lazy\" decoding=\"async\" width=\"1024\" height=\"574\" src=\"https:\/\/amakira.de\/wp-content\/uploads\/2024\/01\/image-1-1024x574.png\" alt=\"\" class=\"wp-image-1610\" srcset=\"https:\/\/amakira.de\/wp-content\/uploads\/2024\/01\/image-1-1024x574.png 1024w, https:\/\/amakira.de\/wp-content\/uploads\/2024\/01\/image-1-300x168.png 300w, https:\/\/amakira.de\/wp-content\/uploads\/2024\/01\/image-1-768x431.png 768w, https:\/\/amakira.de\/wp-content\/uploads\/2024\/01\/image-1.png 1280w\" sizes=\"auto, (max-width: 1024px) 100vw, 1024px\" \/><\/a><\/figure>\n\n\n\n<div style=\"height:100px\" aria-hidden=\"true\" class=\"wp-block-spacer\"><\/div>\n\n\n\n<h2 class=\"wp-block-heading\"><span class=\"ez-toc-section\" id=\"Schnupperkurs_gefallig\"><\/span>Un cours d'essai ?<span class=\"ez-toc-section-end\"><\/span><\/h2>\n\n\n\n<p>Sur <em>Telegram<\/em> et <em>WhatsApp<\/em> je propose des cours d'initiation environ une fois par mois, au cours desquels une introduction au monde des huiles essentielles est donn\u00e9e et o\u00f9 il est possible d'\u00e9changer directement. Si vous souhaitez vous inscrire \u00e0 un cours d'essai, n'h\u00e9sitez pas \u00e0 me contacter. <a href=\"mailto:info@amakira.de\" data-type=\"mailto\" data-id=\"mailto:\/\/info@amakira.de\">contacter<\/a>.<\/p>\n\n\n\n<div style=\"height:100px\" aria-hidden=\"true\" class=\"wp-block-spacer\"><\/div>\n\n\n\n<h2 class=\"wp-block-heading\"><span class=\"ez-toc-section\" id=\"Blog-Beitrage_%E2%80%93_Atherische_Ole_im_Alltag_in_Theorie_und_Praxis\"><\/span>Articles de blog - Les huiles essentielles au quotidien en th\u00e9orie et en pratique<span class=\"ez-toc-section-end\"><\/span><\/h2>\n\n\n\n<p><a href=\"https:\/\/amakira.de\/fr\/blog-beitraege\/\" target=\"_blank\" rel=\"noreferrer noopener\">Ici<\/a> Les huiles essentielles sont pr\u00e9sent\u00e9es de temps en temps, leurs effets sont d\u00e9crits, des \u00e9tudes scientifiques ainsi que les relations chimiques sont expliqu\u00e9es.<\/p>","protected":false},"excerpt":{"rendered":"<p><span class=\"span-reading-time rt-reading-time\" style=\"display: block;\"><span class=\"rt-label rt-prefix\">Dur\u00e9e de lecture<\/span> <span class=\"rt-time\"> 2<\/span> <span class=\"rt-label rt-postfix\">minutes<\/span><\/span>Die zauberhafte Welt \u00e4therischer \u00d6le fasziniert immer wieder neu. So beinhaltet beispielsweise ein einziger Tropfen Pfefferminz-\u00d6l die Wirkstoffe von 28 Tassen Pfefferminz-Tee!Manche \u00d6le m\u00fcssen sogleich vor Ort, auf dem Feld, destilliert werden, weil die das \u00d6l beinhaltenden Kapseln bereits beim Transport platzen und das \u00d6l verloren ginge. Jedes \u00e4therische \u00d6l ist absolut rein. Dies garantieren&hellip;&nbsp;<a href=\"https:\/\/amakira.de\/fr\/\" class=\"\" rel=\"bookmark\">Lire la suite &raquo;<span class=\"screen-reader-text\">Bienvenue dans le monde des huiles essentielles de d\u014dTerra<\/span><\/a><\/p>","protected":false},"author":1,"featured_media":0,"parent":0,"menu_order":0,"comment_status":"closed","ping_status":"closed","template":"","meta":{"_lmt_disableupdate":"no","_lmt_disable":"","neve_meta_sidebar":"","neve_meta_container":"","neve_meta_enable_content_width":"","neve_meta_content_width":0,"neve_meta_title_alignment":"","neve_meta_author_avatar":"","neve_post_elements_order":"","neve_meta_disable_header":"","neve_meta_disable_footer":"","neve_meta_disable_title":"","_themeisle_gutenberg_block_has_review":false,"footnotes":""},"class_list":["post-1599","page","type-page","status-publish","hentry"],"_links":{"self":[{"href":"https:\/\/amakira.de\/fr\/wp-json\/wp\/v2\/pages\/1599","targetHints":{"allow":["GET"]}}],"collection":[{"href":"https:\/\/amakira.de\/fr\/wp-json\/wp\/v2\/pages"}],"about":[{"href":"https:\/\/amakira.de\/fr\/wp-json\/wp\/v2\/types\/page"}],"author":[{"embeddable":true,"href":"https:\/\/amakira.de\/fr\/wp-json\/wp\/v2\/users\/1"}],"replies":[{"embeddable":true,"href":"https:\/\/amakira.de\/fr\/wp-json\/wp\/v2\/comments?post=1599"}],"version-history":[{"count":26,"href":"https:\/\/amakira.de\/fr\/wp-json\/wp\/v2\/pages\/1599\/revisions"}],"predecessor-version":[{"id":2137,"href":"https:\/\/amakira.de\/fr\/wp-json\/wp\/v2\/pages\/1599\/revisions\/2137"}],"wp:attachment":[{"href":"https:\/\/amakira.de\/fr\/wp-json\/wp\/v2\/media?parent=1599"}],"curies":[{"name":"wp","href":"https:\/\/api.w.org\/{rel}","templated":true}]}}