{"id":1599,"date":"2024-01-22T10:19:19","date_gmt":"2024-01-22T10:19:19","guid":{"rendered":"https:\/\/amakira.mx\/?page_id=1599"},"modified":"2025-02-05T08:48:01","modified_gmt":"2025-02-05T08:48:01","slug":"willkommen-in-der-welt-aetherischer-oele-von-doterra","status":"publish","type":"page","link":"https:\/\/amakira.de\/fi\/","title":{"rendered":"Tervetuloa d\u014dTerran eteeristen \u00f6ljyjen maailmaan."},"content":{"rendered":"<div id=\"ez-toc-container\" class=\"ez-toc-v2_0_82_2 counter-hierarchy ez-toc-counter ez-toc-grey ez-toc-container-direction\">\n<div class=\"ez-toc-title-container\">\n<p class=\"ez-toc-title\" style=\"cursor:inherit\">Inhaltsverzeichnis<\/p>\n<span class=\"ez-toc-title-toggle\"><\/span><\/div>\n<nav><ul class='ez-toc-list ez-toc-list-level-1' ><li class='ez-toc-page-1 ez-toc-heading-level-2'><a class=\"ez-toc-link ez-toc-heading-1\" href=\"https:\/\/amakira.de\/fi\/#Fur_den_Eigenbedarf_%E2%80%A6\" >Henkil\u00f6kohtaiseen k\u00e4ytt\u00f6\u00f6n ...<\/a><\/li><li class='ez-toc-page-1 ez-toc-heading-level-2'><a class=\"ez-toc-link ez-toc-heading-2\" href=\"https:\/\/amakira.de\/fi\/#%E2%80%A6_mit_Kunden-Vorteil_%E2%80%A6\" >... asiakkaan etu ...<\/a><\/li><li class='ez-toc-page-1 ez-toc-heading-level-2'><a class=\"ez-toc-link ez-toc-heading-3\" href=\"https:\/\/amakira.de\/fi\/#%E2%80%A6_oder_als_Wellness-Botschafter\" >... tai hyvinvointil\u00e4hettil\u00e4\u00e4n\u00e4!<\/a><\/li><li class='ez-toc-page-1 ez-toc-heading-level-2'><a class=\"ez-toc-link ez-toc-heading-4\" href=\"https:\/\/amakira.de\/fi\/#Schnupperkurs_gefallig\" >Haluatko maistiaiskurssin?<\/a><\/li><li class='ez-toc-page-1 ez-toc-heading-level-2'><a class=\"ez-toc-link ez-toc-heading-5\" href=\"https:\/\/amakira.de\/fi\/#Blog-Beitrage_%E2%80%93_Atherische_Ole_im_Alltag_in_Theorie_und_Praxis\" >Blogikirjoitukset - Eteeriset \u00f6ljyt jokap\u00e4iv\u00e4isess\u00e4 el\u00e4m\u00e4ss\u00e4 teoriassa ja k\u00e4yt\u00e4nn\u00f6ss\u00e4<\/a><\/li><\/ul><\/nav><\/div>\n<span class=\"span-reading-time rt-reading-time\" style=\"display: block;\"><span class=\"rt-label rt-prefix\">Lukuaika<\/span> <span class=\"rt-time\"> 2<\/span> <span class=\"rt-label rt-postfix\">minuuttia<\/span><\/span>\n<p>Eteeristen \u00f6ljyjen maaginen maailma ei koskaan lakkaa kiehtomasta. Esimerkiksi yksi pisara piparminttu\u00f6ljy\u00e4 sis\u00e4lt\u00e4\u00e4 28 kupillisen piparminttuteet\u00e4 vastaavat tehoaineet!<br>Jotkin \u00f6ljyt on tislattava v\u00e4litt\u00f6m\u00e4sti paikan p\u00e4\u00e4ll\u00e4, kent\u00e4ll\u00e4, koska \u00f6ljy\u00e4 sis\u00e4lt\u00e4v\u00e4t kapselit puhkeaisivat kuljetuksen aikana ja \u00f6ljy h\u00e4vi\u00e4isi. Jokainen eteerinen \u00f6ljy on t\u00e4ysin puhdas. T\u00e4m\u00e4 taataan yli 50 testill\u00e4, jotka ulottuvat maaper\u00e4n\u00e4ytteist\u00e4 kaasukromatografiseen massaspektrometriseen analyysiin. N\u00e4m\u00e4 analyysit ovat jokaisen ostajan n\u00e4ht\u00e4vill\u00e4 verkossa: jokaisessa pullossa on numerokoodi, jonka avulla p\u00e4\u00e4see vastaavaan analyysiin. <a href=\"https:\/\/sourcetoyou.com\/de\/\" data-type=\"link\" data-id=\"https:\/\/sourcetoyou.com\/de\/\" target=\"_blank\" rel=\"noreferrer noopener\">haettavissa<\/a> on.<br>\u00d6ljysekoitukset on laadittu tieteellisiin, julkaistuihin tutkimuksiin perustuvien vaikutuskohtaisten kriteerien mukaisesti, jotta varmistetaan maksimaalinen tehokkuus.<br>Jos tarvittavia \u00f6ljylaatuja ei ole en\u00e4\u00e4 saatavilla riitt\u00e4v\u00e4n sadon puuttumisen vuoksi, niit\u00e4 ei ole saatavilla ennen seuraavaa satoa. d\u014dTerra ei osta \u00f6ljy\u00e4 \u00f6ljyp\u00f6rssist\u00e4, koska eri tuottajien \u00f6ljyj\u00e4 sekoittamalla alkuper\u00e4\u00e4 ei voida en\u00e4\u00e4 j\u00e4ljitt\u00e4\u00e4.<br>d\u014dTerra hankkii eteeriset \u00f6ljyt yksinomaan omilta tuottajiltaan varmistaakseen \u00f6ljyjen t\u00e4ydellisen j\u00e4ljitett\u00e4vyyden.<\/p>\n\n\n\n<p><p style=\"font-family:'Brush Script MT', cursive; font-size: 3em;\">Nauti vierailustasi verkkosivustollani!<\/p><\/p>\n\n\n\n<p>Olen syvent\u00e4nyt yleist\u00e4 tiet\u00e4myst\u00e4ni aromaterapiasta et\u00e4opiskelun kautta ja k\u00e4yt\u00e4n sit\u00e4 my\u00f6s hieronta- ja hyvinvointiterapeuttina sek\u00e4 Aroma Touchissa.<sup>\u00ae<\/sup> teknologia. Erilaisten kurssien lis\u00e4ksi tarjoan my\u00f6s henkil\u00f6kohtaisia verkkokonsultaatioita, jotka kest\u00e4v\u00e4t kukin 45 minuuttia.<\/p>\n\n\n\n<p>Ensimm\u00e4isess\u00e4 maksuttomassa konsultaatiossamme haluan luoda tutun ilmapiirin, esitell\u00e4 itseni ja tutustua sinuun ja huolenaiheisiisi. Kun olemme luoneet yhteisymm\u00e4rryksen ja luottamuspohjan, esittelen sinulle mahdollisia ratkaisuja ja laadimme yhdess\u00e4 sopivan strategian.<\/p>\n\n\n\n<p>Lis\u00e4ksi saat p\u00e4\u00e4syn kaikkiin yhteisty\u00f6n aikana syntyneisiin asiakirjoihin ja sis\u00e4lt\u00f6\u00f6n, jotta voit milloin tahansa palata niihin ja katsoa, mik\u00e4 oli sinulle hy\u00f6dyllist\u00e4 kulloisessakin tilanteessa. N\u00e4in hy\u00f6dyt yhteisty\u00f6st\u00e4mme moninkertaisesti! Voit tietenkin varata milloin tahansa uuden tapaamisen, jos tarvitset neuvoja ja tukea.<\/p>\n\n\n\n<div class=\"wp-block-buttons alignfull is-content-justification-center is-layout-flex wp-container-core-buttons-is-layout-16018d1d wp-block-buttons-is-layout-flex\">\n<div class=\"wp-block-button has-custom-width wp-block-button__width-75 is-style-primary\"><a class=\"wp-block-button__link has-background wp-element-button\" href=\"https:\/\/amakira.de\/fi\/online-termin-buchung\/\" style=\"border-style:none;border-width:0px;border-radius:0px;background-color:#598749;padding-top:var(--wp--preset--spacing--30);padding-right:0;padding-bottom:var(--wp--preset--spacing--30);padding-left:0\" target=\"_blank\" rel=\"noreferrer noopener\">Varaa aika verkossa<\/a><\/div>\n<\/div>\n\n\n\n<div style=\"height:100px\" aria-hidden=\"true\" class=\"wp-block-spacer\"><\/div>\n\n\n\n<figure class=\"wp-block-image wp-duotone-unset-1\"><img loading=\"lazy\" decoding=\"async\" width=\"1280\" height=\"305\" src=\"https:\/\/amakira.de\/wp-content\/uploads\/2024\/01\/Banner.webp\" alt=\"\" class=\"wp-image-1617\" srcset=\"https:\/\/amakira.de\/wp-content\/uploads\/2024\/01\/Banner.webp 1280w, https:\/\/amakira.de\/wp-content\/uploads\/2024\/01\/Banner-300x71.webp 300w, https:\/\/amakira.de\/wp-content\/uploads\/2024\/01\/Banner-1024x244.webp 1024w, https:\/\/amakira.de\/wp-content\/uploads\/2024\/01\/Banner-768x183.webp 768w\" sizes=\"auto, (max-width: 1280px) 100vw, 1280px\" \/><\/figure>\n\n\n\n<div style=\"height:100px\" aria-hidden=\"true\" class=\"wp-block-spacer\"><\/div>\n\n\n\n<div class=\"wp-block-columns is-layout-flex wp-container-core-columns-is-layout-9d6595d7 wp-block-columns-is-layout-flex\">\n<div class=\"wp-block-column is-layout-flow wp-block-column-is-layout-flow\">\n<h2 class=\"wp-block-heading\"><span class=\"ez-toc-section\" id=\"Fur_den_Eigenbedarf_%E2%80%A6\"><\/span>Sill\u00e4 <a href=\"https:\/\/amakira.de\/fi\/fuer-den-eigenbedarf\/\" target=\"_blank\" rel=\"noreferrer noopener\">Oma k\u00e4ytt\u00f6<\/a> &#8230;<span class=\"ez-toc-section-end\"><\/span><\/h2>\n\n\n\n<figure class=\"wp-block-image size-full\"><a href=\"https:\/\/amakira.de\/fi\/fuer-den-eigenbedarf\/\" target=\"_blank\" rel=\"noreferrer noopener\"><img loading=\"lazy\" decoding=\"async\" width=\"1024\" height=\"463\" src=\"https:\/\/amakira.de\/wp-content\/uploads\/2024\/01\/Passion_1.webp\" alt=\"\" class=\"wp-image-1615\" srcset=\"https:\/\/amakira.de\/wp-content\/uploads\/2024\/01\/Passion_1.webp 1024w, https:\/\/amakira.de\/wp-content\/uploads\/2024\/01\/Passion_1-300x136.webp 300w, https:\/\/amakira.de\/wp-content\/uploads\/2024\/01\/Passion_1-768x347.webp 768w\" sizes=\"auto, (max-width: 1024px) 100vw, 1024px\" \/><\/a><\/figure>\n<\/div>\n\n\n\n<div class=\"wp-block-column is-layout-flow wp-block-column-is-layout-flow\">\n<h2 class=\"wp-block-heading\"><span class=\"ez-toc-section\" id=\"%E2%80%A6_mit_Kunden-Vorteil_%E2%80%A6\"><\/span>... kanssa <a href=\"https:\/\/amakira.de\/fi\/mit-kunden-vorteil\/\" target=\"_blank\" rel=\"noreferrer noopener\">Asiakkaan etu<\/a> &#8230;<span class=\"ez-toc-section-end\"><\/span><\/h2>\n\n\n\n<figure class=\"wp-block-image size-full\"><a href=\"https:\/\/amakira.de\/fi\/mit-kunden-vorteil\/\" target=\"_blank\" rel=\"noreferrer noopener\"><img loading=\"lazy\" decoding=\"async\" width=\"1024\" height=\"463\" src=\"https:\/\/amakira.de\/wp-content\/uploads\/2024\/01\/Essentials_1.webp\" alt=\"\" class=\"wp-image-1614\" srcset=\"https:\/\/amakira.de\/wp-content\/uploads\/2024\/01\/Essentials_1.webp 1024w, https:\/\/amakira.de\/wp-content\/uploads\/2024\/01\/Essentials_1-300x136.webp 300w, https:\/\/amakira.de\/wp-content\/uploads\/2024\/01\/Essentials_1-768x347.webp 768w\" sizes=\"auto, (max-width: 1024px) 100vw, 1024px\" \/><\/a><\/figure>\n<\/div>\n<\/div>\n\n\n\n<div style=\"height:100px\" aria-hidden=\"true\" class=\"wp-block-spacer\"><\/div>\n\n\n\n<h2 class=\"wp-block-heading has-text-align-center\"><span class=\"ez-toc-section\" id=\"%E2%80%A6_oder_als_Wellness-Botschafter\"><\/span>... tai <a href=\"https:\/\/amakira.de\/fi\/wellness-botschafter\/\" target=\"_blank\" rel=\"noreferrer noopener\">Wellness-l\u00e4hettil\u00e4s<\/a>!<span class=\"ez-toc-section-end\"><\/span><\/h2>\n\n\n\n<figure class=\"wp-block-image aligncenter size-large\"><a href=\"https:\/\/amakira.de\/fi\/wellness-botschafter\/\" target=\"_blank\" rel=\"noreferrer noopener\"><img loading=\"lazy\" decoding=\"async\" width=\"1024\" height=\"574\" src=\"https:\/\/amakira.de\/wp-content\/uploads\/2024\/01\/image-1-1024x574.png\" alt=\"\" class=\"wp-image-1610\" srcset=\"https:\/\/amakira.de\/wp-content\/uploads\/2024\/01\/image-1-1024x574.png 1024w, https:\/\/amakira.de\/wp-content\/uploads\/2024\/01\/image-1-300x168.png 300w, https:\/\/amakira.de\/wp-content\/uploads\/2024\/01\/image-1-768x431.png 768w, https:\/\/amakira.de\/wp-content\/uploads\/2024\/01\/image-1.png 1280w\" sizes=\"auto, (max-width: 1024px) 100vw, 1024px\" \/><\/a><\/figure>\n\n\n\n<div style=\"height:100px\" aria-hidden=\"true\" class=\"wp-block-spacer\"><\/div>\n\n\n\n<h2 class=\"wp-block-heading\"><span class=\"ez-toc-section\" id=\"Schnupperkurs_gefallig\"><\/span>Haluatko maistiaiskurssin?<span class=\"ez-toc-section-end\"><\/span><\/h2>\n\n\n\n<p>Osoitteessa <em>Telegrammi<\/em> ja <em>WhatsApp<\/em> Tarjoan noin kuukauden v\u00e4lein maistiaiskursseja, jotka johdattavat eteeristen \u00f6ljyjen maailmaan ja tarjoavat mahdollisuuden suoraan keskusteluun. Jos haluat ilmoittautua maistiaiskurssille, ota yhteytt\u00e4 minuun osoitteessa <a href=\"mailto:info@amakira.de\" data-type=\"mailto\" data-id=\"mailto:\/\/info@amakira.de\">Ota yhteytt\u00e4<\/a>.<\/p>\n\n\n\n<div style=\"height:100px\" aria-hidden=\"true\" class=\"wp-block-spacer\"><\/div>\n\n\n\n<h2 class=\"wp-block-heading\"><span class=\"ez-toc-section\" id=\"Blog-Beitrage_%E2%80%93_Atherische_Ole_im_Alltag_in_Theorie_und_Praxis\"><\/span>Blogikirjoitukset - Eteeriset \u00f6ljyt jokap\u00e4iv\u00e4isess\u00e4 el\u00e4m\u00e4ss\u00e4 teoriassa ja k\u00e4yt\u00e4nn\u00f6ss\u00e4<span class=\"ez-toc-section-end\"><\/span><\/h2>\n\n\n\n<p><a href=\"https:\/\/amakira.de\/fi\/blog-beitraege\/\" target=\"_blank\" rel=\"noreferrer noopener\">T\u00e4ss\u00e4<\/a> Eteerisi\u00e4 \u00f6ljyj\u00e4 esitell\u00e4\u00e4n aika ajoin, niiden vaikutuksia kuvataan, tieteellisi\u00e4 tutkimuksia ja kemiallisia suhteita selitet\u00e4\u00e4n.<\/p>","protected":false},"excerpt":{"rendered":"<p><span class=\"span-reading-time rt-reading-time\" style=\"display: block;\"><span class=\"rt-label rt-prefix\">Lukuaika<\/span> <span class=\"rt-time\"> 2<\/span> <span class=\"rt-label rt-postfix\">minuuttia<\/span><\/span>Die zauberhafte Welt \u00e4therischer \u00d6le fasziniert immer wieder neu. So beinhaltet beispielsweise ein einziger Tropfen Pfefferminz-\u00d6l die Wirkstoffe von 28 Tassen Pfefferminz-Tee!Manche \u00d6le m\u00fcssen sogleich vor Ort, auf dem Feld, destilliert werden, weil die das \u00d6l beinhaltenden Kapseln bereits beim Transport platzen und das \u00d6l verloren ginge. Jedes \u00e4therische \u00d6l ist absolut rein. Dies garantieren&hellip;&nbsp;<a href=\"https:\/\/amakira.de\/fi\/\" class=\"\" rel=\"bookmark\">Lue lis\u00e4\u00e4 &raquo;<span class=\"screen-reader-text\">Tervetuloa d\u014dTerran eteeristen \u00f6ljyjen maailmaan.<\/span><\/a><\/p>","protected":false},"author":1,"featured_media":0,"parent":0,"menu_order":0,"comment_status":"closed","ping_status":"closed","template":"","meta":{"_lmt_disableupdate":"no","_lmt_disable":"","neve_meta_sidebar":"","neve_meta_container":"","neve_meta_enable_content_width":"","neve_meta_content_width":0,"neve_meta_title_alignment":"","neve_meta_author_avatar":"","neve_post_elements_order":"","neve_meta_disable_header":"","neve_meta_disable_footer":"","neve_meta_disable_title":"","_themeisle_gutenberg_block_has_review":false,"footnotes":""},"class_list":["post-1599","page","type-page","status-publish","hentry"],"_links":{"self":[{"href":"https:\/\/amakira.de\/fi\/wp-json\/wp\/v2\/pages\/1599","targetHints":{"allow":["GET"]}}],"collection":[{"href":"https:\/\/amakira.de\/fi\/wp-json\/wp\/v2\/pages"}],"about":[{"href":"https:\/\/amakira.de\/fi\/wp-json\/wp\/v2\/types\/page"}],"author":[{"embeddable":true,"href":"https:\/\/amakira.de\/fi\/wp-json\/wp\/v2\/users\/1"}],"replies":[{"embeddable":true,"href":"https:\/\/amakira.de\/fi\/wp-json\/wp\/v2\/comments?post=1599"}],"version-history":[{"count":26,"href":"https:\/\/amakira.de\/fi\/wp-json\/wp\/v2\/pages\/1599\/revisions"}],"predecessor-version":[{"id":2137,"href":"https:\/\/amakira.de\/fi\/wp-json\/wp\/v2\/pages\/1599\/revisions\/2137"}],"wp:attachment":[{"href":"https:\/\/amakira.de\/fi\/wp-json\/wp\/v2\/media?parent=1599"}],"curies":[{"name":"wp","href":"https:\/\/api.w.org\/{rel}","templated":true}]}}