{"id":1769,"date":"2024-02-05T19:17:08","date_gmt":"2024-02-05T19:17:08","guid":{"rendered":"https:\/\/amakira.mx\/?page_id=1769"},"modified":"2024-02-05T20:13:05","modified_gmt":"2024-02-05T20:13:05","slug":"online-termin-buchung","status":"publish","type":"page","link":"https:\/\/amakira.de\/en\/online-termin-buchung\/","title":{"rendered":"Online appointment booking"},"content":{"rendered":"<span class=\"span-reading-time rt-reading-time\" style=\"display: block;\"><span class=\"rt-label rt-prefix\">Reading time<\/span> <span class=\"rt-time\"> &lt; 1<\/span> <span class=\"rt-label rt-postfix\">minute<\/span><\/span>\n<p>Deine Online-Termin Buchung wird, neben der automatisierten Buchungs-Eingangsbest\u00e4tigung, nochmal pers\u00f6nlich eine Woche vor dem gebuchten Termin als Erinnerung und dem f\u00fcr den Termin generierten ZOOM-Link best\u00e4tigt. <\/p>\n\n\n\n<p>Ein Online-Beratungs-Termin beinhaltet 45 Minuten zu 59,95 Euro. Der Erst-Termin ist kostenfrei. Die Zahlung muss nach Erhalt des ZOOM-Links binnen 24 Stunden erfolgen (per Sofort-\u00dcberweisung oder Paypal), andernfalls wird der Beratungs-Termin automatisch storniert.<\/p>\n\n\n\n<p>Zum vereinbarten Termin loggst Du Dich bitte mit dem erhaltenen ZOOM-Link in das Meeting ein. Solltest Du zu fr\u00fch sein, erscheint ein entsprechender Hinweis, dass das Meeting in K\u00fcrze beginnt und Du sodann weitergeleitet wirst.<br>Da Termine meinerseits eingehalten werden m\u00fcssen, kann bei versp\u00e4tetem Eintreffen die verstrichene Zeit nicht angehangen werden. Deshalb: sei bitte p\u00fcnktlich ;-)!<\/p>\n\n\n\n<p>Solltest Du zu dem gebuchten Termin verhindert sein, kannst Du ihn bis 3 Tage zuvor absagen und neu terminieren. Vers\u00e4umst Du den Termin, so verfallen 50 % der gezahlten Buchungs-Geb\u00fchr. Die verbleibenden 50 % werden Dir jedoch anl\u00e4sslich einer Folgebuchung gutgeschrieben. Wird auch dieser Termin vers\u00e4umt, verf\u00e4llt die Buchungs-Geb\u00fchr in voller H\u00f6he.<\/p>\n\n\n\n<\/p> <!-- this p tag fixes a IE bug -->\n<link rel=\"stylesheet\" type=\"text\/css\" href=\"https:\/\/amakira.de\/wp-content\/plugins\/appointment-booking-calendar\/inc\/..\/TDE_AppCalendar\/all-css.css\" \/>\n<script>\nvar pathCalendar = \"\/en\";\nvar cpabc_global_date_format = '1';\nvar cpabc_global_military_time = '1';\nvar cpabc_global_start_weekday = '1';\nvar cpabc_global_mindate = '5\/12\/2026';\nvar cpabc_global_maxdate = '';\nvar cpabc_global_close_on_select = true;\nvar cpabc_global_cancel_text = 'Cancel';\nvar cpabc_global_pagedate = '5\/2026';\n<\/script>\n<script type=\"text\/javascript\">\n var cpabc_current_calendar_item;\n var cpabc_current_calendar_initialized = false;\n function apc_clear_date()\n {\n    document.getElementById(\"selDaycal\"+cpabc_current_calendar_item ).value = \"\";\n    cpabc_updateItem();\n }\n function cpabc_updateItem()\n {\n    document.getElementById(\"calarea_\"+cpabc_current_calendar_item).style.display = \"none\";\n    var i = document.FormEdit.cpabc_item.options.selectedIndex;\n    var selecteditem = document.FormEdit.cpabc_item.options[i].value;\n    cpabc_do_init(selecteditem);\n }\n function cpabc_do_init(id)\n {\n    try {\n        cpabc_current_calendar_item = id;\n        document.getElementById(\"calarea_\"+cpabc_current_calendar_item).style.display = \"\";\n        initAppCalendar(\"cal\"+cpabc_current_calendar_item,3,2,\"EN\",{m1:\"Please select the appointment time.\"});        cpabc_current_calendar_initialized = true;\n    } catch (e) {}    \n }\n function updatedate()\n {\n    if (document.getElementById(\"selDaycal\"+cpabc_current_calendar_item ).value != '')\n    {\n        var timead = \"\";\n        var hour = document.getElementById(\"selHourcal\"+cpabc_current_calendar_item ).value;\n        if (cpabc_global_military_time == '0')\n        {\n            if (parseInt(hour) > 12)\n            {\n                timead = \" pm\";\n                hour = parseInt(hour)-12;\n            }\n            else\n                timead = \" am\";\n        }\n        var minute = document.getElementById(\"selMinutecal\"+cpabc_current_calendar_item ).value;\n        if (minute.length == 1)\n            minute = \"0\"+minute;\n        minute = hour + \":\" + minute + timead;\n    }\n }\n <\/script>\n<form class=\"cpp_form no-prefetch\" id=\"cp_abcform_pform\" name=\"FormEdit\" action=\"\/en\/online-termin-buchung\/?abcnocache=572812\" method=\"post\" onsubmit=\"return doValidate(this);\" data-trp-original-action=\"\/en\/online-termin-buchung\/?abcnocache=572812\">\r\n<input name=\"_wpnonce\" type=\"hidden\" value=\"b4b88aa26d\" \/>\r\n<input name=\"cpabc_appointments_post\" type=\"hidden\" value=\"1\" \/><input name=\"cpabc_appointments_utime\" type=\"hidden\"  value=\"\" \/>\r\n<div style=\"display:none\">\r\n  Calendar<br \/>\r\n  <select name=\"cpabc_item\" id=\"cpabc_item\" onchange=\"cpabc_updateItem()\"><option value=\"1\">Calendar Item 1<\/option><\/select><br \/><br \/>\r\n<\/div>\r\n<div class=\"abc_selectdate fields\">Select date and time:<\/div><div id=\"calarea_1\" style=\"display:none\"><input name=\"selDaycal1\" type=\"hidden\" id=\"selDaycal1\" \/><input name=\"selMonthcal1\" type=\"hidden\" id=\"selMonthcal1\" \/><input name=\"selYearcal1\" type=\"hidden\" id=\"selYearcal1\" \/><input name=\"selHourcal1\" type=\"hidden\" id=\"selHourcal1\" \/><input name=\"selMinutecal1\" type=\"hidden\" id=\"selMinutecal1\" \/><div class=\"appContainer\"><div style=\"z-index:1000;\" class=\"appContainer2\"><div id=\"cal1Container\"><\/div><\/div><\/div> <div style=\"clear:both;\"><\/div><div id=\"listcal1\" class=\"listcal\"><\/div><\/div><div style=\"clear:both;\"><\/div>\r\nYour phone number:<br \/>\r\n<input type=\"text\" name=\"phone\" value=\"\"><br \/>\r\nYour name:<br \/>\r\n<input type=\"text\" name=\"name\" value=\"\"><br \/>\r\nYour email:<br \/>\r\n<input type=\"email\" name=\"email\" value=\"\"><br \/>\r\nComments\/Questions:<br \/>\r\n<textarea name=\"question\" style=\"width:100%\"><\/textarea><br \/>\r\n  Please enter the security code:<br \/>\r\n  <img decoding=\"async\" src=\"\/en\/?cpabc_app=captcha&amp;inAdmin=1&amp;min_size=20&amp;max_size=25&amp;noise=100&amp;noiselength=3&amp;font=font4\"  id=\"captchaimg\" alt=\"security code\" border=\"0\" class=\"skip-lazy\"  \/>\r\n  <br \/>\r\n  Security Code:<br \/>\r\n  <div class=\"dfield\">\r\n  <input type=\"text\" size=\"20\" name=\"hdcaptcha\" id=\"hdcaptcha\" value=\"\" \/>\r\n  <div class=\"error message\" id=\"hdcaptcha_error\" generated=\"true\" style=\"display:none;position: absolute; left: 0px; top: 25px;\"><\/div>\r\n  <\/div>\r\n  <br \/>\r\n<input type=\"submit\" name=\"subbtn\" class=\"cp_subbtn\" value=\"Buchung absenden\">\r\n<input type=\"hidden\" name=\"trp-form-language\" value=\"en\"\/><\/form>\r\n\r\n\r\n<script type=\"text\/javascript\">\n var cpabc_click_enabled = true;  \n var cpabc_max_slots = 1;\n var cpabc_max_slots_text = 'Please select a maximum of %1 time-slots. Currently selected: %2 time-slots.';\n cpabc_max_slots_text = cpabc_max_slots_text.replace('%1',cpabc_max_slots);\n cpabc_max_slots_text = cpabc_max_slots_text.replace('%2',cpabc_max_slots);\n cpabc_current_calendar_item = 1;\n cpabc_do_init(cpabc_current_calendar_item);\n setInterval('updatedate()',200);\n function doValidate(form)\n {\n    if (!cpabc_click_enabled) return false;\n    var visitortime = new Date();\n    form.cpabc_appointments_utime.value = \"GMT \" + -visitortime.getTimezoneOffset()\/60;\n    if (form.phone.value == '')\n    {\n        alert('Please enter a valid phone number.');\n        return false;\n    }\n    if (form.email.value == '')\n    {\n        alert('Please enter a valid email address.');\n        return false;\n    }\n    if (form.name.value == '')\n    {\n        alert('Please write your name.');\n        return false;\n    }\n    var selst = \"\"+document.getElementById(\"selDaycal\"+cpabc_current_calendar_item).value;    \n    if (selst == '')\n    {\n        alert('Please select date and time.');\n        return false;\n    }\n    selst = selst.match(\/;\/g);selst = selst.length;\n    if (selst < 1)\n    {\n        var almsg = 'Please select at least %1 time-slots. Currently selected: %2 time-slots.';\n        almsg = almsg.replace('%1','1');\n        almsg = almsg.replace('%2',selst);\n        alert(almsg);\n        return false;\n    }\n    if (selst > 1)\n    {\n        var almsg = 'Please select a maximum of %1 time-slots. Currently selected: %2 time-slots.';\n        almsg = almsg.replace('%1','1');\n        almsg = almsg.replace('%2',selst);\n        alert(almsg);\n        return false;\n    } \n     if (form.hdcaptcha.value == '')\n    {\n        alert('Please enter the captcha verification code.');\n        return false;\n    }\n    $dexQuery = jQuery.noConflict();\n    var result = $dexQuery.ajax({\n        type: \"GET\",\n        url: \"\/en?inAdmin=1\"+String.fromCharCode(38)+\"abcc=1\"+String.fromCharCode(38)+\"hdcaptcha=\"+form.hdcaptcha.value,\n        async: false\n    }).responseText;\n    if (result.indexOf(\"captchafailed\") != -1)\n    {\n        $dexQuery(\"#captchaimg\").attr('src', $dexQuery(\"#captchaimg\").attr('src')+String.fromCharCode(38)+Math.floor((Math.random() * 99999) + 1));\n        alert('Incorrect captcha code. Please try again.');\n        return false;\n    }\n    else     {\n        cpabc_click_enabled = false;\n        cpabc_blink(\".cp_subbtn\");\n        return true;\n    }\n }\n function cpabc_blink(selector){\n     try \n     {\n         $dexQuery = jQuery.noConflict();\n         $dexQuery(selector).fadeOut(1000, function(){\n             $dexQuery(this).fadeIn(1000, function(){\n                 if (!cpabc_click_enabled)\n                     cpabc_blink(this); \n             });\n         });\n     } catch (e) {}\n }\n<\/script>    \n    \n\n\n\n<div style=\"height:100px\" aria-hidden=\"true\" class=\"wp-block-spacer\"><\/div>","protected":false},"excerpt":{"rendered":"<p><span class=\"span-reading-time rt-reading-time\" style=\"display: block;\"><span class=\"rt-label rt-prefix\">Reading time<\/span> <span class=\"rt-time\"> &lt; 1<\/span> <span class=\"rt-label rt-postfix\">minute<\/span><\/span>Deine Online-Termin Buchung wird, neben der automatisierten Buchungs-Eingangsbest\u00e4tigung, nochmal pers\u00f6nlich eine Woche vor dem gebuchten Termin als Erinnerung und dem f\u00fcr den Termin generierten ZOOM-Link best\u00e4tigt. Ein Online-Beratungs-Termin beinhaltet 45 Minuten zu 59,95 Euro. Der Erst-Termin ist kostenfrei. Die Zahlung muss nach Erhalt des ZOOM-Links binnen 24 Stunden erfolgen (per Sofort-\u00dcberweisung oder Paypal), andernfalls wird&hellip;&nbsp;<a href=\"https:\/\/amakira.de\/en\/online-termin-buchung\/\" class=\"\" rel=\"bookmark\">Read More &raquo;<span class=\"screen-reader-text\">Online appointment booking<\/span><\/a><\/p>","protected":false},"author":1,"featured_media":0,"parent":0,"menu_order":0,"comment_status":"closed","ping_status":"closed","template":"","meta":{"_lmt_disableupdate":"","_lmt_disable":"","neve_meta_sidebar":"","neve_meta_container":"","neve_meta_enable_content_width":"","neve_meta_content_width":0,"neve_meta_title_alignment":"","neve_meta_author_avatar":"","neve_post_elements_order":"","neve_meta_disable_header":"","neve_meta_disable_footer":"","neve_meta_disable_title":"","_themeisle_gutenberg_block_has_review":false,"footnotes":""},"class_list":["post-1769","page","type-page","status-publish","hentry"],"_links":{"self":[{"href":"https:\/\/amakira.de\/en\/wp-json\/wp\/v2\/pages\/1769","targetHints":{"allow":["GET"]}}],"collection":[{"href":"https:\/\/amakira.de\/en\/wp-json\/wp\/v2\/pages"}],"about":[{"href":"https:\/\/amakira.de\/en\/wp-json\/wp\/v2\/types\/page"}],"author":[{"embeddable":true,"href":"https:\/\/amakira.de\/en\/wp-json\/wp\/v2\/users\/1"}],"replies":[{"embeddable":true,"href":"https:\/\/amakira.de\/en\/wp-json\/wp\/v2\/comments?post=1769"}],"version-history":[{"count":11,"href":"https:\/\/amakira.de\/en\/wp-json\/wp\/v2\/pages\/1769\/revisions"}],"predecessor-version":[{"id":1793,"href":"https:\/\/amakira.de\/en\/wp-json\/wp\/v2\/pages\/1769\/revisions\/1793"}],"wp:attachment":[{"href":"https:\/\/amakira.de\/en\/wp-json\/wp\/v2\/media?parent=1769"}],"curies":[{"name":"wp","href":"https:\/\/api.w.org\/{rel}","templated":true}]}}