{"id":1638,"date":"2024-01-22T16:01:03","date_gmt":"2024-01-22T16:01:03","guid":{"rendered":"https:\/\/amakira.mx\/?page_id=1638"},"modified":"2024-01-22T19:24:30","modified_gmt":"2024-01-22T19:24:30","slug":"fuer-den-eigenbedarf","status":"publish","type":"page","link":"https:\/\/amakira.de\/el\/fuer-den-eigenbedarf\/","title":{"rendered":"\u0393\u03b9\u03b1 \u03c0\u03c1\u03bf\u03c3\u03c9\u03c0\u03b9\u03ba\u03ae \u03c7\u03c1\u03ae\u03c3\u03b7 ..."},"content":{"rendered":"<span class=\"span-reading-time rt-reading-time\" style=\"display: block;\"><span class=\"rt-label rt-prefix\">\u03a7\u03c1\u03cc\u03bd\u03bf\u03c2 \u03b1\u03bd\u03ac\u03b3\u03bd\u03c9\u03c3\u03b7\u03c2<\/span> <span class=\"rt-time\"> &lt; 1<\/span> <span class=\"rt-label rt-postfix\">Minute<\/span><\/span>\n<p>\u0393\u03b9\u03b1 \u03c0\u03c1\u03bf\u03c3\u03c9\u03c0\u03b9\u03ba\u03ae \u03c7\u03c1\u03ae\u03c3\u03b7 ...<\/p>\n\n\n\n<figure class=\"wp-block-image aligncenter size-full\"><img loading=\"lazy\" decoding=\"async\" width=\"1024\" height=\"463\" src=\"https:\/\/amakira.de\/wp-content\/uploads\/2024\/01\/Passion_1.webp\" alt=\"\" class=\"wp-image-1615\" srcset=\"https:\/\/amakira.de\/wp-content\/uploads\/2024\/01\/Passion_1.webp 1024w, https:\/\/amakira.de\/wp-content\/uploads\/2024\/01\/Passion_1-300x136.webp 300w, https:\/\/amakira.de\/wp-content\/uploads\/2024\/01\/Passion_1-768x347.webp 768w\" sizes=\"auto, (max-width: 1024px) 100vw, 1024px\" \/><\/figure>\n\n\n\n<div style=\"height:100px\" aria-hidden=\"true\" class=\"wp-block-spacer\"><\/div>\n\n\n\n<p>&#8230; auf die Kraft der Natur zur\u00fcck greifen zu k\u00f6nnen ist von unermesslichem Wert. Sie bietet alles zur F\u00f6rderung der Gesundheit und vieles dar\u00fcber hinaus! Die Vielzahl der \u00e4therischen \u00d6le von d\u014dTerra verm\u00f6gen herk\u00f6mmliche Mittel zu ersetzen und dabei oft sch\u00e4digende Inhaltsstoffe zu vermeiden. Dies danken die eigene Gesundheit, wie die Umwelt gleicherma\u00dfen.<\/p>\n\n\n\n<h2 class=\"wp-block-heading\">Anwendungsbeispiele<\/h2>\n\n\n\n<ul class=\"wp-block-list\">\n<li>Haushalt (Raumspray, Reinigungsmittel, Entferner f\u00fcr Konservierungsmittel bei gespritztem Obst, Klebstoffreste)<\/li>\n\n\n\n<li>Gesundheit (Aufmerksamkeitsdefizit, erholsamer Schlaf, Stressabau, Magenbeschwerden, Muskelentspannung, Verdauung, Vitalit\u00e4t)<\/li>\n\n\n\n<li>Gew\u00fcrz (Aroma f\u00fcr Smoothies, Joghurt, Getr\u00e4nke, Kr\u00e4uterbutter)<\/li>\n\n\n\n<li>Kosmetik (Desodorant, Gesichtspflege, Hautirritationen)<\/li>\n\n\n\n<li>Wohlbefinden (aromatische Anwendung, emotional ausgleichend)<\/li>\n<\/ul>\n\n\n\n<h2 class=\"wp-block-heading\">Wie komme ich an die \u00d6le?<\/h2>\n\n\n\n<p>Wenn nur ab und an Bedarf besteht und Sie keine <a href=\"https:\/\/amakira.de\/el\/kundenvorteil\/\" target=\"_blank\" data-type=\"page\" data-id=\"1635\" rel=\"noreferrer noopener\">Kunden-Vorteile<\/a> nutzen m\u00f6chten, k\u00f6nnen Sie gern bei mir entsprechende Produkt-Beratung, wie auch die Produkte erhalten. Nutzen Sie dazu dieses Kontaktformular:<\/p>\n\n\n<p>[form id=&#8220;201&#8243;]<\/p>\n\n\n\n<div style=\"height:100px\" aria-hidden=\"true\" class=\"wp-block-spacer\"><\/div>","protected":false},"excerpt":{"rendered":"<p><span class=\"span-reading-time rt-reading-time\" style=\"display: block;\"><span class=\"rt-label rt-prefix\">\u03a7\u03c1\u03cc\u03bd\u03bf\u03c2 \u03b1\u03bd\u03ac\u03b3\u03bd\u03c9\u03c3\u03b7\u03c2<\/span> <span class=\"rt-time\"> &lt; 1<\/span> <span class=\"rt-label rt-postfix\">Minute<\/span><\/span>F\u00fcr den Eigenbedarf &#8230; &#8230; auf die Kraft der Natur zur\u00fcck greifen zu k\u00f6nnen ist von unermesslichem Wert. Sie bietet alles zur F\u00f6rderung der Gesundheit und vieles dar\u00fcber hinaus! Die Vielzahl der \u00e4therischen \u00d6le von d\u014dTerra verm\u00f6gen herk\u00f6mmliche Mittel zu ersetzen und dabei oft sch\u00e4digende Inhaltsstoffe zu vermeiden. Dies danken die eigene Gesundheit, wie die&hellip;&nbsp;<a href=\"https:\/\/amakira.de\/el\/fuer-den-eigenbedarf\/\" class=\"\" rel=\"bookmark\">\u03a0\u03b5\u03c1\u03b9\u03c3\u03c3\u03cc\u03c4\u03b5\u03c1\u03b1 &raquo;<span class=\"screen-reader-text\">\u0393\u03b9\u03b1 \u03c0\u03c1\u03bf\u03c3\u03c9\u03c0\u03b9\u03ba\u03ae \u03c7\u03c1\u03ae\u03c3\u03b7 ...<\/span><\/a><\/p>","protected":false},"author":1,"featured_media":0,"parent":0,"menu_order":0,"comment_status":"closed","ping_status":"closed","template":"","meta":{"_lmt_disableupdate":"","_lmt_disable":"","neve_meta_sidebar":"","neve_meta_container":"","neve_meta_enable_content_width":"","neve_meta_content_width":0,"neve_meta_title_alignment":"","neve_meta_author_avatar":"","neve_post_elements_order":"","neve_meta_disable_header":"","neve_meta_disable_footer":"","neve_meta_disable_title":"","_themeisle_gutenberg_block_has_review":false,"footnotes":""},"class_list":["post-1638","page","type-page","status-publish","hentry"],"_links":{"self":[{"href":"https:\/\/amakira.de\/el\/wp-json\/wp\/v2\/pages\/1638","targetHints":{"allow":["GET"]}}],"collection":[{"href":"https:\/\/amakira.de\/el\/wp-json\/wp\/v2\/pages"}],"about":[{"href":"https:\/\/amakira.de\/el\/wp-json\/wp\/v2\/types\/page"}],"author":[{"embeddable":true,"href":"https:\/\/amakira.de\/el\/wp-json\/wp\/v2\/users\/1"}],"replies":[{"embeddable":true,"href":"https:\/\/amakira.de\/el\/wp-json\/wp\/v2\/comments?post=1638"}],"version-history":[{"count":11,"href":"https:\/\/amakira.de\/el\/wp-json\/wp\/v2\/pages\/1638\/revisions"}],"predecessor-version":[{"id":1690,"href":"https:\/\/amakira.de\/el\/wp-json\/wp\/v2\/pages\/1638\/revisions\/1690"}],"wp:attachment":[{"href":"https:\/\/amakira.de\/el\/wp-json\/wp\/v2\/media?parent=1638"}],"curies":[{"name":"wp","href":"https:\/\/api.w.org\/{rel}","templated":true}]}}