{"id":1599,"date":"2024-01-22T10:19:19","date_gmt":"2024-01-22T10:19:19","guid":{"rendered":"https:\/\/amakira.mx\/?page_id=1599"},"modified":"2025-02-05T08:48:01","modified_gmt":"2025-02-05T08:48:01","slug":"willkommen-in-der-welt-aetherischer-oele-von-doterra","status":"publish","type":"page","link":"https:\/\/amakira.de\/el\/","title":{"rendered":"\u039a\u03b1\u03bb\u03ce\u03c2 \u03ae\u03c1\u03b8\u03b1\u03c4\u03b5 \u03c3\u03c4\u03bf\u03bd \u03ba\u03cc\u03c3\u03bc\u03bf \u03c4\u03c9\u03bd \u03b1\u03b9\u03b8\u03ad\u03c1\u03b9\u03c9\u03bd \u03b5\u03bb\u03b1\u03af\u03c9\u03bd \u03c4\u03b7\u03c2 d\u014dTerra"},"content":{"rendered":"<div id=\"ez-toc-container\" class=\"ez-toc-v2_0_82_2 counter-hierarchy ez-toc-counter ez-toc-grey ez-toc-container-direction\">\n<div class=\"ez-toc-title-container\">\n<p class=\"ez-toc-title\" style=\"cursor:inherit\">Inhaltsverzeichnis<\/p>\n<span class=\"ez-toc-title-toggle\"><\/span><\/div>\n<nav><ul class='ez-toc-list ez-toc-list-level-1' ><li class='ez-toc-page-1 ez-toc-heading-level-2'><a class=\"ez-toc-link ez-toc-heading-1\" href=\"https:\/\/amakira.de\/el\/#Fur_den_Eigenbedarf_%E2%80%A6\" >\u0393\u03b9\u03b1 \u03c0\u03c1\u03bf\u03c3\u03c9\u03c0\u03b9\u03ba\u03ae \u03c7\u03c1\u03ae\u03c3\u03b7 ...<\/a><\/li><li class='ez-toc-page-1 ez-toc-heading-level-2'><a class=\"ez-toc-link ez-toc-heading-2\" href=\"https:\/\/amakira.de\/el\/#%E2%80%A6_mit_Kunden-Vorteil_%E2%80%A6\" >... \u03bc\u03b5 \u03c4\u03bf \u03c0\u03bb\u03b5\u03bf\u03bd\u03ad\u03ba\u03c4\u03b7\u03bc\u03b1 \u03c4\u03bf\u03c5 \u03c0\u03b5\u03bb\u03ac\u03c4\u03b7 ...<\/a><\/li><li class='ez-toc-page-1 ez-toc-heading-level-2'><a class=\"ez-toc-link ez-toc-heading-3\" href=\"https:\/\/amakira.de\/el\/#%E2%80%A6_oder_als_Wellness-Botschafter\" >... \u03ae \u03c9\u03c2 \u03c0\u03c1\u03b5\u03c3\u03b2\u03b5\u03c5\u03c4\u03ae\u03c2 \u03b5\u03c5\u03b5\u03be\u03af\u03b1\u03c2!<\/a><\/li><li class='ez-toc-page-1 ez-toc-heading-level-2'><a class=\"ez-toc-link ez-toc-heading-4\" href=\"https:\/\/amakira.de\/el\/#Schnupperkurs_gefallig\" >\u0398\u03b1 \u03b8\u03ad\u03bb\u03b1\u03c4\u03b5 \u03ad\u03bd\u03b1 \u03bc\u03ac\u03b8\u03b7\u03bc\u03b1 \u03b3\u03b5\u03c5\u03c3\u03b9\u03b3\u03bd\u03c9\u03c3\u03af\u03b1\u03c2;<\/a><\/li><li class='ez-toc-page-1 ez-toc-heading-level-2'><a class=\"ez-toc-link ez-toc-heading-5\" href=\"https:\/\/amakira.de\/el\/#Blog-Beitrage_%E2%80%93_Atherische_Ole_im_Alltag_in_Theorie_und_Praxis\" >Blog posts - \u0391\u03b9\u03b8\u03ad\u03c1\u03b9\u03b1 \u03ad\u03bb\u03b1\u03b9\u03b1 \u03c3\u03c4\u03b7\u03bd \u03ba\u03b1\u03b8\u03b7\u03bc\u03b5\u03c1\u03b9\u03bd\u03ae \u03b6\u03c9\u03ae \u03c3\u03c4\u03b7 \u03b8\u03b5\u03c9\u03c1\u03af\u03b1 \u03ba\u03b1\u03b9 \u03c4\u03b7\u03bd \u03c0\u03c1\u03ac\u03be\u03b7<\/a><\/li><\/ul><\/nav><\/div>\n<span class=\"span-reading-time rt-reading-time\" style=\"display: block;\"><span class=\"rt-label rt-prefix\">\u03a7\u03c1\u03cc\u03bd\u03bf\u03c2 \u03b1\u03bd\u03ac\u03b3\u03bd\u03c9\u03c3\u03b7\u03c2<\/span> <span class=\"rt-time\"> 2<\/span> <span class=\"rt-label rt-postfix\">\u03bb\u03b5\u03c0\u03c4\u03ac<\/span><\/span>\n<p>\u039f \u03bc\u03b1\u03b3\u03b9\u03ba\u03cc\u03c2 \u03ba\u03cc\u03c3\u03bc\u03bf\u03c2 \u03c4\u03c9\u03bd \u03b1\u03b9\u03b8\u03ad\u03c1\u03b9\u03c9\u03bd \u03b5\u03bb\u03b1\u03af\u03c9\u03bd \u03b4\u03b5\u03bd \u03c0\u03b1\u03cd\u03b5\u03b9 \u03c0\u03bf\u03c4\u03ad \u03bd\u03b1 \u03c3\u03c5\u03bd\u03b1\u03c1\u03c0\u03ac\u03b6\u03b5\u03b9. \u0393\u03b9\u03b1 \u03c0\u03b1\u03c1\u03ac\u03b4\u03b5\u03b9\u03b3\u03bc\u03b1, \u03bc\u03af\u03b1 \u03bc\u03cc\u03bd\u03bf \u03c3\u03c4\u03b1\u03b3\u03cc\u03bd\u03b1 \u03b5\u03bb\u03b1\u03af\u03bf\u03c5 \u03bc\u03ad\u03bd\u03c4\u03b1\u03c2 \u03c0\u03b5\u03c1\u03b9\u03ad\u03c7\u03b5\u03b9 \u03c4\u03b1 \u03b5\u03bd\u03b5\u03c1\u03b3\u03ac \u03c3\u03c5\u03c3\u03c4\u03b1\u03c4\u03b9\u03ba\u03ac 28 \u03c6\u03bb\u03b9\u03c4\u03b6\u03b1\u03bd\u03b9\u03ce\u03bd \u03c4\u03c3\u03b1\u03b3\u03b9\u03bf\u03cd \u03bc\u03ad\u03bd\u03c4\u03b1\u03c2!<br>\u039f\u03c1\u03b9\u03c3\u03bc\u03ad\u03bd\u03b1 \u03ad\u03bb\u03b1\u03b9\u03b1 \u03c0\u03c1\u03ad\u03c0\u03b5\u03b9 \u03bd\u03b1 \u03b1\u03c0\u03bf\u03c3\u03c4\u03ac\u03b6\u03bf\u03bd\u03c4\u03b1\u03b9 \u03b1\u03bc\u03ad\u03c3\u03c9\u03c2 \u03b5\u03c0\u03af \u03c4\u03cc\u03c0\u03bf\u03c5, \u03c3\u03c4\u03bf \u03c0\u03b5\u03b4\u03af\u03bf, \u03b5\u03c0\u03b5\u03b9\u03b4\u03ae \u03bf\u03b9 \u03ba\u03ac\u03c8\u03bf\u03c5\u03bb\u03b5\u03c2 \u03c0\u03bf\u03c5 \u03c0\u03b5\u03c1\u03b9\u03ad\u03c7\u03bf\u03c5\u03bd \u03c4\u03bf \u03ad\u03bb\u03b1\u03b9\u03bf \u03b8\u03b1 \u03ad\u03c3\u03c0\u03b1\u03b6\u03b1\u03bd \u03ba\u03b1\u03c4\u03ac \u03c4\u03b7 \u03bc\u03b5\u03c4\u03b1\u03c6\u03bf\u03c1\u03ac \u03ba\u03b1\u03b9 \u03c4\u03bf \u03ad\u03bb\u03b1\u03b9\u03bf \u03b8\u03b1 \u03c7\u03b1\u03bd\u03cc\u03c4\u03b1\u03bd. \u039a\u03ac\u03b8\u03b5 \u03b1\u03b9\u03b8\u03ad\u03c1\u03b9\u03bf \u03ad\u03bb\u03b1\u03b9\u03bf \u03b5\u03af\u03bd\u03b1\u03b9 \u03b1\u03c0\u03bf\u03bb\u03cd\u03c4\u03c9\u03c2 \u03ba\u03b1\u03b8\u03b1\u03c1\u03cc. \u0391\u03c5\u03c4\u03cc \u03c4\u03bf \u03b5\u03b3\u03b3\u03c5\u03ce\u03bd\u03c4\u03b1\u03b9 \u03c0\u03ac\u03bd\u03c9 \u03b1\u03c0\u03cc 50 \u03b4\u03bf\u03ba\u03b9\u03bc\u03ad\u03c2, \u03b1\u03c0\u03cc \u03b4\u03b5\u03af\u03b3\u03bc\u03b1\u03c4\u03b1 \u03b5\u03b4\u03ac\u03c6\u03bf\u03c5\u03c2 \u03bc\u03ad\u03c7\u03c1\u03b9 \u03b1\u03bd\u03b1\u03bb\u03cd\u03c3\u03b5\u03b9\u03c2 \u03c3\u03b5 \u03c0\u03b1\u03c1\u03c4\u03af\u03b4\u03b5\u03c2 \u03bc\u03b5 \u03c6\u03b1\u03c3\u03bc\u03b1\u03c4\u03bf\u03bc\u03b5\u03c4\u03c1\u03af\u03b1 \u03bc\u03b1\u03b6\u03ce\u03bd \u03bc\u03b5 \u03b1\u03ad\u03c1\u03b9\u03b1 \u03c7\u03c1\u03c9\u03bc\u03b1\u03c4\u03bf\u03b3\u03c1\u03b1\u03c6\u03af\u03b1. \u039f\u03b9 \u03b1\u03bd\u03b1\u03bb\u03cd\u03c3\u03b5\u03b9\u03c2 \u03b1\u03c5\u03c4\u03ad\u03c2 \u03b5\u03af\u03bd\u03b1\u03b9 \u03b4\u03b9\u03b1\u03b8\u03ad\u03c3\u03b9\u03bc\u03b5\u03c2 \u03c3\u03c4\u03bf \u03b4\u03b9\u03b1\u03b4\u03af\u03ba\u03c4\u03c5\u03bf \u03b3\u03b9\u03b1 \u03ba\u03ac\u03b8\u03b5 \u03b1\u03b3\u03bf\u03c1\u03b1\u03c3\u03c4\u03ae: \u03ba\u03ac\u03b8\u03b5 \u03c6\u03b9\u03ac\u03bb\u03b7 \u03ad\u03c7\u03b5\u03b9 \u03ad\u03bd\u03b1\u03bd \u03b1\u03c1\u03b9\u03b8\u03bc\u03b7\u03c4\u03b9\u03ba\u03cc \u03ba\u03c9\u03b4\u03b9\u03ba\u03cc \u03c0\u03bf\u03c5 \u03bc\u03c0\u03bf\u03c1\u03b5\u03af \u03bd\u03b1 \u03c7\u03c1\u03b7\u03c3\u03b9\u03bc\u03bf\u03c0\u03bf\u03b9\u03b7\u03b8\u03b5\u03af \u03b3\u03b9\u03b1 \u03c4\u03b7\u03bd \u03c0\u03c1\u03cc\u03c3\u03b2\u03b1\u03c3\u03b7 \u03c3\u03c4\u03b7\u03bd \u03b1\u03bd\u03c4\u03af\u03c3\u03c4\u03bf\u03b9\u03c7\u03b7 \u03b1\u03bd\u03ac\u03bb\u03c5\u03c3\u03b7. <a href=\"https:\/\/sourcetoyou.com\/de\/\" data-type=\"link\" data-id=\"https:\/\/sourcetoyou.com\/de\/\" target=\"_blank\" rel=\"noreferrer noopener\">\u03b1\u03bd\u03b1\u03ba\u03c4\u03ae\u03c3\u03b9\u03bc\u03bf<\/a> \u03b5\u03af\u03bd\u03b1\u03b9.<br>\u03a4\u03b1 \u03bc\u03b5\u03af\u03b3\u03bc\u03b1\u03c4\u03b1 \u03b5\u03bb\u03b1\u03af\u03c9\u03bd \u03b4\u03b9\u03b1\u03bc\u03bf\u03c1\u03c6\u03ce\u03bd\u03bf\u03bd\u03c4\u03b1\u03b9 \u03c3\u03cd\u03bc\u03c6\u03c9\u03bd\u03b1 \u03bc\u03b5 \u03b5\u03b9\u03b4\u03b9\u03ba\u03ac \u03ba\u03c1\u03b9\u03c4\u03ae\u03c1\u03b9\u03b1 \u03c0\u03bf\u03c5 \u03b2\u03b1\u03c3\u03af\u03b6\u03bf\u03bd\u03c4\u03b1\u03b9 \u03c3\u03b5 \u03b5\u03c0\u03b9\u03c3\u03c4\u03b7\u03bc\u03bf\u03bd\u03b9\u03ba\u03ad\u03c2, \u03b4\u03b7\u03bc\u03bf\u03c3\u03b9\u03b5\u03c5\u03bc\u03ad\u03bd\u03b5\u03c2 \u03bc\u03b5\u03bb\u03ad\u03c4\u03b5\u03c2, \u03ce\u03c3\u03c4\u03b5 \u03bd\u03b1 \u03b4\u03b9\u03b1\u03c3\u03c6\u03b1\u03bb\u03af\u03b6\u03b5\u03c4\u03b1\u03b9 \u03b7 \u03bc\u03ad\u03b3\u03b9\u03c3\u03c4\u03b7 \u03b4\u03c5\u03bd\u03b1\u03c4\u03ae \u03b1\u03c0\u03bf\u03c4\u03b5\u03bb\u03b5\u03c3\u03bc\u03b1\u03c4\u03b9\u03ba\u03cc\u03c4\u03b7\u03c4\u03b1.<br>\u0395\u03ac\u03bd \u03bf\u03b9 \u03b1\u03c0\u03b1\u03b9\u03c4\u03bf\u03cd\u03bc\u03b5\u03bd\u03b5\u03c2 \u03c0\u03bf\u03b9\u03cc\u03c4\u03b7\u03c4\u03b5\u03c2 \u03bb\u03b1\u03b4\u03b9\u03bf\u03cd \u03b4\u03b5\u03bd \u03b5\u03af\u03bd\u03b1\u03b9 \u03c0\u03bb\u03ad\u03bf\u03bd \u03b4\u03b9\u03b1\u03b8\u03ad\u03c3\u03b9\u03bc\u03b5\u03c2 \u03bb\u03cc\u03b3\u03c9 \u03ad\u03bb\u03bb\u03b5\u03b9\u03c8\u03b7\u03c2 \u03b5\u03c0\u03b1\u03c1\u03ba\u03bf\u03cd\u03c2 \u03c3\u03c5\u03b3\u03ba\u03bf\u03bc\u03b9\u03b4\u03ae\u03c2, \u03b4\u03b5\u03bd \u03b5\u03af\u03bd\u03b1\u03b9 \u03c0\u03bb\u03ad\u03bf\u03bd \u03b4\u03b9\u03b1\u03b8\u03ad\u03c3\u03b9\u03bc\u03b5\u03c2 \u03bc\u03ad\u03c7\u03c1\u03b9 \u03c4\u03b7\u03bd \u03b5\u03c0\u03cc\u03bc\u03b5\u03bd\u03b7 \u03c3\u03c5\u03b3\u03ba\u03bf\u03bc\u03b9\u03b4\u03ae. d\u014dTerra \u03b4\u03b5\u03bd \u03b1\u03b3\u03bf\u03c1\u03ac\u03b6\u03b5\u03b9 \u03bb\u03ac\u03b4\u03b9 \u03c3\u03b5 \u03b1\u03bd\u03c4\u03b1\u03bb\u03bb\u03b1\u03ba\u03c4\u03ae\u03c1\u03b9\u03b1 \u03bb\u03b1\u03b4\u03b9\u03bf\u03cd, \u03b5\u03c0\u03b5\u03b9\u03b4\u03ae \u03b7 \u03c0\u03c1\u03bf\u03ad\u03bb\u03b5\u03c5\u03c3\u03b7 \u03b4\u03b5\u03bd \u03bc\u03c0\u03bf\u03c1\u03b5\u03af \u03c0\u03bb\u03ad\u03bf\u03bd \u03bd\u03b1 \u03b5\u03bd\u03c4\u03bf\u03c0\u03b9\u03c3\u03c4\u03b5\u03af \u03bb\u03cc\u03b3\u03c9 \u03c4\u03b7\u03c2 \u03b1\u03bd\u03ac\u03bc\u03b5\u03b9\u03be\u03b7\u03c2 \u03bb\u03b1\u03b4\u03b9\u03ce\u03bd \u03b1\u03c0\u03cc \u03b4\u03b9\u03ac\u03c6\u03bf\u03c1\u03bf\u03c5\u03c2 \u03c0\u03b1\u03c1\u03b1\u03b3\u03c9\u03b3\u03bf\u03cd\u03c2.<br>\u0397 d\u014dTerra \u03c0\u03c1\u03bf\u03bc\u03b7\u03b8\u03b5\u03cd\u03b5\u03c4\u03b1\u03b9 \u03b1\u03b9\u03b8\u03ad\u03c1\u03b9\u03b1 \u03ad\u03bb\u03b1\u03b9\u03b1 \u03b1\u03c0\u03bf\u03ba\u03bb\u03b5\u03b9\u03c3\u03c4\u03b9\u03ba\u03ac \u03b1\u03c0\u03cc \u03c4\u03bf\u03c5\u03c2 \u03b4\u03b9\u03ba\u03bf\u03cd\u03c2 \u03c4\u03b7\u03c2 \u03c0\u03b1\u03c1\u03b1\u03b3\u03c9\u03b3\u03bf\u03cd\u03c2 \u03b3\u03b9\u03b1 \u03bd\u03b1 \u03b4\u03b9\u03b1\u03c3\u03c6\u03b1\u03bb\u03af\u03b6\u03b5\u03b9 \u03c4\u03b7\u03bd \u03c0\u03bb\u03ae\u03c1\u03b7 \u03b9\u03c7\u03bd\u03b7\u03bb\u03b1\u03c3\u03b9\u03bc\u03cc\u03c4\u03b7\u03c4\u03b1 \u03c4\u03c9\u03bd \u03b5\u03bb\u03b1\u03af\u03c9\u03bd.<\/p>\n\n\n\n<p><p style=\"font-family:'Brush Script MT', cursive; font-size: 3em;\">\u0391\u03c0\u03bf\u03bb\u03b1\u03cd\u03c3\u03c4\u03b5 \u03c4\u03b7\u03bd \u03b5\u03c0\u03af\u03c3\u03ba\u03b5\u03c8\u03ae \u03c3\u03b1\u03c2 \u03c3\u03c4\u03b7\u03bd \u03b9\u03c3\u03c4\u03bf\u03c3\u03b5\u03bb\u03af\u03b4\u03b1 \u03bc\u03bf\u03c5!<\/p><\/p>\n\n\n\n<p>\u0388\u03c7\u03c9 \u03b5\u03bc\u03b2\u03b1\u03b8\u03cd\u03bd\u03b5\u03b9 \u03c4\u03b9\u03c2 \u03b3\u03b5\u03bd\u03b9\u03ba\u03ad\u03c2 \u03bc\u03bf\u03c5 \u03b3\u03bd\u03ce\u03c3\u03b5\u03b9\u03c2 \u03b3\u03b9\u03b1 \u03c4\u03b7\u03bd \u03b1\u03c1\u03c9\u03bc\u03b1\u03c4\u03bf\u03b8\u03b5\u03c1\u03b1\u03c0\u03b5\u03af\u03b1 \u03bc\u03ad\u03c3\u03c9 \u03c4\u03b7\u03c2 \u03b5\u03be \u03b1\u03c0\u03bf\u03c3\u03c4\u03ac\u03c3\u03b5\u03c9\u03c2 \u03b5\u03ba\u03c0\u03b1\u03af\u03b4\u03b5\u03c5\u03c3\u03b7\u03c2 \u03ba\u03b1\u03b9 \u03c4\u03b7 \u03c7\u03c1\u03b7\u03c3\u03b9\u03bc\u03bf\u03c0\u03bf\u03b9\u03ce \u03b5\u03c0\u03af\u03c3\u03b7\u03c2 \u03c9\u03c2 \u03b8\u03b5\u03c1\u03b1\u03c0\u03b5\u03cd\u03c4\u03c1\u03b9\u03b1 \u03bc\u03b1\u03c3\u03ac\u03b6 \u03ba\u03b1\u03b9 \u03b5\u03c5\u03b5\u03be\u03af\u03b1\u03c2 \u03ba\u03b1\u03b9 \u03c3\u03c4\u03bf Aroma Touch.<sup>\u00ae<\/sup> \u03c4\u03b5\u03c7\u03bd\u03bf\u03bb\u03bf\u03b3\u03af\u03b1. \u0395\u03ba\u03c4\u03cc\u03c2 \u03b1\u03c0\u03cc \u03b4\u03b9\u03ac\u03c6\u03bf\u03c1\u03b1 \u03bc\u03b1\u03b8\u03ae\u03bc\u03b1\u03c4\u03b1, \u03c0\u03c1\u03bf\u03c3\u03c6\u03ad\u03c1\u03c9 \u03b5\u03c0\u03af\u03c3\u03b7\u03c2 \u03c0\u03c1\u03bf\u03c3\u03c9\u03c0\u03b9\u03ba\u03ad\u03c2 \u03b4\u03b9\u03b1\u03b4\u03b9\u03ba\u03c4\u03c5\u03b1\u03ba\u03ad\u03c2 \u03b4\u03b9\u03b1\u03b2\u03bf\u03c5\u03bb\u03b5\u03cd\u03c3\u03b5\u03b9\u03c2 \u03b4\u03b9\u03ac\u03c1\u03ba\u03b5\u03b9\u03b1\u03c2 45 \u03bb\u03b5\u03c0\u03c4\u03ce\u03bd \u03b7 \u03ba\u03b1\u03b8\u03b5\u03bc\u03af\u03b1.<\/p>\n\n\n\n<p>\u03a3\u03c4\u03b7\u03bd \u03c0\u03c1\u03ce\u03c4\u03b7 \u03b4\u03c9\u03c1\u03b5\u03ac\u03bd \u03b4\u03b9\u03b1\u03b2\u03bf\u03cd\u03bb\u03b5\u03c5\u03c3\u03b7, \u03b8\u03b1 \u03ae\u03b8\u03b5\u03bb\u03b1 \u03bd\u03b1 \u03b4\u03b7\u03bc\u03b9\u03bf\u03c5\u03c1\u03b3\u03ae\u03c3\u03c9 \u03bc\u03b9\u03b1 \u03bf\u03b9\u03ba\u03b5\u03af\u03b1 \u03b1\u03c4\u03bc\u03cc\u03c3\u03c6\u03b1\u03b9\u03c1\u03b1, \u03bd\u03b1 \u03c3\u03c5\u03c3\u03c4\u03b7\u03b8\u03ce \u03ba\u03b1\u03b9 \u03bd\u03b1 \u03b3\u03bd\u03c9\u03c1\u03af\u03c3\u03c9 \u03b5\u03c3\u03ac\u03c2 \u03ba\u03b1\u03b9 \u03c4\u03b9\u03c2 \u03b1\u03bd\u03b7\u03c3\u03c5\u03c7\u03af\u03b5\u03c2 \u03c3\u03b1\u03c2. \u039c\u03cc\u03bb\u03b9\u03c2 \u03b4\u03b7\u03bc\u03b9\u03bf\u03c5\u03c1\u03b3\u03ae\u03c3\u03bf\u03c5\u03bc\u03b5 \u03bc\u03b9\u03b1 \u03c3\u03c7\u03ad\u03c3\u03b7 \u03ba\u03b1\u03b9 \u03bc\u03b9\u03b1 \u03b2\u03ac\u03c3\u03b7 \u03b5\u03bc\u03c0\u03b9\u03c3\u03c4\u03bf\u03c3\u03cd\u03bd\u03b7\u03c2, \u03b8\u03b1 \u03c3\u03b1\u03c2 \u03b4\u03b5\u03af\u03be\u03c9 \u03c0\u03b9\u03b8\u03b1\u03bd\u03ad\u03c2 \u03bb\u03cd\u03c3\u03b5\u03b9\u03c2 \u03ba\u03b1\u03b9 \u03b8\u03b1 \u03b5\u03c0\u03b5\u03be\u03b5\u03c1\u03b3\u03b1\u03c3\u03c4\u03bf\u03cd\u03bc\u03b5 \u03bc\u03b1\u03b6\u03af \u03bc\u03b9\u03b1 \u03ba\u03b1\u03c4\u03ac\u03bb\u03bb\u03b7\u03bb\u03b7 \u03c3\u03c4\u03c1\u03b1\u03c4\u03b7\u03b3\u03b9\u03ba\u03ae.<\/p>\n\n\n\n<p>\u0395\u03c0\u03b9\u03c0\u03bb\u03ad\u03bf\u03bd, \u03b8\u03b1 \u03ad\u03c7\u03b5\u03c4\u03b5 \u03c0\u03c1\u03cc\u03c3\u03b2\u03b1\u03c3\u03b7 \u03c3\u03b5 \u03cc\u03bb\u03b1 \u03c4\u03b1 \u03ad\u03b3\u03b3\u03c1\u03b1\u03c6\u03b1 \u03ba\u03b1\u03b9 \u03c4\u03bf \u03c0\u03b5\u03c1\u03b9\u03b5\u03c7\u03cc\u03bc\u03b5\u03bd\u03bf \u03c0\u03bf\u03c5 \u03c0\u03c1\u03bf\u03ba\u03cd\u03c0\u03c4\u03bf\u03c5\u03bd \u03ba\u03b1\u03c4\u03ac \u03c4\u03b7 \u03b4\u03b9\u03ac\u03c1\u03ba\u03b5\u03b9\u03b1 \u03c4\u03b7\u03c2 \u03c3\u03c5\u03bd\u03b5\u03c1\u03b3\u03b1\u03c3\u03af\u03b1\u03c2, \u03ce\u03c3\u03c4\u03b5 \u03bd\u03b1 \u03bc\u03c0\u03bf\u03c1\u03b5\u03af\u03c4\u03b5 \u03bd\u03b1 \u03b1\u03bd\u03b1\u03c4\u03c1\u03ad\u03be\u03b5\u03c4\u03b5 \u03c3\u03b5 \u03b1\u03c5\u03c4\u03ac \u03b1\u03bd\u03ac \u03c0\u03ac\u03c3\u03b1 \u03c3\u03c4\u03b9\u03b3\u03bc\u03ae \u03b3\u03b9\u03b1 \u03bd\u03b1 \u03b4\u03b5\u03af\u03c4\u03b5 \u03c4\u03b9 \u03c3\u03b1\u03c2 \u03b2\u03bf\u03ae\u03b8\u03b7\u03c3\u03b5 \u03c3\u03c4\u03b7\u03bd \u03b5\u03ba\u03ac\u03c3\u03c4\u03bf\u03c4\u03b5 \u03ba\u03b1\u03c4\u03ac\u03c3\u03c4\u03b1\u03c3\u03b7. \u0391\u03c5\u03c4\u03cc \u03c3\u03b7\u03bc\u03b1\u03af\u03bd\u03b5\u03b9 \u03cc\u03c4\u03b9 \u03b5\u03c0\u03c9\u03c6\u03b5\u03bb\u03b5\u03af\u03c3\u03c4\u03b5 \u03b1\u03c0\u03cc \u03c4\u03b7 \u03c3\u03c5\u03bd\u03b5\u03c1\u03b3\u03b1\u03c3\u03af\u03b1 \u03bc\u03b1\u03c2 \u03c0\u03bf\u03bb\u03bb\u03ad\u03c2 \u03c6\u03bf\u03c1\u03ad\u03c2! \u03a6\u03c5\u03c3\u03b9\u03ba\u03ac, \u03bc\u03c0\u03bf\u03c1\u03b5\u03af\u03c4\u03b5 \u03bd\u03b1 \u03ba\u03bb\u03b5\u03af\u03c3\u03b5\u03c4\u03b5 \u03ad\u03bd\u03b1 \u03b1\u03ba\u03cc\u03bc\u03b7 \u03c1\u03b1\u03bd\u03c4\u03b5\u03b2\u03bf\u03cd \u03b1\u03bd\u03ac \u03c0\u03ac\u03c3\u03b1 \u03c3\u03c4\u03b9\u03b3\u03bc\u03ae, \u03b5\u03ac\u03bd \u03c7\u03c1\u03b5\u03b9\u03ac\u03b6\u03b5\u03c3\u03c4\u03b5 \u03c3\u03c5\u03bc\u03b2\u03bf\u03c5\u03bb\u03ad\u03c2 \u03ba\u03b1\u03b9 \u03c5\u03c0\u03bf\u03c3\u03c4\u03ae\u03c1\u03b9\u03be\u03b7.<\/p>\n\n\n\n<div class=\"wp-block-buttons alignfull is-content-justification-center is-layout-flex wp-container-core-buttons-is-layout-16018d1d wp-block-buttons-is-layout-flex\">\n<div class=\"wp-block-button has-custom-width wp-block-button__width-75 is-style-primary\"><a class=\"wp-block-button__link has-background wp-element-button\" href=\"https:\/\/amakira.de\/el\/online-termin-buchung\/\" style=\"border-style:none;border-width:0px;border-radius:0px;background-color:#598749;padding-top:var(--wp--preset--spacing--30);padding-right:0;padding-bottom:var(--wp--preset--spacing--30);padding-left:0\" target=\"_blank\" rel=\"noreferrer noopener\">\u039a\u03bb\u03b5\u03af\u03c3\u03c4\u03b5 \u03ad\u03bd\u03b1 \u03c1\u03b1\u03bd\u03c4\u03b5\u03b2\u03bf\u03cd online<\/a><\/div>\n<\/div>\n\n\n\n<div style=\"height:100px\" aria-hidden=\"true\" class=\"wp-block-spacer\"><\/div>\n\n\n\n<figure class=\"wp-block-image wp-duotone-unset-1\"><img loading=\"lazy\" decoding=\"async\" width=\"1280\" height=\"305\" src=\"https:\/\/amakira.de\/wp-content\/uploads\/2024\/01\/Banner.webp\" alt=\"\" class=\"wp-image-1617\" srcset=\"https:\/\/amakira.de\/wp-content\/uploads\/2024\/01\/Banner.webp 1280w, https:\/\/amakira.de\/wp-content\/uploads\/2024\/01\/Banner-300x71.webp 300w, https:\/\/amakira.de\/wp-content\/uploads\/2024\/01\/Banner-1024x244.webp 1024w, https:\/\/amakira.de\/wp-content\/uploads\/2024\/01\/Banner-768x183.webp 768w\" sizes=\"auto, (max-width: 1280px) 100vw, 1280px\" \/><\/figure>\n\n\n\n<div style=\"height:100px\" aria-hidden=\"true\" class=\"wp-block-spacer\"><\/div>\n\n\n\n<div class=\"wp-block-columns is-layout-flex wp-container-core-columns-is-layout-9d6595d7 wp-block-columns-is-layout-flex\">\n<div class=\"wp-block-column is-layout-flow wp-block-column-is-layout-flow\">\n<h2 class=\"wp-block-heading\"><span class=\"ez-toc-section\" id=\"Fur_den_Eigenbedarf_%E2%80%A6\"><\/span>\u0393\u03b9\u03b1 \u03c4\u03bf <a href=\"https:\/\/amakira.de\/el\/fuer-den-eigenbedarf\/\" target=\"_blank\" rel=\"noreferrer noopener\">\u038a\u03b4\u03b9\u03b1 \u03c7\u03c1\u03ae\u03c3\u03b7<\/a> &#8230;<span class=\"ez-toc-section-end\"><\/span><\/h2>\n\n\n\n<figure class=\"wp-block-image size-full\"><a href=\"https:\/\/amakira.de\/el\/fuer-den-eigenbedarf\/\" target=\"_blank\" rel=\"noreferrer noopener\"><img loading=\"lazy\" decoding=\"async\" width=\"1024\" height=\"463\" src=\"https:\/\/amakira.de\/wp-content\/uploads\/2024\/01\/Passion_1.webp\" alt=\"\" class=\"wp-image-1615\" srcset=\"https:\/\/amakira.de\/wp-content\/uploads\/2024\/01\/Passion_1.webp 1024w, https:\/\/amakira.de\/wp-content\/uploads\/2024\/01\/Passion_1-300x136.webp 300w, https:\/\/amakira.de\/wp-content\/uploads\/2024\/01\/Passion_1-768x347.webp 768w\" sizes=\"auto, (max-width: 1024px) 100vw, 1024px\" \/><\/a><\/figure>\n<\/div>\n\n\n\n<div class=\"wp-block-column is-layout-flow wp-block-column-is-layout-flow\">\n<h2 class=\"wp-block-heading\"><span class=\"ez-toc-section\" id=\"%E2%80%A6_mit_Kunden-Vorteil_%E2%80%A6\"><\/span>... \u03bc\u03b5 <a href=\"https:\/\/amakira.de\/el\/mit-kunden-vorteil\/\" target=\"_blank\" rel=\"noreferrer noopener\">\u03a0\u03bb\u03b5\u03bf\u03bd\u03ad\u03ba\u03c4\u03b7\u03bc\u03b1 \u03c0\u03b5\u03bb\u03b1\u03c4\u03ce\u03bd<\/a> &#8230;<span class=\"ez-toc-section-end\"><\/span><\/h2>\n\n\n\n<figure class=\"wp-block-image size-full\"><a href=\"https:\/\/amakira.de\/el\/mit-kunden-vorteil\/\" target=\"_blank\" rel=\"noreferrer noopener\"><img loading=\"lazy\" decoding=\"async\" width=\"1024\" height=\"463\" src=\"https:\/\/amakira.de\/wp-content\/uploads\/2024\/01\/Essentials_1.webp\" alt=\"\" class=\"wp-image-1614\" srcset=\"https:\/\/amakira.de\/wp-content\/uploads\/2024\/01\/Essentials_1.webp 1024w, https:\/\/amakira.de\/wp-content\/uploads\/2024\/01\/Essentials_1-300x136.webp 300w, https:\/\/amakira.de\/wp-content\/uploads\/2024\/01\/Essentials_1-768x347.webp 768w\" sizes=\"auto, (max-width: 1024px) 100vw, 1024px\" \/><\/a><\/figure>\n<\/div>\n<\/div>\n\n\n\n<div style=\"height:100px\" aria-hidden=\"true\" class=\"wp-block-spacer\"><\/div>\n\n\n\n<h2 class=\"wp-block-heading has-text-align-center\"><span class=\"ez-toc-section\" id=\"%E2%80%A6_oder_als_Wellness-Botschafter\"><\/span>... \u03ae \u03c9\u03c2 <a href=\"https:\/\/amakira.de\/el\/wellness-botschafter\/\" target=\"_blank\" rel=\"noreferrer noopener\">\u03a0\u03c1\u03b5\u03c3\u03b2\u03b5\u03c5\u03c4\u03ae\u03c2 \u03b5\u03c5\u03b5\u03be\u03af\u03b1\u03c2<\/a>!<span class=\"ez-toc-section-end\"><\/span><\/h2>\n\n\n\n<figure class=\"wp-block-image aligncenter size-large\"><a href=\"https:\/\/amakira.de\/el\/wellness-botschafter\/\" target=\"_blank\" rel=\"noreferrer noopener\"><img loading=\"lazy\" decoding=\"async\" width=\"1024\" height=\"574\" src=\"https:\/\/amakira.de\/wp-content\/uploads\/2024\/01\/image-1-1024x574.png\" alt=\"\" class=\"wp-image-1610\" srcset=\"https:\/\/amakira.de\/wp-content\/uploads\/2024\/01\/image-1-1024x574.png 1024w, https:\/\/amakira.de\/wp-content\/uploads\/2024\/01\/image-1-300x168.png 300w, https:\/\/amakira.de\/wp-content\/uploads\/2024\/01\/image-1-768x431.png 768w, https:\/\/amakira.de\/wp-content\/uploads\/2024\/01\/image-1.png 1280w\" sizes=\"auto, (max-width: 1024px) 100vw, 1024px\" \/><\/a><\/figure>\n\n\n\n<div style=\"height:100px\" aria-hidden=\"true\" class=\"wp-block-spacer\"><\/div>\n\n\n\n<h2 class=\"wp-block-heading\"><span class=\"ez-toc-section\" id=\"Schnupperkurs_gefallig\"><\/span>\u0398\u03b1 \u03b8\u03ad\u03bb\u03b1\u03c4\u03b5 \u03ad\u03bd\u03b1 \u03bc\u03ac\u03b8\u03b7\u03bc\u03b1 \u03b3\u03b5\u03c5\u03c3\u03b9\u03b3\u03bd\u03c9\u03c3\u03af\u03b1\u03c2;<span class=\"ez-toc-section-end\"><\/span><\/h2>\n\n\n\n<p>\u03a3\u03c4\u03bf <em>\u03a4\u03b7\u03bb\u03b5\u03b3\u03c1\u03ac\u03c6\u03b7\u03bc\u03b1<\/em> \u03ba\u03b1\u03b9 <em>WhatsApp<\/em> \u03a0\u03c1\u03bf\u03c3\u03c6\u03ad\u03c1\u03c9 \u03b4\u03bf\u03ba\u03b9\u03bc\u03b1\u03c3\u03c4\u03b9\u03ba\u03ac \u03bc\u03b1\u03b8\u03ae\u03bc\u03b1\u03c4\u03b1 \u03ba\u03ac\u03b8\u03b5 \u03bc\u03ae\u03bd\u03b1 \u03c0\u03b5\u03c1\u03af\u03c0\u03bf\u03c5, \u03c0\u03b1\u03c1\u03ad\u03c7\u03bf\u03bd\u03c4\u03b1\u03c2 \u03bc\u03b9\u03b1 \u03b5\u03b9\u03c3\u03b1\u03b3\u03c9\u03b3\u03ae \u03c3\u03c4\u03bf\u03bd \u03ba\u03cc\u03c3\u03bc\u03bf \u03c4\u03c9\u03bd \u03b1\u03b9\u03b8\u03ad\u03c1\u03b9\u03c9\u03bd \u03b5\u03bb\u03b1\u03af\u03c9\u03bd \u03ba\u03b1\u03b9 \u03c4\u03b7\u03bd \u03b5\u03c5\u03ba\u03b1\u03b9\u03c1\u03af\u03b1 \u03b3\u03b9\u03b1 \u03ac\u03bc\u03b5\u03c3\u03bf \u03b4\u03b9\u03ac\u03bb\u03bf\u03b3\u03bf. \u0391\u03bd \u03b8\u03ad\u03bb\u03b5\u03c4\u03b5 \u03bd\u03b1 \u03b5\u03b3\u03b3\u03c1\u03b1\u03c6\u03b5\u03af\u03c4\u03b5 \u03c3\u03b5 \u03ad\u03bd\u03b1 \u03bc\u03ac\u03b8\u03b7\u03bc\u03b1 \u03b4\u03bf\u03ba\u03b9\u03bc\u03ae\u03c2, \u03c0\u03b1\u03c1\u03b1\u03ba\u03b1\u03bb\u03ce \u03b5\u03c0\u03b9\u03ba\u03bf\u03b9\u03bd\u03c9\u03bd\u03ae\u03c3\u03c4\u03b5 \u03bc\u03b1\u03b6\u03af \u03bc\u03bf\u03c5 \u03c3\u03c4\u03bf <a href=\"mailto:info@amakira.de\" data-type=\"mailto\" data-id=\"mailto:\/\/info@amakira.de\">\u0395\u03c0\u03b9\u03ba\u03bf\u03b9\u03bd\u03c9\u03bd\u03ae\u03c3\u03c4\u03b5 \u03bc\u03b1\u03b6\u03af \u03bc\u03b1\u03c2<\/a>.<\/p>\n\n\n\n<div style=\"height:100px\" aria-hidden=\"true\" class=\"wp-block-spacer\"><\/div>\n\n\n\n<h2 class=\"wp-block-heading\"><span class=\"ez-toc-section\" id=\"Blog-Beitrage_%E2%80%93_Atherische_Ole_im_Alltag_in_Theorie_und_Praxis\"><\/span>Blog posts - \u0391\u03b9\u03b8\u03ad\u03c1\u03b9\u03b1 \u03ad\u03bb\u03b1\u03b9\u03b1 \u03c3\u03c4\u03b7\u03bd \u03ba\u03b1\u03b8\u03b7\u03bc\u03b5\u03c1\u03b9\u03bd\u03ae \u03b6\u03c9\u03ae \u03c3\u03c4\u03b7 \u03b8\u03b5\u03c9\u03c1\u03af\u03b1 \u03ba\u03b1\u03b9 \u03c4\u03b7\u03bd \u03c0\u03c1\u03ac\u03be\u03b7<span class=\"ez-toc-section-end\"><\/span><\/h2>\n\n\n\n<p><a href=\"https:\/\/amakira.de\/el\/blog-beitraege\/\" target=\"_blank\" rel=\"noreferrer noopener\">\u0395\u03b4\u03ce<\/a> \u03c0\u03b1\u03c1\u03bf\u03c5\u03c3\u03b9\u03ac\u03b6\u03bf\u03bd\u03c4\u03b1\u03b9 \u03ba\u03b1\u03c4\u03ac \u03ba\u03b1\u03b9\u03c1\u03bf\u03cd\u03c2 \u03b1\u03b9\u03b8\u03ad\u03c1\u03b9\u03b1 \u03ad\u03bb\u03b1\u03b9\u03b1, \u03c0\u03b5\u03c1\u03b9\u03b3\u03c1\u03ac\u03c6\u03bf\u03bd\u03c4\u03b1\u03b9 \u03c4\u03b1 \u03b1\u03c0\u03bf\u03c4\u03b5\u03bb\u03ad\u03c3\u03bc\u03b1\u03c4\u03ac \u03c4\u03bf\u03c5\u03c2, \u03b5\u03be\u03b7\u03b3\u03bf\u03cd\u03bd\u03c4\u03b1\u03b9 \u03b5\u03c0\u03b9\u03c3\u03c4\u03b7\u03bc\u03bf\u03bd\u03b9\u03ba\u03ad\u03c2 \u03bc\u03b5\u03bb\u03ad\u03c4\u03b5\u03c2 \u03ba\u03b1\u03b9 \u03c7\u03b7\u03bc\u03b9\u03ba\u03ad\u03c2 \u03c3\u03c7\u03ad\u03c3\u03b5\u03b9\u03c2.<\/p>","protected":false},"excerpt":{"rendered":"<p><span class=\"span-reading-time rt-reading-time\" style=\"display: block;\"><span class=\"rt-label rt-prefix\">\u03a7\u03c1\u03cc\u03bd\u03bf\u03c2 \u03b1\u03bd\u03ac\u03b3\u03bd\u03c9\u03c3\u03b7\u03c2<\/span> <span class=\"rt-time\"> 2<\/span> <span class=\"rt-label rt-postfix\">\u03bb\u03b5\u03c0\u03c4\u03ac<\/span><\/span>Die zauberhafte Welt \u00e4therischer \u00d6le fasziniert immer wieder neu. So beinhaltet beispielsweise ein einziger Tropfen Pfefferminz-\u00d6l die Wirkstoffe von 28 Tassen Pfefferminz-Tee!Manche \u00d6le m\u00fcssen sogleich vor Ort, auf dem Feld, destilliert werden, weil die das \u00d6l beinhaltenden Kapseln bereits beim Transport platzen und das \u00d6l verloren ginge. Jedes \u00e4therische \u00d6l ist absolut rein. Dies garantieren&hellip;&nbsp;<a href=\"https:\/\/amakira.de\/el\/\" class=\"\" rel=\"bookmark\">\u03a0\u03b5\u03c1\u03b9\u03c3\u03c3\u03cc\u03c4\u03b5\u03c1\u03b1 &raquo;<span class=\"screen-reader-text\">\u039a\u03b1\u03bb\u03ce\u03c2 \u03ae\u03c1\u03b8\u03b1\u03c4\u03b5 \u03c3\u03c4\u03bf\u03bd \u03ba\u03cc\u03c3\u03bc\u03bf \u03c4\u03c9\u03bd \u03b1\u03b9\u03b8\u03ad\u03c1\u03b9\u03c9\u03bd \u03b5\u03bb\u03b1\u03af\u03c9\u03bd \u03c4\u03b7\u03c2 d\u014dTerra<\/span><\/a><\/p>","protected":false},"author":1,"featured_media":0,"parent":0,"menu_order":0,"comment_status":"closed","ping_status":"closed","template":"","meta":{"_lmt_disableupdate":"no","_lmt_disable":"","neve_meta_sidebar":"","neve_meta_container":"","neve_meta_enable_content_width":"","neve_meta_content_width":0,"neve_meta_title_alignment":"","neve_meta_author_avatar":"","neve_post_elements_order":"","neve_meta_disable_header":"","neve_meta_disable_footer":"","neve_meta_disable_title":"","_themeisle_gutenberg_block_has_review":false,"footnotes":""},"class_list":["post-1599","page","type-page","status-publish","hentry"],"_links":{"self":[{"href":"https:\/\/amakira.de\/el\/wp-json\/wp\/v2\/pages\/1599","targetHints":{"allow":["GET"]}}],"collection":[{"href":"https:\/\/amakira.de\/el\/wp-json\/wp\/v2\/pages"}],"about":[{"href":"https:\/\/amakira.de\/el\/wp-json\/wp\/v2\/types\/page"}],"author":[{"embeddable":true,"href":"https:\/\/amakira.de\/el\/wp-json\/wp\/v2\/users\/1"}],"replies":[{"embeddable":true,"href":"https:\/\/amakira.de\/el\/wp-json\/wp\/v2\/comments?post=1599"}],"version-history":[{"count":26,"href":"https:\/\/amakira.de\/el\/wp-json\/wp\/v2\/pages\/1599\/revisions"}],"predecessor-version":[{"id":2137,"href":"https:\/\/amakira.de\/el\/wp-json\/wp\/v2\/pages\/1599\/revisions\/2137"}],"wp:attachment":[{"href":"https:\/\/amakira.de\/el\/wp-json\/wp\/v2\/media?parent=1599"}],"curies":[{"name":"wp","href":"https:\/\/api.w.org\/{rel}","templated":true}]}}