{"id":1631,"date":"2024-01-22T15:59:37","date_gmt":"2024-01-22T15:59:37","guid":{"rendered":"https:\/\/amakira.mx\/?page_id=1631"},"modified":"2024-01-24T10:18:22","modified_gmt":"2024-01-24T10:18:22","slug":"wellness-botschafter","status":"publish","type":"page","link":"https:\/\/amakira.de\/de_de\/wellness-botschafter\/","title":{"rendered":"&#8230; als Wellness-Botschafter"},"content":{"rendered":"<div id=\"ez-toc-container\" class=\"ez-toc-v2_0_82_2 counter-hierarchy ez-toc-counter ez-toc-grey ez-toc-container-direction\">\n<div class=\"ez-toc-title-container\">\n<p class=\"ez-toc-title\" style=\"cursor:inherit\">Inhaltsverzeichnis<\/p>\n<span class=\"ez-toc-title-toggle\"><\/span><\/div>\n<nav><ul class='ez-toc-list ez-toc-list-level-1 ' ><li class='ez-toc-page-1 ez-toc-heading-level-2'><a class=\"ez-toc-link ez-toc-heading-1\" href=\"https:\/\/amakira.de\/de_de\/wellness-botschafter\/#CPTG\" >CPTG<\/a><\/li><li class='ez-toc-page-1 ez-toc-heading-level-2'><a class=\"ez-toc-link ez-toc-heading-2\" href=\"https:\/\/amakira.de\/de_de\/wellness-botschafter\/#co-impact\" >c\u014d-impact<\/a><\/li><li class='ez-toc-page-1 ez-toc-heading-level-2'><a class=\"ez-toc-link ez-toc-heading-3\" href=\"https:\/\/amakira.de\/de_de\/wellness-botschafter\/#healing_hands\" >healing hands<\/a><\/li><li class='ez-toc-page-1 ez-toc-heading-level-2'><a class=\"ez-toc-link ez-toc-heading-4\" href=\"https:\/\/amakira.de\/de_de\/wellness-botschafter\/#Forschung_Partnerschaften\" >Forschung &amp; Partnerschaften<\/a><\/li><li class='ez-toc-page-1 ez-toc-heading-level-2'><a class=\"ez-toc-link ez-toc-heading-5\" href=\"https:\/\/amakira.de\/de_de\/wellness-botschafter\/#Kultur_Menschen_%E2%80%93_doTERRAs_bisherige_Reise\" >Kultur &amp; Menschen &#8211; d\u014dTERRAs bisherige Reise<\/a><\/li><\/ul><\/nav><\/div>\n<span class=\"span-reading-time rt-reading-time\" style=\"display: block;\"><span class=\"rt-label rt-prefix\">Lesedauer<\/span> <span class=\"rt-time\"> 2<\/span> <span class=\"rt-label rt-postfix\">Minuten<\/span><\/span>\n<p>Als Wellness-Botschafter wird man Teil der d\u014dTerra-Familie, bestehend aus vielen Teams weltweit, die Hand in Hand arbeiten, von den Erzeugern bis zu den Verbrauchern, in gegenseitigem Vertrauen und Einvernehmen, bedacht darauf, stets das Gute zu f\u00f6rdern, umsichtig und respektvoll gegen\u00fcber der Natur und Jedermann zu handeln.<\/p>\n\n\n\n<p>Lerne die f\u00fcnf Grundpfeiler der Kultur von d\u014dTerra n\u00e4her kennen!<\/p>\n\n\n\n<figure class=\"wp-block-image aligncenter size-large\"><img loading=\"lazy\" decoding=\"async\" width=\"1024\" height=\"574\" src=\"https:\/\/amakira.de\/wp-content\/uploads\/2024\/01\/image-1-1024x574.png\" alt=\"\" class=\"wp-image-1610\" srcset=\"https:\/\/amakira.de\/wp-content\/uploads\/2024\/01\/image-1-1024x574.png 1024w, https:\/\/amakira.de\/wp-content\/uploads\/2024\/01\/image-1-300x168.png 300w, https:\/\/amakira.de\/wp-content\/uploads\/2024\/01\/image-1-768x431.png 768w, https:\/\/amakira.de\/wp-content\/uploads\/2024\/01\/image-1.png 1280w\" sizes=\"auto, (max-width: 1024px) 100vw, 1024px\" \/><\/figure>\n\n\n\n<div style=\"height:100px\" aria-hidden=\"true\" class=\"wp-block-spacer\"><\/div>\n\n\n\n<h2 class=\"wp-block-heading\"><span class=\"ez-toc-section\" id=\"CPTG\"><\/span>CPTG<span class=\"ez-toc-section-end\"><\/span><\/h2>\n\n\n\n<p>Dr. David Hill, medizinisch-wissenschaftlicher  Leiter von d\u014dTerra, gibt in diesem Video einen \u00dcberblick \u00fcber das d\u014dTerra Qualit\u00e4tssiegel CPTG (Certified Pure Tested Grade). Ziel ist sicherzustellen, dass nichts in den \u00d6len enthalten ist, das nicht sein darf (sei es aus gesetzlicher oder gesundheitlicher Sicht), aber alles enthalten ist, das sein soll. Daraus folgt, dass ALLE \u00e4therischen \u00d6le f\u00fcr alle drei m\u00f6glichen Anwendungsformen zugelassen sind: die aromatische (Inhalation), topische (\u00e4u\u00dferliche) und innerliche Anwendung (Einnahme). Dennoch gibt es in der Einnahme von \u00d6len Ausnahmen, insbesondere bei \u00d6len von Nadelb\u00e4umen oder anderen sog. &#8222;hei\u00dfen&#8220; \u00d6len, die pur angewendet u.U. Reizungen hervorrufen k\u00f6nnen oder f\u00fcr Kinder bis 6 Jahren als nicht geeignet erachtet werden.<\/p>\n\n\n\n<figure class=\"wp-block-video aligncenter\"><video controls src=\"https:\/\/amakira.de\/wp-content\/uploads\/2024\/01\/doTERRA-CPTG-DE.mp4\"><\/video><\/figure>\n\n\n\n<div style=\"height:100px\" aria-hidden=\"true\" class=\"wp-block-spacer\"><\/div>\n\n\n\n<h2 class=\"wp-block-heading\"><span class=\"ez-toc-section\" id=\"co-impact\"><\/span>c\u014d-impact<span class=\"ez-toc-section-end\"><\/span><\/h2>\n\n\n\n<figure class=\"wp-block-image aligncenter size-large\"><img loading=\"lazy\" decoding=\"async\" width=\"1024\" height=\"438\" src=\"https:\/\/amakira.de\/wp-content\/uploads\/2024\/01\/image-1024x438.png\" alt=\"\" class=\"wp-image-1715\" srcset=\"https:\/\/amakira.de\/wp-content\/uploads\/2024\/01\/image-1024x438.png 1024w, https:\/\/amakira.de\/wp-content\/uploads\/2024\/01\/image-300x128.png 300w, https:\/\/amakira.de\/wp-content\/uploads\/2024\/01\/image-768x329.png 768w, https:\/\/amakira.de\/wp-content\/uploads\/2024\/01\/image.png 1100w\" sizes=\"auto, (max-width: 1024px) 100vw, 1024px\" \/><\/figure>\n\n\n\n<p>d\u014dTerra hat sich im Rahmen der Initiative <em><a href=\"https:\/\/www.doterra.com\/ME\/de_ME\/co-impact-sourcing\" target=\"_blank\" rel=\"noreferrer noopener\">Co-Impact Sourcing<\/a><\/em> verpflichtet, all jenen, die an der \u00d6l-Produktion beteiligt sind, wie Kleinbauern, Landwirte, Erntearbeiter und -helfer, sowie Destillerie-Mitarbeitern einen positiven Beitrag zu leisten. Ebenso sicherzustellen, dass diesen, gerade in Entwicklungsl\u00e4ndern oder benachteiligten Regionen, ethisch verantwortungsvoll begegnet  und geholfen wird. Es soll bewusst \u00f6kologische Verantwortung \u00fcbernommen und Initiativen zur sozialen Verantwortung umgesetzt werden.<\/p>\n\n\n\n<div style=\"height:100px\" aria-hidden=\"true\" class=\"wp-block-spacer\"><\/div>\n\n\n\n<h2 class=\"wp-block-heading\"><span class=\"ez-toc-section\" id=\"healing_hands\"><\/span>healing hands<span class=\"ez-toc-section-end\"><\/span><\/h2>\n\n\n\n<p>Die d\u014dTerra Healing Hands Foundation\u2122 ist eine amerikanische Stiftung, die in Kooperation mit lokalen und globalen Organisationen, Wellness-Botschaftern erm\u00f6glichen in Gemeinschaftsprojekten weltweit t\u00e4tig zu werden.<\/p>\n\n\n\n<p>Erkl\u00e4rte Ziele sind:<\/p>\n\n\n\n<ul class=\"wp-block-list\">\n<li>Bek\u00e4mpfung von Menschenhandel<\/li>\n\n\n\n<li>Sauberes Trinkwasser<\/li>\n\n\n\n<li>Katastrophenhilfe<\/li>\n\n\n\n<li>Empowerment von Frauen<\/li>\n\n\n\n<li>F\u00f6rderung globaler Gesundheit<\/li>\n\n\n\n<li>Unterst\u00fctzung von Kindern<\/li>\n<\/ul>\n\n\n\n<p>d\u014dTerra spendet alle Einnahmen aus bestimmten Produkten in voller H\u00f6he f\u00fcr Stiftungs-Projekte und -Initiativen in jenen L\u00e4ndern, aus denen die Produkte erworben werden.<\/p>\n\n\n\n<figure class=\"wp-block-video aligncenter\"><video controls src=\"https:\/\/amakira.de\/wp-content\/uploads\/2024\/01\/21_1201_SanaagHospital_200PVPromotion_DE.mp4\"><\/video><\/figure>\n\n\n\n<div style=\"height:100px\" aria-hidden=\"true\" class=\"wp-block-spacer\"><\/div>\n\n\n\n<h2 class=\"wp-block-heading\"><span class=\"ez-toc-section\" id=\"Forschung_Partnerschaften\"><\/span>Forschung &amp; Partnerschaften<span class=\"ez-toc-section-end\"><\/span><\/h2>\n\n\n\n<p>Forschung ist neben fach- und sachgerechten Anbau, Ernte- und Destillations-Verfahren eine der wichtigsten Komponenten in dem Herstellungsprozess hochwirksamer \u00e4therischer \u00d6le h\u00f6chster Reinheit.<br>Das Zusammenspiel der unterschiedlichen Inhaltsstoffe, die Kombination erg\u00e4nzend wirksamer Bestandteile \u00e4therischer \u00d6le anderer Pflanzen, erm\u00f6glichen die Kreation schier unglaublicher Wirkspektren, die durch wissenschaftliche Studien, auch peer reviewed, belegt sind.<\/p>\n\n\n\n<p>Partnerschaften mit Wissenschaftlern, Kliniken, Laboratorien, etc. sichern unabh\u00e4ngige Forschung und Bewertungen der Ergebnisse. Weiter sch\u00fctzen sie vor der, leider aus Gewinnsucht h\u00e4ufig praktizierten, <a href=\"https:\/\/sourcetoyou.com\/de\/adulteration\" target=\"_blank\" rel=\"noreferrer noopener\">Verf\u00e4lschung<\/a> von \u00e4therischen \u00d6len, da jegliche Komponente jenseits des rein destillierten \u00d6les unmittelbar auff\u00e4llt. Der unr\u00fchmlichen M\u00f6glichkeit begegnet d\u014dTerra bereits im Vorwege durch die intensive Betreuung der anbauenden Bauern und Landwirten, sowie \u00dcberwachung des gesamten weiteren Prozesses hinsichtlich Destillation, bis hin zur Abf\u00fcllung.<\/p>\n\n\n\n<div style=\"height:100px\" aria-hidden=\"true\" class=\"wp-block-spacer\"><\/div>\n\n\n\n<h2 class=\"wp-block-heading\"><span class=\"ez-toc-section\" id=\"Kultur_Menschen_%E2%80%93_doTERRAs_bisherige_Reise\"><\/span>Kultur &amp; Menschen &#8211; d\u014dTERRAs bisherige Reise<span class=\"ez-toc-section-end\"><\/span><\/h2>\n\n\n\n<figure class=\"wp-block-embed aligncenter is-type-video is-provider-youtube wp-block-embed-youtube wp-embed-aspect-16-9 wp-has-aspect-ratio\"><div class=\"wp-block-embed__wrapper\">\n<div class=\"nv-iframe-embed\"><iframe loading=\"lazy\" title=\"doTERRA Genesis (Translated Subtitles)\" width=\"1200\" height=\"675\" src=\"https:\/\/www.youtube.com\/embed\/6M7imUipa1M?feature=oembed\" frameborder=\"0\" allow=\"accelerometer; autoplay; clipboard-write; encrypted-media; gyroscope; picture-in-picture; web-share\" allowfullscreen><\/iframe><\/div>\n<\/div><\/figure>\n","protected":false},"excerpt":{"rendered":"<p><span class=\"span-reading-time rt-reading-time\" style=\"display: block;\"><span class=\"rt-label rt-prefix\">Lesedauer<\/span> <span class=\"rt-time\"> 2<\/span> <span class=\"rt-label rt-postfix\">Minuten<\/span><\/span>Als Wellness-Botschafter wird man Teil der d\u014dTerra-Familie, bestehend aus vielen Teams weltweit, die Hand in Hand arbeiten, von den Erzeugern bis zu den Verbrauchern, in gegenseitigem Vertrauen und Einvernehmen, bedacht darauf, stets das Gute zu f\u00f6rdern, umsichtig und respektvoll gegen\u00fcber der Natur und Jedermann zu handeln. Lerne die f\u00fcnf Grundpfeiler der Kultur von d\u014dTerra n\u00e4her&hellip;&nbsp;<a href=\"https:\/\/amakira.de\/de_de\/wellness-botschafter\/\" class=\"\" rel=\"bookmark\">Weiterlesen &raquo;<span class=\"screen-reader-text\">&#8230; als Wellness-Botschafter<\/span><\/a><\/p>\n","protected":false},"author":1,"featured_media":0,"parent":0,"menu_order":0,"comment_status":"closed","ping_status":"closed","template":"","meta":{"_lmt_disableupdate":"","_lmt_disable":"","neve_meta_sidebar":"","neve_meta_container":"","neve_meta_enable_content_width":"","neve_meta_content_width":0,"neve_meta_title_alignment":"","neve_meta_author_avatar":"","neve_post_elements_order":"","neve_meta_disable_header":"","neve_meta_disable_footer":"","neve_meta_disable_title":"","_themeisle_gutenberg_block_has_review":false,"footnotes":""},"class_list":["post-1631","page","type-page","status-publish","hentry"],"_links":{"self":[{"href":"https:\/\/amakira.de\/de_de\/wp-json\/wp\/v2\/pages\/1631","targetHints":{"allow":["GET"]}}],"collection":[{"href":"https:\/\/amakira.de\/de_de\/wp-json\/wp\/v2\/pages"}],"about":[{"href":"https:\/\/amakira.de\/de_de\/wp-json\/wp\/v2\/types\/page"}],"author":[{"embeddable":true,"href":"https:\/\/amakira.de\/de_de\/wp-json\/wp\/v2\/users\/1"}],"replies":[{"embeddable":true,"href":"https:\/\/amakira.de\/de_de\/wp-json\/wp\/v2\/comments?post=1631"}],"version-history":[{"count":18,"href":"https:\/\/amakira.de\/de_de\/wp-json\/wp\/v2\/pages\/1631\/revisions"}],"predecessor-version":[{"id":1729,"href":"https:\/\/amakira.de\/de_de\/wp-json\/wp\/v2\/pages\/1631\/revisions\/1729"}],"wp:attachment":[{"href":"https:\/\/amakira.de\/de_de\/wp-json\/wp\/v2\/media?parent=1631"}],"curies":[{"name":"wp","href":"https:\/\/api.w.org\/{rel}","templated":true}]}}