{"id":1393,"date":"2023-04-25T09:43:33","date_gmt":"2023-04-25T09:43:33","guid":{"rendered":"https:\/\/amakira.mx\/?page_id=1393"},"modified":"2023-10-18T13:37:27","modified_gmt":"2023-10-18T13:37:27","slug":"heuschnupfen-und-nun","status":"publish","type":"page","link":"https:\/\/amakira.de\/de_de\/heuschnupfen-und-nun\/","title":{"rendered":"Heuschnupfen &#8211; und nun?"},"content":{"rendered":"<div id=\"ez-toc-container\" class=\"ez-toc-v2_0_74 counter-hierarchy ez-toc-counter ez-toc-grey ez-toc-container-direction\">\n<div class=\"ez-toc-title-container\">\n<p class=\"ez-toc-title\" style=\"cursor:inherit\">Inhaltsverzeichnis<\/p>\n<span class=\"ez-toc-title-toggle\"><\/span><\/div>\n<nav><ul class='ez-toc-list ez-toc-list-level-1 ' ><li class='ez-toc-page-1 ez-toc-heading-level-2'><a class=\"ez-toc-link ez-toc-heading-1\" href=\"https:\/\/amakira.de\/de_de\/heuschnupfen-und-nun\/#Warum_ist_das_so\" >Warum ist das so?<\/a><\/li><li class='ez-toc-page-1 ez-toc-heading-level-2'><a class=\"ez-toc-link ez-toc-heading-2\" href=\"https:\/\/amakira.de\/de_de\/heuschnupfen-und-nun\/#Pharma_%E2%80%A6\" >Pharma &#8230;<\/a><\/li><li class='ez-toc-page-1 ez-toc-heading-level-2'><a class=\"ez-toc-link ez-toc-heading-3\" href=\"https:\/\/amakira.de\/de_de\/heuschnupfen-und-nun\/#%E2%80%A6_oder_Natur\" >&#8230; oder Natur<\/a><\/li><li class='ez-toc-page-1 ez-toc-heading-level-2'><a class=\"ez-toc-link ez-toc-heading-4\" href=\"https:\/\/amakira.de\/de_de\/heuschnupfen-und-nun\/#Zubereitung\" >Zubereitung<\/a><\/li><\/ul><\/nav><\/div>\n<span class=\"span-reading-time rt-reading-time\" style=\"display: block;\"><span class=\"rt-label rt-prefix\">Lesedauer<\/span> <span class=\"rt-time\"> 2<\/span> <span class=\"rt-label rt-postfix\">Minuten<\/span><\/span>\n<p>Was ist Heuschnupfen? Viele k\u00f6nnen hiervon ein Lied singen: Tr\u00e4nende Augen, ger\u00f6tete Bindehaut, Jucken, unabl\u00e4ssiges Nie\u00dfen, eine laufende Nase und dadurch gegebene Atembeschwerden sind die haupts\u00e4chlich beobachteten Symptome.<\/p>\n\n\n\n<h2 class=\"wp-block-heading\"><span class=\"ez-toc-section\" id=\"Warum_ist_das_so\"><\/span>Warum ist das so?<span class=\"ez-toc-section-end\"><\/span><\/h2>\n\n\n\n<p>Pollen sind die Ausl\u00f6ser daf\u00fcr, das ist zumeist bekannt. \u00dcber Augen- und Nasen-Schleimh\u00e4ute gelangen sie in den K\u00f6rper. <br>Die Pollen docken an Rezeptoren im Gehirn an. Ein etwas zarter besaitetes Immunsystem erkennt die Eindringlinge und schl\u00e4gt sogleich Alarm, w\u00e4hrend ein solides sich nichts weiter daraus macht, sie schlicht ignoriert.<br>Im Alarm-Fall beginnen daraufhin die Augen zu tr\u00e4nen, die Nase l\u00e4uft, beides mit dem Ziel, die Pollen gleich am Ort der Landung fortzusp\u00fclen, w\u00e4hrend das Nie\u00dfen sie mit bis zu 160 km\/h auch aus den tieferen Atemwegen hinaus katapultiert.<br><\/p>\n\n\n\n<h2 class=\"wp-block-heading\"><span class=\"ez-toc-section\" id=\"Pharma_%E2%80%A6\"><\/span>Pharma &#8230;<span class=\"ez-toc-section-end\"><\/span><\/h2>\n\n\n\n<p>Die Pharmazie hat dagegen Anti-Histaminika im Programm, die genau diese Rezeptoren besetzen. Landende Pollen finden die meisten somit bereits besetzt vor und die l\u00e4stigen Symptome bleiben weitestgehend aus. Je h\u00f6her die Dosierung, desto mehr Rezeptoren werden verl\u00e4sslich besetzt und die Symptomatik entsprechend abgeschw\u00e4cht.<br>Solche Anti-Histaminika haben i.d.R. den Nachteil, dass viele Menschen davon m\u00fcde werden, was wiederum die F\u00e4higkeit Maschinen zu bedienen oder Fahrzeuge zu f\u00fchren beeintr\u00e4chtigt, von anderen organbelastenden Nebenwirkungen abgesehen.<\/p>\n\n\n\n<h2 class=\"wp-block-heading\"><span class=\"ez-toc-section\" id=\"%E2%80%A6_oder_Natur\"><\/span>&#8230; oder Natur<span class=\"ez-toc-section-end\"><\/span><\/h2>\n\n\n\n<p>Auch \u00e4therische \u00d6le besitzen die Eigenschaft, an Rezeptoren anzudocken, jedoch nebenwirkungsfrei. So z.B. Lavendel, Pfefferminze und Zitrone.<br>Allein schon ein Riechen an \u00e4therischen \u00d6len f\u00fchrt zu einem Nachweis deren Molek\u00fcle binnen 22 Sekunden im Gehirn, zwei Minuten im Blutkreislauf und 20 Minuten in jeder K\u00f6rperzelle. Ebenso wirken sie, wenn sie auf Hautareale aufgetragen oder auch, in Kapseln eingenommen werden (sofern das jeweilige \u00e4therische \u00d6le f\u00fcr die innerliche Einnahme, also als Nahrungsmittel zugelassen ist).<\/p>\n\n\n\n<h2 class=\"wp-block-heading\"><span class=\"ez-toc-section\" id=\"Zubereitung\"><\/span>Zubereitung<span class=\"ez-toc-section-end\"><\/span><\/h2>\n\n\n\n<p>Wer also nicht der Fan der oralen Einnahme der puren Tropfen ist, kann sich eine Mischung der o.g. \u00d6le in einem Tr\u00e4ger\u00f6l, z.B. \u00d6liven-\u00d6l, das zudem entz\u00fcndungshemmend, sowie cholesterinsenkend wirkt, herstellen und diese Mischung mit einer Pipette in Kapseln verf\u00fcllen.<br>Das ist einfacher, als von jedem \u00d6l einen Tropfen in eine ge\u00f6ffnete Kapsel zu geben und dann mit Oliven\u00f6l aufzuf\u00fcllen. Zudem hat man so seine perfekte Mischung immer schon parat, wenn die vorbereiteten Kapseln zur Neige gehen.<\/p>\n\n\n\n<p>Bei den Kapseln darauf achten, dass es keine(!) magensaftresistenten sind, die ihren Inhalt erst im Darm freigeben, denn man m\u00f6chte ja, dass die Wirkung schnell eintritt.<\/p>\n","protected":false},"excerpt":{"rendered":"<p><span class=\"span-reading-time rt-reading-time\" style=\"display: block;\"><span class=\"rt-label rt-prefix\">Lesedauer<\/span> <span class=\"rt-time\"> 2<\/span> <span class=\"rt-label rt-postfix\">Minuten<\/span><\/span>Was ist Heuschnupfen? Viele k\u00f6nnen hiervon ein Lied singen: Tr\u00e4nende Augen, ger\u00f6tete Bindehaut, Jucken, unabl\u00e4ssiges Nie\u00dfen, eine laufende Nase und dadurch gegebene Atembeschwerden sind die haupts\u00e4chlich beobachteten Symptome. Warum ist das so? Pollen sind die Ausl\u00f6ser daf\u00fcr, das ist zumeist bekannt. \u00dcber Augen- und Nasen-Schleimh\u00e4ute gelangen sie in den K\u00f6rper. Die Pollen docken an Rezeptoren&hellip;&nbsp;<a href=\"https:\/\/amakira.de\/de_de\/heuschnupfen-und-nun\/\" class=\"\" rel=\"bookmark\">Weiterlesen &raquo;<span class=\"screen-reader-text\">Heuschnupfen &#8211; und nun?<\/span><\/a><\/p>\n","protected":false},"author":2,"featured_media":0,"parent":0,"menu_order":0,"comment_status":"closed","ping_status":"closed","template":"","meta":{"_lmt_disableupdate":"","_lmt_disable":"","neve_meta_sidebar":"","neve_meta_container":"","neve_meta_enable_content_width":"","neve_meta_content_width":0,"neve_meta_title_alignment":"","neve_meta_author_avatar":"","neve_post_elements_order":"","neve_meta_disable_header":"","neve_meta_disable_footer":"","neve_meta_disable_title":"","_themeisle_gutenberg_block_has_review":false,"footnotes":""},"class_list":["post-1393","page","type-page","status-publish","hentry"],"_links":{"self":[{"href":"https:\/\/amakira.de\/de_de\/wp-json\/wp\/v2\/pages\/1393","targetHints":{"allow":["GET"]}}],"collection":[{"href":"https:\/\/amakira.de\/de_de\/wp-json\/wp\/v2\/pages"}],"about":[{"href":"https:\/\/amakira.de\/de_de\/wp-json\/wp\/v2\/types\/page"}],"author":[{"embeddable":true,"href":"https:\/\/amakira.de\/de_de\/wp-json\/wp\/v2\/users\/2"}],"replies":[{"embeddable":true,"href":"https:\/\/amakira.de\/de_de\/wp-json\/wp\/v2\/comments?post=1393"}],"version-history":[{"count":6,"href":"https:\/\/amakira.de\/de_de\/wp-json\/wp\/v2\/pages\/1393\/revisions"}],"predecessor-version":[{"id":1399,"href":"https:\/\/amakira.de\/de_de\/wp-json\/wp\/v2\/pages\/1393\/revisions\/1399"}],"wp:attachment":[{"href":"https:\/\/amakira.de\/de_de\/wp-json\/wp\/v2\/media?parent=1393"}],"curies":[{"name":"wp","href":"https:\/\/api.w.org\/{rel}","templated":true}]}}