{"id":1599,"date":"2024-01-22T10:19:19","date_gmt":"2024-01-22T10:19:19","guid":{"rendered":"https:\/\/amakira.mx\/?page_id=1599"},"modified":"2025-02-05T08:48:01","modified_gmt":"2025-02-05T08:48:01","slug":"willkommen-in-der-welt-aetherischer-oele-von-doterra","status":"publish","type":"page","link":"https:\/\/amakira.de\/cs\/","title":{"rendered":"V\u00edtejte ve sv\u011bt\u011b esenci\u00e1ln\u00edch olej\u016f d\u014dTerra"},"content":{"rendered":"<div id=\"ez-toc-container\" class=\"ez-toc-v2_0_82_2 counter-hierarchy ez-toc-counter ez-toc-grey ez-toc-container-direction\">\n<div class=\"ez-toc-title-container\">\n<p class=\"ez-toc-title\" style=\"cursor:inherit\">Inhaltsverzeichnis<\/p>\n<span class=\"ez-toc-title-toggle\"><\/span><\/div>\n<nav><ul class='ez-toc-list ez-toc-list-level-1' ><li class='ez-toc-page-1 ez-toc-heading-level-2'><a class=\"ez-toc-link ez-toc-heading-1\" href=\"https:\/\/amakira.de\/cs\/#Fur_den_Eigenbedarf_%E2%80%A6\" >Pro osobn\u00ed pou\u017eit\u00ed ...<\/a><\/li><li class='ez-toc-page-1 ez-toc-heading-level-2'><a class=\"ez-toc-link ez-toc-heading-2\" href=\"https:\/\/amakira.de\/cs\/#%E2%80%A6_mit_Kunden-Vorteil_%E2%80%A6\" >&#8230; mit Kunden-Vorteil &#8230;<\/a><\/li><li class='ez-toc-page-1 ez-toc-heading-level-2'><a class=\"ez-toc-link ez-toc-heading-3\" href=\"https:\/\/amakira.de\/cs\/#%E2%80%A6_oder_als_Wellness-Botschafter\" >&#8230; oder als Wellness-Botschafter!<\/a><\/li><li class='ez-toc-page-1 ez-toc-heading-level-2'><a class=\"ez-toc-link ez-toc-heading-4\" href=\"https:\/\/amakira.de\/cs\/#Schnupperkurs_gefallig\" >M\u00e1te chu\u0165 na ochutn\u00e1vku?<\/a><\/li><li class='ez-toc-page-1 ez-toc-heading-level-2'><a class=\"ez-toc-link ez-toc-heading-5\" href=\"https:\/\/amakira.de\/cs\/#Blog-Beitrage_%E2%80%93_Atherische_Ole_im_Alltag_in_Theorie_und_Praxis\" >P\u0159\u00edsp\u011bvky na blogu - Esenci\u00e1ln\u00ed oleje v ka\u017edodenn\u00edm \u017eivot\u011b v teorii a praxi<\/a><\/li><\/ul><\/nav><\/div>\n<span class=\"span-reading-time rt-reading-time\" style=\"display: block;\"><span class=\"rt-label rt-prefix\">Doba \u010dten\u00ed<\/span> <span class=\"rt-time\"> 2<\/span> <span class=\"rt-label rt-postfix\">minuty<\/span><\/span>\n<p>Kouzeln\u00fd sv\u011bt esenci\u00e1ln\u00edch olej\u016f nep\u0159est\u00e1v\u00e1 fascinovat. Nap\u0159\u00edklad jedin\u00e1 kapka m\u00e1tov\u00e9ho oleje obsahuje \u00fa\u010dinn\u00e9 l\u00e1tky 28 \u0161\u00e1lk\u016f m\u00e1tov\u00e9ho \u010daje!<br>N\u011bkter\u00e9 oleje se mus\u00ed destilovat ihned na m\u00edst\u011b, v ter\u00e9nu, proto\u017ee kapsle s olejem by p\u0159i p\u0159eprav\u011b praskly a olej by se ztratil. Ka\u017ed\u00fd esenci\u00e1ln\u00ed olej je absolutn\u011b \u010dist\u00fd. To zaru\u010duje v\u00edce ne\u017e 50 test\u016f, od p\u016fdn\u00edch vzork\u016f a\u017e po d\u00e1vkov\u00e9 anal\u00fdzy pomoc\u00ed plynov\u00e9 chromatografie s hmotnostn\u00ed spektrometri\u00ed. Tyto anal\u00fdzy jsou k dispozici online, aby si je mohl prohl\u00e9dnout ka\u017ed\u00fd kupuj\u00edc\u00ed: ka\u017ed\u00e1 lahvi\u010dka m\u00e1 \u010d\u00edseln\u00fd k\u00f3d, kter\u00fd lze pou\u017e\u00edt pro p\u0159\u00edstup k p\u0159\u00edslu\u0161n\u00e9 anal\u00fdze. <a href=\"https:\/\/sourcetoyou.com\/de\/\" data-type=\"link\" data-id=\"https:\/\/sourcetoyou.com\/de\/\" target=\"_blank\" rel=\"noreferrer noopener\">vyhledateln\u00fd<\/a> je.<br>Sm\u011bsi olej\u016f jsou sestavov\u00e1ny podle krit\u00e9ri\u00ed specifick\u00fdch pro dan\u00fd \u00fa\u010dinek na z\u00e1klad\u011b v\u011bdeck\u00fdch publikovan\u00fdch studi\u00ed, aby byla zaji\u0161t\u011bna maxim\u00e1ln\u00ed \u00fa\u010dinnost.<br>Pokud ji\u017e nen\u00ed k dispozici po\u017eadovan\u00e1 kvalita oleje z d\u016fvodu nedostate\u010dn\u00e9 sklizn\u011b, nen\u00ed k dispozici a\u017e do p\u0159\u00ed\u0161t\u00ed sklizn\u011b. d\u014dTerra nenakupuje olej na burz\u00e1ch olej\u016f, proto\u017ee kv\u016fli m\u00edch\u00e1n\u00ed olej\u016f od r\u016fzn\u00fdch v\u00fdrobc\u016f ji\u017e nelze zjistit jejich p\u016fvod.<br>d\u014dTerra z\u00edsk\u00e1v\u00e1 \u00e9terick\u00e9 oleje v\u00fdhradn\u011b od sv\u00fdch vlastn\u00edch v\u00fdrobc\u016f, aby byla zaji\u0161t\u011bna jejich \u00fapln\u00e1 sledovatelnost.<\/p>\n\n\n\n<p><p style=\"font-family:'Brush Script MT', cursive; font-size: 3em;\">U\u017eijte si n\u00e1v\u0161t\u011bvu m\u00fdch webov\u00fdch str\u00e1nek!<\/p><\/p>\n\n\n\n<p>Sv\u00e9 obecn\u00e9 znalosti aromaterapie jsem si prohloubila d\u00e1lkov\u00fdm studiem a vyu\u017e\u00edv\u00e1m je tak\u00e9 jako mas\u00e9rka a wellness terapeutka a v r\u00e1mci programu Aroma Touch.<sup>\u00ae<\/sup> technologie. Krom\u011b r\u016fzn\u00fdch kurz\u016f nab\u00edz\u00edm tak\u00e9 osobn\u00ed online konzultace, kter\u00e9 trvaj\u00ed 45 minut.<\/p>\n\n\n\n<p>P\u0159i prvn\u00ed bezplatn\u00e9 konzultaci bych r\u00e1d navodil d\u016fv\u011brnou atmosf\u00e9ru, p\u0159edstavil se a sezn\u00e1mil se s v\u00e1mi a va\u0161imi probl\u00e9my. Jakmile nav\u00e1\u017eeme vztah a vytvo\u0159\u00edme z\u00e1klad d\u016fv\u011bry, uk\u00e1\u017eu v\u00e1m mo\u017en\u00e1 \u0159e\u0161en\u00ed a spole\u010dn\u011b vypracujeme vhodnou strategii.<\/p>\n\n\n\n<p>Krom\u011b toho z\u00edsk\u00e1te p\u0159\u00edstup ke v\u0161em dokument\u016fm a obsahu, kter\u00e9 vznikly v pr\u016fb\u011bhu spolupr\u00e1ce, abyste se k nim mohli kdykoli vr\u00e1tit a zjistit, co v\u00e1m v dan\u00e9 situaci pomohlo. To znamen\u00e1, \u017ee z na\u0161\u00ed spolupr\u00e1ce budete m\u00edt n\u011bkolikan\u00e1sobn\u00fd u\u017eitek! Samoz\u0159ejm\u011b si m\u016f\u017eete kdykoli sjednat dal\u0161\u00ed sch\u016fzku, pokud budete pot\u0159ebovat radu a podporu.<\/p>\n\n\n\n<div class=\"wp-block-buttons alignfull is-content-justification-center is-layout-flex wp-container-core-buttons-is-layout-16018d1d wp-block-buttons-is-layout-flex\">\n<div class=\"wp-block-button has-custom-width wp-block-button__width-75 is-style-primary\"><a class=\"wp-block-button__link has-background wp-element-button\" href=\"https:\/\/amakira.de\/cs\/online-termin-buchung\/\" style=\"border-style:none;border-width:0px;border-radius:0px;background-color:#598749;padding-top:var(--wp--preset--spacing--30);padding-right:0;padding-bottom:var(--wp--preset--spacing--30);padding-left:0\" target=\"_blank\" rel=\"noreferrer noopener\">Rezervujte si sch\u016fzku online<\/a><\/div>\n<\/div>\n\n\n\n<div style=\"height:100px\" aria-hidden=\"true\" class=\"wp-block-spacer\"><\/div>\n\n\n\n<figure class=\"wp-block-image wp-duotone-unset-1\"><img loading=\"lazy\" decoding=\"async\" width=\"1280\" height=\"305\" src=\"https:\/\/amakira.de\/wp-content\/uploads\/2024\/01\/Banner.webp\" alt=\"\" class=\"wp-image-1617\" srcset=\"https:\/\/amakira.de\/wp-content\/uploads\/2024\/01\/Banner.webp 1280w, https:\/\/amakira.de\/wp-content\/uploads\/2024\/01\/Banner-300x71.webp 300w, https:\/\/amakira.de\/wp-content\/uploads\/2024\/01\/Banner-1024x244.webp 1024w, https:\/\/amakira.de\/wp-content\/uploads\/2024\/01\/Banner-768x183.webp 768w\" sizes=\"auto, (max-width: 1280px) 100vw, 1280px\" \/><\/figure>\n\n\n\n<div style=\"height:100px\" aria-hidden=\"true\" class=\"wp-block-spacer\"><\/div>\n\n\n\n<div class=\"wp-block-columns is-layout-flex wp-container-core-columns-is-layout-9d6595d7 wp-block-columns-is-layout-flex\">\n<div class=\"wp-block-column is-layout-flow wp-block-column-is-layout-flow\">\n<h2 class=\"wp-block-heading\"><span class=\"ez-toc-section\" id=\"Fur_den_Eigenbedarf_%E2%80%A6\"><\/span>Pro <a href=\"https:\/\/amakira.de\/cs\/fuer-den-eigenbedarf\/\" target=\"_blank\" rel=\"noreferrer noopener\">Vlastn\u00ed pou\u017eit\u00ed<\/a> &#8230;<span class=\"ez-toc-section-end\"><\/span><\/h2>\n\n\n\n<figure class=\"wp-block-image size-full\"><a href=\"https:\/\/amakira.de\/cs\/fuer-den-eigenbedarf\/\" target=\"_blank\" rel=\"noreferrer noopener\"><img loading=\"lazy\" decoding=\"async\" width=\"1024\" height=\"463\" src=\"https:\/\/amakira.de\/wp-content\/uploads\/2024\/01\/Passion_1.webp\" alt=\"\" class=\"wp-image-1615\" srcset=\"https:\/\/amakira.de\/wp-content\/uploads\/2024\/01\/Passion_1.webp 1024w, https:\/\/amakira.de\/wp-content\/uploads\/2024\/01\/Passion_1-300x136.webp 300w, https:\/\/amakira.de\/wp-content\/uploads\/2024\/01\/Passion_1-768x347.webp 768w\" sizes=\"auto, (max-width: 1024px) 100vw, 1024px\" \/><\/a><\/figure>\n<\/div>\n\n\n\n<div class=\"wp-block-column is-layout-flow wp-block-column-is-layout-flow\">\n<h2 class=\"wp-block-heading\"><span class=\"ez-toc-section\" id=\"%E2%80%A6_mit_Kunden-Vorteil_%E2%80%A6\"><\/span>... s <a href=\"https:\/\/amakira.de\/cs\/mit-kunden-vorteil\/\" target=\"_blank\" rel=\"noreferrer noopener\">V\u00fdhoda pro z\u00e1kazn\u00edka<\/a> &#8230;<span class=\"ez-toc-section-end\"><\/span><\/h2>\n\n\n\n<figure class=\"wp-block-image size-full\"><a href=\"https:\/\/amakira.de\/cs\/mit-kunden-vorteil\/\" target=\"_blank\" rel=\"noreferrer noopener\"><img loading=\"lazy\" decoding=\"async\" width=\"1024\" height=\"463\" src=\"https:\/\/amakira.de\/wp-content\/uploads\/2024\/01\/Essentials_1.webp\" alt=\"\" class=\"wp-image-1614\" srcset=\"https:\/\/amakira.de\/wp-content\/uploads\/2024\/01\/Essentials_1.webp 1024w, https:\/\/amakira.de\/wp-content\/uploads\/2024\/01\/Essentials_1-300x136.webp 300w, https:\/\/amakira.de\/wp-content\/uploads\/2024\/01\/Essentials_1-768x347.webp 768w\" sizes=\"auto, (max-width: 1024px) 100vw, 1024px\" \/><\/a><\/figure>\n<\/div>\n<\/div>\n\n\n\n<div style=\"height:100px\" aria-hidden=\"true\" class=\"wp-block-spacer\"><\/div>\n\n\n\n<h2 class=\"wp-block-heading has-text-align-center\"><span class=\"ez-toc-section\" id=\"%E2%80%A6_oder_als_Wellness-Botschafter\"><\/span>... nebo jako <a href=\"https:\/\/amakira.de\/cs\/wellness-botschafter\/\" target=\"_blank\" rel=\"noreferrer noopener\">Velvyslanec pro wellness<\/a>!<span class=\"ez-toc-section-end\"><\/span><\/h2>\n\n\n\n<figure class=\"wp-block-image aligncenter size-large\"><a href=\"https:\/\/amakira.de\/cs\/wellness-botschafter\/\" target=\"_blank\" rel=\"noreferrer noopener\"><img loading=\"lazy\" decoding=\"async\" width=\"1024\" height=\"574\" src=\"https:\/\/amakira.de\/wp-content\/uploads\/2024\/01\/image-1-1024x574.png\" alt=\"\" class=\"wp-image-1610\" srcset=\"https:\/\/amakira.de\/wp-content\/uploads\/2024\/01\/image-1-1024x574.png 1024w, https:\/\/amakira.de\/wp-content\/uploads\/2024\/01\/image-1-300x168.png 300w, https:\/\/amakira.de\/wp-content\/uploads\/2024\/01\/image-1-768x431.png 768w, https:\/\/amakira.de\/wp-content\/uploads\/2024\/01\/image-1.png 1280w\" sizes=\"auto, (max-width: 1024px) 100vw, 1024px\" \/><\/a><\/figure>\n\n\n\n<div style=\"height:100px\" aria-hidden=\"true\" class=\"wp-block-spacer\"><\/div>\n\n\n\n<h2 class=\"wp-block-heading\"><span class=\"ez-toc-section\" id=\"Schnupperkurs_gefallig\"><\/span>M\u00e1te chu\u0165 na ochutn\u00e1vku?<span class=\"ez-toc-section-end\"><\/span><\/h2>\n\n\n\n<p>Na adrese <em>Telegram<\/em> a <em>WhatsApp<\/em> Ka\u017ed\u00fd m\u011bs\u00edc nab\u00edz\u00edm ochutn\u00e1vkov\u00e9 kurzy, kde se sezn\u00e1m\u00edte se sv\u011btem esenci\u00e1ln\u00edch olej\u016f a m\u00e1te mo\u017enost p\u0159\u00edm\u00e9ho dialogu. Pokud se chcete p\u0159ihl\u00e1sit na ochutn\u00e1vkov\u00fd kurz, kontaktujte m\u011b pros\u00edm na adrese <a href=\"mailto:info@amakira.de\" data-type=\"mailto\" data-id=\"mailto:\/\/info@amakira.de\">Kontaktujte n\u00e1s<\/a>.<\/p>\n\n\n\n<div style=\"height:100px\" aria-hidden=\"true\" class=\"wp-block-spacer\"><\/div>\n\n\n\n<h2 class=\"wp-block-heading\"><span class=\"ez-toc-section\" id=\"Blog-Beitrage_%E2%80%93_Atherische_Ole_im_Alltag_in_Theorie_und_Praxis\"><\/span>P\u0159\u00edsp\u011bvky na blogu - Esenci\u00e1ln\u00ed oleje v ka\u017edodenn\u00edm \u017eivot\u011b v teorii a praxi<span class=\"ez-toc-section-end\"><\/span><\/h2>\n\n\n\n<p><a href=\"https:\/\/amakira.de\/cs\/blog-beitraege\/\" target=\"_blank\" rel=\"noreferrer noopener\">Zde<\/a> \u00e9terick\u00e9 oleje jsou \u010das od \u010dasu prezentov\u00e1ny, jsou pops\u00e1ny jejich \u00fa\u010dinky, v\u011bdeck\u00e9 studie a vysv\u011btleny chemick\u00e9 vztahy.<\/p>","protected":false},"excerpt":{"rendered":"<p><span class=\"span-reading-time rt-reading-time\" style=\"display: block;\"><span class=\"rt-label rt-prefix\">Doba \u010dten\u00ed<\/span> <span class=\"rt-time\"> 2<\/span> <span class=\"rt-label rt-postfix\">minuty<\/span><\/span>Die zauberhafte Welt \u00e4therischer \u00d6le fasziniert immer wieder neu. So beinhaltet beispielsweise ein einziger Tropfen Pfefferminz-\u00d6l die Wirkstoffe von 28 Tassen Pfefferminz-Tee!Manche \u00d6le m\u00fcssen sogleich vor Ort, auf dem Feld, destilliert werden, weil die das \u00d6l beinhaltenden Kapseln bereits beim Transport platzen und das \u00d6l verloren ginge. Jedes \u00e4therische \u00d6l ist absolut rein. Dies garantieren&hellip;&nbsp;<a href=\"https:\/\/amakira.de\/cs\/\" class=\"\" rel=\"bookmark\">\u010c\u00edst d\u00e1le &raquo;<span class=\"screen-reader-text\">V\u00edtejte ve sv\u011bt\u011b esenci\u00e1ln\u00edch olej\u016f d\u014dTerra<\/span><\/a><\/p>","protected":false},"author":1,"featured_media":0,"parent":0,"menu_order":0,"comment_status":"closed","ping_status":"closed","template":"","meta":{"_lmt_disableupdate":"no","_lmt_disable":"","neve_meta_sidebar":"","neve_meta_container":"","neve_meta_enable_content_width":"","neve_meta_content_width":0,"neve_meta_title_alignment":"","neve_meta_author_avatar":"","neve_post_elements_order":"","neve_meta_disable_header":"","neve_meta_disable_footer":"","neve_meta_disable_title":"","_themeisle_gutenberg_block_has_review":false,"footnotes":""},"class_list":["post-1599","page","type-page","status-publish","hentry"],"_links":{"self":[{"href":"https:\/\/amakira.de\/cs\/wp-json\/wp\/v2\/pages\/1599","targetHints":{"allow":["GET"]}}],"collection":[{"href":"https:\/\/amakira.de\/cs\/wp-json\/wp\/v2\/pages"}],"about":[{"href":"https:\/\/amakira.de\/cs\/wp-json\/wp\/v2\/types\/page"}],"author":[{"embeddable":true,"href":"https:\/\/amakira.de\/cs\/wp-json\/wp\/v2\/users\/1"}],"replies":[{"embeddable":true,"href":"https:\/\/amakira.de\/cs\/wp-json\/wp\/v2\/comments?post=1599"}],"version-history":[{"count":26,"href":"https:\/\/amakira.de\/cs\/wp-json\/wp\/v2\/pages\/1599\/revisions"}],"predecessor-version":[{"id":2137,"href":"https:\/\/amakira.de\/cs\/wp-json\/wp\/v2\/pages\/1599\/revisions\/2137"}],"wp:attachment":[{"href":"https:\/\/amakira.de\/cs\/wp-json\/wp\/v2\/media?parent=1599"}],"curies":[{"name":"wp","href":"https:\/\/api.w.org\/{rel}","templated":true}]}}